{"id":24434,"date":"2025-09-11T09:07:48","date_gmt":"2025-09-11T07:07:48","guid":{"rendered":"https:\/\/www.egss.si\/?page_id=24434"},"modified":"2025-09-11T11:35:14","modified_gmt":"2025-09-11T09:35:14","slug":"to-sem-jaz","status":"publish","type":"page","link":"https:\/\/www.egss.si\/index.php\/to-sem-jaz\/","title":{"rendered":"To sem jaz"},"content":{"rendered":"<p><div class=\"fusion-fullwidth fullwidth-box fusion-builder-row-1 nonhundred-percent-fullwidth non-hundred-percent-height-scrolling\" style=\"--awb-border-radius-top-left:0px;--awb-border-radius-top-right:0px;--awb-border-radius-bottom-right:0px;--awb-border-radius-bottom-left:0px;--awb-padding-top:0px;--awb-padding-bottom:0px;--awb-background-color:#ffffff;--awb-flex-wrap:wrap;\" ><div class=\"fusion-builder-row fusion-row\"><div class=\"fusion-layout-column fusion_builder_column fusion-builder-column-0 fusion_builder_column_1_1 1_1 fusion-one-full fusion-column-first fusion-column-last\" style=\"--awb-bg-size:cover;--awb-margin-bottom:0px;\"><div class=\"fusion-column-wrapper fusion-flex-column-wrapper-legacy\"><div class=\"fusion-image-element fusion-image-align-center in-legacy-container\" style=\"text-align:center;--awb-caption-title-font-family:var(--h2_typography-font-family);--awb-caption-title-font-weight:var(--h2_typography-font-weight);--awb-caption-title-font-style:var(--h2_typography-font-style);--awb-caption-title-size:var(--h2_typography-font-size);--awb-caption-title-transform:var(--h2_typography-text-transform);--awb-caption-title-line-height:var(--h2_typography-line-height);--awb-caption-title-letter-spacing:var(--h2_typography-letter-spacing);\"><div class=\"imageframe-align-center\"><span class=\" fusion-imageframe imageframe-none imageframe-1 hover-type-none\" style=\"border-radius:5px;\"><img decoding=\"async\" width=\"1024\" height=\"158\" title=\"header_TOSEM JAZ\" src=\"https:\/\/www.egss.si\/wp-content\/uploads\/2025\/09\/header_TOSEM-JAZ-1024x158.png\" alt class=\"img-responsive wp-image-24445\" srcset=\"https:\/\/www.egss.si\/wp-content\/uploads\/2025\/09\/header_TOSEM-JAZ-200x31.png 200w, https:\/\/www.egss.si\/wp-content\/uploads\/2025\/09\/header_TOSEM-JAZ-400x62.png 400w, https:\/\/www.egss.si\/wp-content\/uploads\/2025\/09\/header_TOSEM-JAZ-600x93.png 600w, https:\/\/www.egss.si\/wp-content\/uploads\/2025\/09\/header_TOSEM-JAZ-800x124.png 800w, https:\/\/www.egss.si\/wp-content\/uploads\/2025\/09\/header_TOSEM-JAZ-1200x186.png 1200w, https:\/\/www.egss.si\/wp-content\/uploads\/2025\/09\/header_TOSEM-JAZ.png 1441w\" sizes=\"(max-width: 1050px) 100vw, 1200px\" \/><\/span><\/div><\/div><div class=\"fusion-clearfix\"><\/div><\/div><\/div><\/div><\/div><div class=\"fusion-fullwidth fullwidth-box fusion-builder-row-2 nonhundred-percent-fullwidth non-hundred-percent-height-scrolling\" style=\"--awb-border-radius-top-left:0px;--awb-border-radius-top-right:0px;--awb-border-radius-bottom-right:0px;--awb-border-radius-bottom-left:0px;--awb-padding-top:20px;--awb-flex-wrap:wrap;\" ><div class=\"fusion-builder-row fusion-row\"><div class=\"fusion-layout-column fusion_builder_column fusion-builder-column-1 fusion_builder_column_1_1 1_1 fusion-one-full fusion-column-first fusion-column-last\" style=\"--awb-bg-size:cover;\"><div class=\"fusion-column-wrapper fusion-flex-column-wrapper-legacy\"><div class=\"fusion-sep-clear\"><\/div><div class=\"fusion-separator fusion-full-width-sep\" style=\"margin-left: auto;margin-right: auto;margin-top:18px;margin-bottom:18px;width:100%;\"><\/div><div class=\"fusion-sep-clear\"><\/div><div class=\"fusion-image-element fusion-image-align-center in-legacy-container\" style=\"text-align:center;--awb-caption-title-font-family:var(--h2_typography-font-family);--awb-caption-title-font-weight:var(--h2_typography-font-weight);--awb-caption-title-font-style:var(--h2_typography-font-style);--awb-caption-title-size:var(--h2_typography-font-size);--awb-caption-title-transform:var(--h2_typography-text-transform);--awb-caption-title-line-height:var(--h2_typography-line-height);--awb-caption-title-letter-spacing:var(--h2_typography-letter-spacing);\"><div class=\"imageframe-align-center\"><span class=\" fusion-imageframe imageframe-none imageframe-2 hover-type-none\" style=\"border-radius:5px;\"><img decoding=\"async\" width=\"2560\" height=\"387\" title=\"To sem jaz RGB logo horiz slogan\" src=\"https:\/\/www.egss.si\/wp-content\/uploads\/2025\/09\/To-sem-jaz-RGB-logo-horiz-slogan-scaled.jpg\" alt class=\"img-responsive wp-image-24432\" srcset=\"https:\/\/www.egss.si\/wp-content\/uploads\/2025\/09\/To-sem-jaz-RGB-logo-horiz-slogan-200x30.jpg 200w, https:\/\/www.egss.si\/wp-content\/uploads\/2025\/09\/To-sem-jaz-RGB-logo-horiz-slogan-400x60.jpg 400w, https:\/\/www.egss.si\/wp-content\/uploads\/2025\/09\/To-sem-jaz-RGB-logo-horiz-slogan-600x91.jpg 600w, https:\/\/www.egss.si\/wp-content\/uploads\/2025\/09\/To-sem-jaz-RGB-logo-horiz-slogan-800x121.jpg 800w, https:\/\/www.egss.si\/wp-content\/uploads\/2025\/09\/To-sem-jaz-RGB-logo-horiz-slogan-1200x181.jpg 1200w, https:\/\/www.egss.si\/wp-content\/uploads\/2025\/09\/To-sem-jaz-RGB-logo-horiz-slogan-scaled.jpg 2560w\" sizes=\"(max-width: 1050px) 100vw, 1200px\" \/><\/span><\/div><\/div><div class=\"fusion-clearfix\"><\/div><\/div><\/div><div class=\"fusion-layout-column fusion_builder_column fusion-builder-column-2 fusion_builder_column_1_1 1_1 fusion-one-full fusion-column-first fusion-column-last\" style=\"--awb-bg-size:cover;\"><div class=\"fusion-column-wrapper fusion-flex-column-wrapper-legacy\"><div class=\"fusion-text fusion-text-1\" style=\"--awb-text-transform:none;\"><h1>Program To sem jaz &#8211; podpora mladim za bolj\u0161e po\u010dutje<\/h1>\n<p>Se kdaj po\u010duti\u0161 zmedeno, pod pritiskom ali preprosto potrebuje\u0161 nekoga, s komer se lahko pogovori\u0161?<br \/>\nProgram To sem jaz je tukaj zate! Nudimo anonimno in brezpla\u010dno spletno svetovanje. Strokovnjaki<br \/>\nti pomagajo bolje razumeti sebe, obvladovati stres in krepiti pomembne odnose z ljudmi v tvojem<br \/>\nokolju.<br \/>\nZa hiter dostop do svetovalnice in koristnih informacij obi\u0161\u010di spletno stran <a href=\"https:\/\/www.tosemjaz.net\/\" target=\"_blank\" rel=\"noopener\">tosemjaz.net<\/a><\/p>\n<p>Vpra\u0161aj, razi\u0161\u010di, poi\u0161\u010di pomo\u010d &#8211; tukaj smo zate!<\/p>\n<\/div><div class=\"fusion-clearfix\"><\/div><\/div><\/div><\/div><\/div><\/p>\n","protected":false},"excerpt":{"rendered":"","protected":false},"author":3,"featured_media":0,"parent":0,"menu_order":0,"comment_status":"closed","ping_status":"closed","template":"100-width.php","meta":{"_monsterinsights_skip_tracking":false,"_monsterinsights_sitenote_active":false,"_monsterinsights_sitenote_note":"","_monsterinsights_sitenote_category":0,"two_page_speed":[],"footnotes":""},"class_list":["post-24434","page","type-page","status-publish","hentry"],"_links":{"self":[{"href":"https:\/\/www.egss.si\/index.php\/wp-json\/wp\/v2\/pages\/24434","targetHints":{"allow":["GET"]}}],"collection":[{"href":"https:\/\/www.egss.si\/index.php\/wp-json\/wp\/v2\/pages"}],"about":[{"href":"https:\/\/www.egss.si\/index.php\/wp-json\/wp\/v2\/types\/page"}],"author":[{"embeddable":true,"href":"https:\/\/www.egss.si\/index.php\/wp-json\/wp\/v2\/users\/3"}],"replies":[{"embeddable":true,"href":"https:\/\/www.egss.si\/index.php\/wp-json\/wp\/v2\/comments?post=24434"}],"version-history":[{"count":6,"href":"https:\/\/www.egss.si\/index.php\/wp-json\/wp\/v2\/pages\/24434\/revisions"}],"predecessor-version":[{"id":24436,"href":"https:\/\/www.egss.si\/index.php\/wp-json\/wp\/v2\/pages\/24434\/revisions\/24436"}],"wp:attachment":[{"href":"https:\/\/www.egss.si\/index.php\/wp-json\/wp\/v2\/media?parent=24434"}],"curies":[{"name":"wp","href":"https:\/\/api.w.org\/{rel}","templated":true}]}}