{"id":23688,"date":"2025-01-28T11:01:42","date_gmt":"2025-01-28T10:01:42","guid":{"rendered":"https:\/\/www.egss.si\/?page_id=23688"},"modified":"2025-03-25T09:43:46","modified_gmt":"2025-03-25T08:43:46","slug":"piskotki","status":"publish","type":"page","link":"https:\/\/www.egss.si\/index.php\/piskotki\/","title":{"rendered":"Pi\u0161kotki"},"content":{"rendered":"<p><div class=\"fusion-fullwidth fullwidth-box fusion-builder-row-1 nonhundred-percent-fullwidth non-hundred-percent-height-scrolling\" style=\"--awb-border-radius-top-left:0px;--awb-border-radius-top-right:0px;--awb-border-radius-bottom-right:0px;--awb-border-radius-bottom-left:0px;--awb-background-color:#ffffff;--awb-flex-wrap:wrap;\" ><div class=\"fusion-builder-row fusion-row\"><div class=\"fusion-layout-column fusion_builder_column fusion-builder-column-0 fusion_builder_column_1_1 1_1 fusion-one-full fusion-column-first fusion-column-last\" style=\"--awb-bg-size:cover;--awb-margin-bottom:0px;\"><div class=\"fusion-column-wrapper fusion-flex-column-wrapper-legacy\"><div class=\"fusion-image-element fusion-image-align-center in-legacy-container\" style=\"text-align:center;--awb-caption-title-font-family:var(--h2_typography-font-family);--awb-caption-title-font-weight:var(--h2_typography-font-weight);--awb-caption-title-font-style:var(--h2_typography-font-style);--awb-caption-title-size:var(--h2_typography-font-size);--awb-caption-title-transform:var(--h2_typography-text-transform);--awb-caption-title-line-height:var(--h2_typography-line-height);--awb-caption-title-letter-spacing:var(--h2_typography-letter-spacing);\"><div class=\"imageframe-align-center\"><span class=\" fusion-imageframe imageframe-none imageframe-1 hover-type-none\" style=\"border-radius:5px;\"><img decoding=\"async\" width=\"1441\" height=\"223\" title=\"header_GDPR_informacije\" src=\"https:\/\/www.egss.si\/wp-content\/uploads\/2024\/06\/header_GDPR_informacije.png\" alt class=\"img-responsive wp-image-23062\" srcset=\"https:\/\/www.egss.si\/wp-content\/uploads\/2024\/06\/header_GDPR_informacije-200x31.png 200w, https:\/\/www.egss.si\/wp-content\/uploads\/2024\/06\/header_GDPR_informacije-400x62.png 400w, https:\/\/www.egss.si\/wp-content\/uploads\/2024\/06\/header_GDPR_informacije-600x93.png 600w, https:\/\/www.egss.si\/wp-content\/uploads\/2024\/06\/header_GDPR_informacije-800x124.png 800w, https:\/\/www.egss.si\/wp-content\/uploads\/2024\/06\/header_GDPR_informacije-1200x186.png 1200w, https:\/\/www.egss.si\/wp-content\/uploads\/2024\/06\/header_GDPR_informacije.png 1441w\" sizes=\"(max-width: 1050px) 100vw, 1200px\" \/><\/span><\/div><\/div><div class=\"fusion-clearfix\"><\/div><\/div><\/div><\/div><\/div><div class=\"fusion-fullwidth fullwidth-box fusion-builder-row-2 nonhundred-percent-fullwidth non-hundred-percent-height-scrolling\" style=\"--awb-border-radius-top-left:0px;--awb-border-radius-top-right:0px;--awb-border-radius-bottom-right:0px;--awb-border-radius-bottom-left:0px;--awb-padding-top:40px;--awb-padding-bottom:40px;--awb-flex-wrap:wrap;\" ><div class=\"fusion-builder-row fusion-row\"><div class=\"fusion-layout-column fusion_builder_column fusion-builder-column-1 fusion_builder_column_1_1 1_1 fusion-one-full fusion-column-first fusion-column-last\" style=\"--awb-bg-size:cover;\"><div class=\"fusion-column-wrapper fusion-flex-column-wrapper-legacy\"><div class=\"fusion-text fusion-text-1\"><h1><b>Spletni pi\u0161kotki<\/b><\/h1>\n<\/div><div class=\"fusion-text fusion-text-2\"><h2><strong>Kaj so pi\u0161kotki?<\/strong><\/h2>\n<p>Pi\u0161kotek je kratek tekstovni zapis (besedilo), ki ga spletna stran ob obisku po\u0161lje brskalniku. Nekateri pi\u0161kotki so nujni za delovanje spletne strani, kot so npr. pi\u0161kotki za prijavo in pi\u0161kotki za nakupovalno ko\u0161arico. Drugi pa so namenjeni izbolj\u0161avi uporabni\u0161ke izku\u0161nje pri uporabi spletne strani in se uporablja npr. za shranjevanje uporabnikovih preferenc in za spremljanje obiska na spletnem mestu, kar omogo\u010da izbolj\u0161ave uporabni\u0161ke izku\u0161nje.<\/p>\n<h2><strong>Zakaj se uporabljajo?<\/strong><\/h2>\n<p>Spletna stran zavoda uporablja pi\u0161kotke za izbolj\u0161anje va\u0161e uporabni\u0161ke izku\u0161nje. Njihova podrobna uporaba je opisana v na\u0161em <strong>Katalogu javnih informacij<\/strong> pod kategorijo <strong>Obdelava osebnih podatkov<\/strong>.<\/p>\n<h2><strong>Pi\u0161kotki, ki jih uporabljamo na tej strani<\/strong><\/h2>\n<table width=\"100%\">\n<tbody>\n<tr>\n<td><span style=\"color: #333333;\"><strong>Ime pi\u0161kotka<\/strong><\/span><\/td>\n<td width=\"350\"><span style=\"color: #333333;\"><strong>Namen<\/strong><\/span><\/td>\n<td colspan=\"2\" width=\"250\"><span style=\"color: #333333;\"><strong>Podjetje<\/strong><\/span><\/td>\n<td width=\"250\"><span style=\"color: #333333;\"><strong>\u010cas pi\u0161kotka<\/strong><\/span><\/td>\n<\/tr>\n<tr>\n<td>sejni pi\u0161kotek<\/td>\n<td colspan=\"2\" width=\"350\"><span style=\"color: #333333;\">Nujno potrebni pi\u0161kotek za delovanje spletne strani<\/span><\/td>\n<td width=\"250\"><span style=\"color: #333333;\">Pi\u0161kotek na\u0161e spletne strani<\/span><\/td>\n<td width=\"250\"><span style=\"color: #333333;\">dokler ne zaprete brskalnika<\/span><\/td>\n<\/tr>\n<tr>\n<td><span style=\"color: #333333;\">_ga<\/span><\/td>\n<td colspan=\"2\" width=\"350\"><span style=\"color: #333333;\">Statistika ogledov spletne strani<\/span><\/td>\n<td width=\"250\"><span style=\"color: #333333;\">Google Analytics<\/span><\/td>\n<td width=\"250\"><span style=\"color: #333333;\">1 leto<\/span><\/td>\n<\/tr>\n<tr>\n<td><span style=\"color: #333333;\">_ga_7LX5YP6KPX<\/span><\/td>\n<td colspan=\"2\" width=\"350\"><span style=\"color: #333333;\">Statistika ogledov spletne strani<\/span><\/td>\n<td width=\"250\"><span style=\"color: #333333;\">Google Analytics<\/span><\/td>\n<td width=\"250\"><span style=\"color: #333333;\">1 leto<\/span><\/td>\n<\/tr>\n<\/tbody>\n<\/table>\n<h2><\/h2>\n<\/div><div class=\"fusion-clearfix\"><\/div><\/div><\/div><\/div><\/div><div class=\"fusion-fullwidth fullwidth-box fusion-builder-row-3 nonhundred-percent-fullwidth non-hundred-percent-height-scrolling\" style=\"--awb-border-radius-top-left:0px;--awb-border-radius-top-right:0px;--awb-border-radius-bottom-right:0px;--awb-border-radius-bottom-left:0px;--awb-padding-top:25px;--awb-background-color:#cdcacb;--awb-flex-wrap:wrap;\" ><div class=\"fusion-builder-row fusion-row\"><div class=\"fusion-layout-column fusion_builder_column fusion-builder-column-2 fusion_builder_column_1_1 1_1 fusion-one-full fusion-column-first fusion-column-last\" style=\"--awb-bg-size:cover;\"><div class=\"fusion-column-wrapper fusion-flex-column-wrapper-legacy\"><div class=\"fusion-clearfix\"><\/div><\/div><\/div><\/div><\/div><\/p>\n","protected":false},"excerpt":{"rendered":"","protected":false},"author":1,"featured_media":0,"parent":0,"menu_order":0,"comment_status":"closed","ping_status":"closed","template":"100-width.php","meta":{"_monsterinsights_skip_tracking":false,"_monsterinsights_sitenote_active":false,"_monsterinsights_sitenote_note":"","_monsterinsights_sitenote_category":0,"two_page_speed":[],"footnotes":""},"class_list":["post-23688","page","type-page","status-publish","hentry"],"_links":{"self":[{"href":"https:\/\/www.egss.si\/index.php\/wp-json\/wp\/v2\/pages\/23688","targetHints":{"allow":["GET"]}}],"collection":[{"href":"https:\/\/www.egss.si\/index.php\/wp-json\/wp\/v2\/pages"}],"about":[{"href":"https:\/\/www.egss.si\/index.php\/wp-json\/wp\/v2\/types\/page"}],"author":[{"embeddable":true,"href":"https:\/\/www.egss.si\/index.php\/wp-json\/wp\/v2\/users\/1"}],"replies":[{"embeddable":true,"href":"https:\/\/www.egss.si\/index.php\/wp-json\/wp\/v2\/comments?post=23688"}],"version-history":[{"count":5,"href":"https:\/\/www.egss.si\/index.php\/wp-json\/wp\/v2\/pages\/23688\/revisions"}],"predecessor-version":[{"id":23916,"href":"https:\/\/www.egss.si\/index.php\/wp-json\/wp\/v2\/pages\/23688\/revisions\/23916"}],"wp:attachment":[{"href":"https:\/\/www.egss.si\/index.php\/wp-json\/wp\/v2\/media?parent=23688"}],"curies":[{"name":"wp","href":"https:\/\/api.w.org\/{rel}","templated":true}]}}