{"id":18143,"date":"2020-06-01T10:42:32","date_gmt":"2020-06-01T08:42:32","guid":{"rendered":"https:\/\/www.egss.si\/?page_id=18143"},"modified":"2020-06-02T11:13:48","modified_gmt":"2020-06-02T09:13:48","slug":"podvig","status":"publish","type":"page","link":"https:\/\/www.egss.si\/index.php\/podvig\/","title":{"rendered":"PODVIG"},"content":{"rendered":"<p><div class=\"fusion-fullwidth fullwidth-box fusion-builder-row-1 nonhundred-percent-fullwidth non-hundred-percent-height-scrolling\" style=\"--awb-border-radius-top-left:0px;--awb-border-radius-top-right:0px;--awb-border-radius-bottom-right:0px;--awb-border-radius-bottom-left:0px;--awb-padding-top:0px;--awb-padding-bottom:0px;--awb-background-color:#ffffff;--awb-flex-wrap:wrap;\" ><div class=\"fusion-builder-row fusion-row\"><div class=\"fusion-layout-column fusion_builder_column fusion-builder-column-0 fusion_builder_column_1_1 1_1 fusion-one-full fusion-column-first fusion-column-last\" style=\"--awb-bg-size:cover;--awb-margin-bottom:0px;\"><div class=\"fusion-column-wrapper fusion-flex-column-wrapper-legacy\"><div class=\"fusion-clearfix\"><\/div><\/div><\/div><\/div><\/div><div class=\"fusion-fullwidth fullwidth-box fusion-builder-row-2 nonhundred-percent-fullwidth non-hundred-percent-height-scrolling\" style=\"--awb-border-radius-top-left:0px;--awb-border-radius-top-right:0px;--awb-border-radius-bottom-right:0px;--awb-border-radius-bottom-left:0px;--awb-padding-top:20px;--awb-flex-wrap:wrap;\" ><div class=\"fusion-builder-row fusion-row\"><div class=\"fusion-layout-column fusion_builder_column fusion-builder-column-1 fusion_builder_column_1_2 1_2 fusion-one-half fusion-column-first\" style=\"--awb-bg-size:cover;width:50%;width:calc(50% - ( ( 4% ) * 0.5 ) );margin-right: 4%;\"><div class=\"fusion-column-wrapper fusion-flex-column-wrapper-legacy\"><div class=\"fusion-sep-clear\"><\/div><div class=\"fusion-separator fusion-full-width-sep\" style=\"margin-left: auto;margin-right: auto;margin-top:10px;margin-bottom:10px;width:100%;\"><\/div><div class=\"fusion-sep-clear\"><\/div><div class=\"fusion-image-element fusion-image-align-center in-legacy-container\" style=\"text-align:center;--awb-caption-title-font-family:var(--h2_typography-font-family);--awb-caption-title-font-weight:var(--h2_typography-font-weight);--awb-caption-title-font-style:var(--h2_typography-font-style);--awb-caption-title-size:var(--h2_typography-font-size);--awb-caption-title-transform:var(--h2_typography-text-transform);--awb-caption-title-line-height:var(--h2_typography-line-height);--awb-caption-title-letter-spacing:var(--h2_typography-letter-spacing);\"><div class=\"imageframe-align-center\"><span class=\" fusion-imageframe imageframe-none imageframe-1 hover-type-none\" style=\"border-radius:5px;\"><a class=\"fusion-no-lightbox\" href=\"http:\/\/www.eu-skladi.si\/\" target=\"_blank\" aria-label=\"ESS\" rel=\"noopener noreferrer\"><img decoding=\"async\" width=\"300\" height=\"145\" src=\"https:\/\/www.egss.si\/wp-content\/uploads\/2020\/05\/ESS-300x145.jpg\" alt class=\"img-responsive wp-image-18057\" srcset=\"https:\/\/www.egss.si\/wp-content\/uploads\/2020\/05\/ESS-200x97.jpg 200w, https:\/\/www.egss.si\/wp-content\/uploads\/2020\/05\/ESS-400x194.jpg 400w, https:\/\/www.egss.si\/wp-content\/uploads\/2020\/05\/ESS-600x290.jpg 600w, https:\/\/www.egss.si\/wp-content\/uploads\/2020\/05\/ESS-800x387.jpg 800w, https:\/\/www.egss.si\/wp-content\/uploads\/2020\/05\/ESS.jpg 1000w\" sizes=\"(max-width: 1050px) 100vw, 600px\" \/><\/a><\/span><\/div><\/div><div class=\"fusion-image-element fusion-image-align-center in-legacy-container\" style=\"text-align:center;--awb-caption-title-font-family:var(--h2_typography-font-family);--awb-caption-title-font-weight:var(--h2_typography-font-weight);--awb-caption-title-font-style:var(--h2_typography-font-style);--awb-caption-title-size:var(--h2_typography-font-size);--awb-caption-title-transform:var(--h2_typography-text-transform);--awb-caption-title-line-height:var(--h2_typography-line-height);--awb-caption-title-letter-spacing:var(--h2_typography-letter-spacing);\"><div class=\"imageframe-align-center\"><span class=\" fusion-imageframe imageframe-none imageframe-2 hover-type-none\" style=\"border-radius:5px;\"><a class=\"fusion-no-lightbox\" href=\"http:\/\/www.zrss.si\/\" target=\"_blank\" aria-label=\"ZRSS_barvni\" rel=\"noopener noreferrer\"><img decoding=\"async\" width=\"233\" height=\"300\" src=\"https:\/\/www.egss.si\/wp-content\/uploads\/2020\/05\/ZRSS_barvni-233x300.jpg\" alt class=\"img-responsive wp-image-18059\" srcset=\"https:\/\/www.egss.si\/wp-content\/uploads\/2020\/05\/ZRSS_barvni-200x257.jpg 200w, https:\/\/www.egss.si\/wp-content\/uploads\/2020\/05\/ZRSS_barvni-400x514.jpg 400w, https:\/\/www.egss.si\/wp-content\/uploads\/2020\/05\/ZRSS_barvni-600x771.jpg 600w, https:\/\/www.egss.si\/wp-content\/uploads\/2020\/05\/ZRSS_barvni-800x1029.jpg 800w, https:\/\/www.egss.si\/wp-content\/uploads\/2020\/05\/ZRSS_barvni-1200x1543.jpg 1200w, https:\/\/www.egss.si\/wp-content\/uploads\/2020\/05\/ZRSS_barvni.jpg 1505w\" sizes=\"(max-width: 1050px) 100vw, 600px\" \/><\/a><\/span><\/div><\/div><div class=\"fusion-image-element fusion-image-align-center in-legacy-container\" style=\"text-align:center;--awb-caption-title-font-family:var(--h2_typography-font-family);--awb-caption-title-font-weight:var(--h2_typography-font-weight);--awb-caption-title-font-style:var(--h2_typography-font-style);--awb-caption-title-size:var(--h2_typography-font-size);--awb-caption-title-transform:var(--h2_typography-text-transform);--awb-caption-title-line-height:var(--h2_typography-line-height);--awb-caption-title-letter-spacing:var(--h2_typography-letter-spacing);\"><div class=\"imageframe-align-center\"><span class=\" fusion-imageframe imageframe-none imageframe-3 hover-type-none\" style=\"border-radius:5px;\"><a class=\"fusion-no-lightbox\" href=\"http:\/\/www.mizs.gov.si\/\" target=\"_blank\" aria-label=\"MIZS\" rel=\"noopener noreferrer\"><img decoding=\"async\" width=\"300\" height=\"49\" src=\"https:\/\/www.egss.si\/wp-content\/uploads\/2020\/05\/MIZS-300x49.jpg\" alt class=\"img-responsive wp-image-18056\" srcset=\"https:\/\/www.egss.si\/wp-content\/uploads\/2020\/05\/MIZS-200x32.jpg 200w, https:\/\/www.egss.si\/wp-content\/uploads\/2020\/05\/MIZS-400x65.jpg 400w, https:\/\/www.egss.si\/wp-content\/uploads\/2020\/05\/MIZS-600x97.jpg 600w, https:\/\/www.egss.si\/wp-content\/uploads\/2020\/05\/MIZS.jpg 796w\" sizes=\"(max-width: 1050px) 100vw, 600px\" \/><\/a><\/span><\/div><\/div><div class=\"fusion-clearfix\"><\/div><\/div><\/div><div class=\"fusion-layout-column fusion_builder_column fusion-builder-column-2 fusion_builder_column_1_2 1_2 fusion-one-half fusion-column-last\" style=\"--awb-bg-size:cover;width:50%;width:calc(50% - ( ( 4% ) * 0.5 ) );\"><div class=\"fusion-column-wrapper fusion-flex-column-wrapper-legacy\"><div class=\"fusion-sep-clear\"><\/div><div class=\"fusion-separator fusion-full-width-sep\" style=\"margin-left: auto;margin-right: auto;margin-top:10px;margin-bottom:10px;width:100%;\"><\/div><div class=\"fusion-sep-clear\"><\/div><div class=\"fusion-text fusion-text-1\"><h1>PODVIG<\/h1>\n<h2>Krepitev kompetence podjetnosti in spodbujanje pro\u017enega<br \/>\nprehajanja med izobra\u017eevanjem in okoljem v gimnazijah<\/h2>\n<p>Nalo\u017ebo sofinancirata Republika Slovenija in Evropska unija iz Evropskega socialnega sklada.<\/p>\n<p><a href=\"https:\/\/www.egss.si\/wp-content\/uploads\/2020\/06\/BannerESS_PODVIG-2.jpg\"><img decoding=\"async\" class=\"alignnone size-medium wp-image-18153\" src=\"https:\/\/www.egss.si\/wp-content\/uploads\/2020\/06\/BannerESS_PODVIG-2-300x92.jpg\" alt=\"\" width=\"300\" height=\"92\" srcset=\"https:\/\/www.egss.si\/wp-content\/uploads\/2020\/06\/BannerESS_PODVIG-2-200x61.jpg 200w, https:\/\/www.egss.si\/wp-content\/uploads\/2020\/06\/BannerESS_PODVIG-2-300x92.jpg 300w, https:\/\/www.egss.si\/wp-content\/uploads\/2020\/06\/BannerESS_PODVIG-2-400x123.jpg 400w, https:\/\/www.egss.si\/wp-content\/uploads\/2020\/06\/BannerESS_PODVIG-2-600x184.jpg 600w, https:\/\/www.egss.si\/wp-content\/uploads\/2020\/06\/BannerESS_PODVIG-2.jpg 700w\" sizes=\"(max-width: 300px) 100vw, 300px\" \/><\/a><\/p>\n<p>Projekt PODVIG poteka v sodelovanju z Zavodom RS za \u0161olstvo, ki je prijavitelj projekta in koordinator konzorcijskih partnerjev. Na\u0161a \u0161ola bo v projektu sodelovala kot implementacijska A \u0161ola.<\/p>\n<h2>O projektu<\/h2>\n<p>Klju\u010dni cilj projekta je razviti in preizkusiti model celostnega razvoja kompetence podjetnosti pri dijakih skozi medpredmetno povezovanje in sodelovanje z okoljem in \u0161ir\u0161o skupnostjo. V ta namen bomo v sodelovanju z razvojnimi ter implementacijskimi gimnazijami in konzorcijskimi partnerji razvili, preizku\u0161ali in implementirali modele, ki bodo omogo\u010dali u\u010dinkovito umestitev kompetence podjetnosti v gimnazijski prostor in s pomo\u010djo katerih bodo gimnazije celovito razvijale kulturo podjetnosti v kontekstu interdisciplinarnosti in povezovanja z okoljem.<\/p>\n<p>Poseben poudarek pri projektu bo na prepoznavanju dru\u017ebenih, okoljskih, gospodarskih in osebnih izzivov in njihovem re\u0161evanju s pomo\u010djo kompetence podjetnosti v smeri iskanja trajnostnih re\u0161itev. Zato bomo razvijali pro\u017ene oblike u\u010denja, zlasti tistih, ki omogo\u010dajo sistemati\u010dno vpeljevanje in razvijanje medpredmetnih in (kros) kurikularnih povezav s poudarkom na aktivni vlogi dijakov in re\u0161evanju avtenti\u010dnih problemskih situacij ter dru\u017ebenih izzivov. Posebna pozornost bo posve\u010dena tudi razvijanju pedago\u0161kih strategij, ki spodbujajo sodelovanje ter izmenjavo izku\u0161enj, idej in inovacij ter najrazli\u010dnej\u0161e oblike mre\u017eenja.<\/p>\n<p>Finan\u010dna podpora: skupna vi\u0161ina sredstev, namenjenih za izvedbo projekta, zna\u0161a 2.700.000,00 EUR.<\/p>\n<p>Trajanje projekta: 3. 11. 2017 do 31. 8. 2022<\/p>\n<p>Ve\u010d informacij o projektu lahko najete na <a href=\"https:\/\/www.zrss.si\/objava\/projekt-podvig\" target=\"_blank\" rel=\"noopener noreferrer\">spletni strani Zavoda RS za \u0161olstvo<\/a>.<\/p>\n<\/div><div class=\"fusion-clearfix\"><\/div><\/div><\/div><\/div><\/div><\/p>\n","protected":false},"excerpt":{"rendered":"","protected":false},"author":3,"featured_media":0,"parent":0,"menu_order":0,"comment_status":"closed","ping_status":"closed","template":"100-width.php","meta":{"_monsterinsights_skip_tracking":false,"_monsterinsights_sitenote_active":false,"_monsterinsights_sitenote_note":"","_monsterinsights_sitenote_category":0,"two_page_speed":[],"footnotes":""},"class_list":["post-18143","page","type-page","status-publish","hentry"],"_links":{"self":[{"href":"https:\/\/www.egss.si\/index.php\/wp-json\/wp\/v2\/pages\/18143","targetHints":{"allow":["GET"]}}],"collection":[{"href":"https:\/\/www.egss.si\/index.php\/wp-json\/wp\/v2\/pages"}],"about":[{"href":"https:\/\/www.egss.si\/index.php\/wp-json\/wp\/v2\/types\/page"}],"author":[{"embeddable":true,"href":"https:\/\/www.egss.si\/index.php\/wp-json\/wp\/v2\/users\/3"}],"replies":[{"embeddable":true,"href":"https:\/\/www.egss.si\/index.php\/wp-json\/wp\/v2\/comments?post=18143"}],"version-history":[{"count":10,"href":"https:\/\/www.egss.si\/index.php\/wp-json\/wp\/v2\/pages\/18143\/revisions"}],"predecessor-version":[{"id":18162,"href":"https:\/\/www.egss.si\/index.php\/wp-json\/wp\/v2\/pages\/18143\/revisions\/18162"}],"wp:attachment":[{"href":"https:\/\/www.egss.si\/index.php\/wp-json\/wp\/v2\/media?parent=18143"}],"curies":[{"name":"wp","href":"https:\/\/api.w.org\/{rel}","templated":true}]}}