{"id":15623,"date":"2019-01-17T08:59:24","date_gmt":"2019-01-17T07:59:24","guid":{"rendered":"https:\/\/www.egss.si\/?page_id=15623"},"modified":"2020-02-24T10:43:57","modified_gmt":"2020-02-24T09:43:57","slug":"munera3","status":"publish","type":"page","link":"https:\/\/www.egss.si\/index.php\/munera3\/","title":{"rendered":"Projekt MUNERA 3"},"content":{"rendered":"<p><div class=\"fusion-fullwidth fullwidth-box fusion-builder-row-1 nonhundred-percent-fullwidth non-hundred-percent-height-scrolling\" style=\"--awb-border-radius-top-left:0px;--awb-border-radius-top-right:0px;--awb-border-radius-bottom-right:0px;--awb-border-radius-bottom-left:0px;--awb-padding-top:0px;--awb-padding-bottom:0px;--awb-background-color:#ffffff;--awb-flex-wrap:wrap;\" ><div class=\"fusion-builder-row fusion-row\"><div class=\"fusion-layout-column fusion_builder_column fusion-builder-column-0 fusion_builder_column_1_1 1_1 fusion-one-full fusion-column-first fusion-column-last\" style=\"--awb-bg-size:cover;--awb-margin-bottom:0px;\"><div class=\"fusion-column-wrapper fusion-flex-column-wrapper-legacy\"><div class=\"fusion-image-element fusion-image-align-center in-legacy-container\" style=\"text-align:center;--awb-caption-title-font-family:var(--h2_typography-font-family);--awb-caption-title-font-weight:var(--h2_typography-font-weight);--awb-caption-title-font-style:var(--h2_typography-font-style);--awb-caption-title-size:var(--h2_typography-font-size);--awb-caption-title-transform:var(--h2_typography-text-transform);--awb-caption-title-line-height:var(--h2_typography-line-height);--awb-caption-title-letter-spacing:var(--h2_typography-letter-spacing);\"><div class=\"imageframe-align-center\"><span class=\" fusion-imageframe imageframe-none imageframe-1 hover-type-none\" style=\"border-radius:5px;\"><img decoding=\"async\" width=\"1441\" height=\"223\" title=\"header_projekt_munera3\" src=\"https:\/\/www.egss.si\/wp-content\/uploads\/2019\/01\/header_projekt_munera3.png\" alt class=\"img-responsive wp-image-15644\" srcset=\"https:\/\/www.egss.si\/wp-content\/uploads\/2019\/01\/header_projekt_munera3-200x31.png 200w, https:\/\/www.egss.si\/wp-content\/uploads\/2019\/01\/header_projekt_munera3-400x62.png 400w, https:\/\/www.egss.si\/wp-content\/uploads\/2019\/01\/header_projekt_munera3-600x93.png 600w, https:\/\/www.egss.si\/wp-content\/uploads\/2019\/01\/header_projekt_munera3-800x124.png 800w, https:\/\/www.egss.si\/wp-content\/uploads\/2019\/01\/header_projekt_munera3-1200x186.png 1200w, https:\/\/www.egss.si\/wp-content\/uploads\/2019\/01\/header_projekt_munera3.png 1441w\" sizes=\"(max-width: 1050px) 100vw, 1200px\" \/><\/span><\/div><\/div><div class=\"fusion-clearfix\"><\/div><\/div><\/div><\/div><\/div><div class=\"fusion-fullwidth fullwidth-box fusion-builder-row-2 nonhundred-percent-fullwidth non-hundred-percent-height-scrolling\" style=\"--awb-border-radius-top-left:0px;--awb-border-radius-top-right:0px;--awb-border-radius-bottom-right:0px;--awb-border-radius-bottom-left:0px;--awb-padding-top:20px;--awb-flex-wrap:wrap;\" ><div class=\"fusion-builder-row fusion-row\"><div class=\"fusion-layout-column fusion_builder_column fusion-builder-column-1 fusion_builder_column_1_2 1_2 fusion-one-half fusion-column-first\" style=\"--awb-bg-size:cover;width:50%;width:calc(50% - ( ( 4% ) * 0.5 ) );margin-right: 4%;\"><div class=\"fusion-column-wrapper fusion-flex-column-wrapper-legacy\"><div class=\"fusion-text fusion-text-1\"><h1>PROJEKT MUNERA 3 &#8211; brezpla\u010dno usposabljanje zaposlenih<\/h1>\n<div>\n<p>Ekonomska gimnazija in srednja \u0161ola Radovljica sodeluje v projektu MUNERA 3, v katerega se je vklju\u010dila skupaj s konzorcijskimi partnerji na podlagi izbora na razpisu <em>Izvajanje programov nadaljnjega poklicnega izobra\u017eevanja in usposabljanja 2018\u20132022<\/em>. Program sofinancirata Republika Slovenija in Evropska unija iz Evropskega socialnega sklada. Program je za udele\u017eence brezpla\u010den. Ciljna skupina so zaposleni in samozaposleni.<\/p>\n<p>Omenjeni projekt nudi zaposlenim mo\u017enosti vklju\u010devanja v programe nadaljnjega poklicnega izobra\u017eevanja in usposabljanja, s ciljem izbolj\u0161anja njihovih kompetenc zaradi potreb na trgu dela, vec\u030cje zaposljivosti in mobilnosti med podroc\u030cji dela ter osebnega razvoja in delovanja v sodobni druz\u030cbi.<br \/>\nProgrami usposabljanja in izpopolnjevanja, ki jih pripravi \u0161ola in potrdi Svet \u0161ole, so namenjeni poglabljanju in raz\u0161irjanju strokovnih znanj in spretnosti ter poklicnih zmo\u017enosti.<\/p>\n<p>V \u0161olskem letu 2018\/2019 smo na Ekonomski gimnaziji in srednji \u0161oli Radovljica v okviru projekta izvajali naslednje programe usposabljanja in izpopolnjevanja:<br \/>\n\u2022 program usposabljanja KAKO RAVNATI V PRIMERU NEPREDVIDENIH SITUACIJ<br \/>\n\u2022 program usposabljanja USPE\u0160NA KOMUNIKACIJA ZA OSEBNOSTNO RAST U\u010cITELJA<\/p>\n<p>Programi usposabljanja, ki so \u0161e v pripravi, bodo po sprejemu na Svetu \u0161ole prav tako objavljeni na na\u0161i spletni strani.<\/p>\n<p>Lidija Per\u0161e, vodja projekta<\/p>\n<\/div>\n<\/div><div class=\"fusion-sep-clear\"><\/div><div class=\"fusion-separator fusion-full-width-sep\" style=\"margin-left: auto;margin-right: auto;width:100%;\"><div class=\"fusion-separator-border sep-single\" style=\"--awb-height:20px;--awb-amount:20px;border-color:#e0dede;border-top-width:1px;\"><\/div><\/div><div class=\"fusion-sep-clear\"><\/div><div class=\"fusion-text fusion-text-2\"><h1>Program usposabljanja: Obdelava digitalnega slikovnega gradiva<\/h1>\n<p><strong>\u00a0<\/strong><\/p>\n<p>V okviru projekta MUNERA 3 bomo na Ekonomski gimnaziji in srednji \u0161oli Radovljica organizirali brezpla\u010dno usposabljanje na temo obdelave digitalnega slikovnega gradiva.<\/p>\n<p>Vsebine programa so naslednje:<\/p>\n<ul>\n<li>osnovni elementi programa Adobe Photoshop<\/li>\n<li>spoznavanje orodij za upravljanje z barvami<\/li>\n<li>spoznavanje orodij za retu\u0161iranje<\/li>\n<li>spoznavanje orodij za montiranje posameznih delov slikovnega gradiva<\/li>\n<li>osnove tipografije in reprodukcije<\/li>\n<li>spoznavanje formatov datotek<\/li>\n<li>priprava slikovnega gradiva za splet in tisk<\/li>\n<\/ul>\n<p>Za\u010detek: 9. marec 2020 ob 17. uri<\/p>\n<p>Trajanje: 40 ur (10 sre\u010danj)<\/p>\n<p>Termin: 2-krat tedensko (ponedeljek in sreda)<\/p>\n<p>Pogoja: zaposlena oseba in osnovno poznavanje ra\u010dunalni\u0161kih sistemov<\/p>\n<p>Kontakt: Lidija Per\u0161e, koordinatorica projekta \u2013 <a href=\"mailto:lidija.perse@egss.si\">lidija.perse@egss.si<\/a><\/p>\n<p>Prijave: do \u010detrtka, 5. marca 2020<\/p>\n<\/div><div class=\"fusion-sep-clear\"><\/div><div class=\"fusion-separator fusion-full-width-sep\" style=\"margin-left: auto;margin-right: auto;width:100%;\"><div class=\"fusion-separator-border sep-single\" style=\"--awb-height:20px;--awb-amount:20px;border-color:#e0dede;border-top-width:1px;\"><\/div><\/div><div class=\"fusion-sep-clear\"><\/div><div class=\"fusion-text fusion-text-3\"><h1>Program usposabljanja: Obdelava digitalnega slikovnega gradiva<\/h1>\n<p><strong>\u00a0<\/strong><\/p>\n<p>V okviru projekta MUNERA 3 bomo na Ekonomski gimnaziji in srednji \u0161oli Radovljica organizirali brezpla\u010dno usposabljanje na temo obdelave digitalnega slikovnega gradiva.<\/p>\n<p>Vsebine programa so naslednje:<\/p>\n<ul>\n<li>osnovni elementi programa Adobe Photoshop<\/li>\n<li>spoznavanje orodij za upravljanje z barvami<\/li>\n<li>spoznavanje orodij za retu\u0161iranje<\/li>\n<li>spoznavanje orodij za montiranje posameznih delov slikovnega gradiva<\/li>\n<li>osnove tipografije in reprodukcije<\/li>\n<li>spoznavanje formatov datotek<\/li>\n<li>priprava slikovnega gradiva za splet in tisk<\/li>\n<\/ul>\n<p>Za\u010detek: 4. november 2019 ob 17. uri<\/p>\n<p>Trajanje: 40 ur (10 sre\u010danj)<\/p>\n<p>Termin: 2-krat tedensko (ponedeljek in sreda)<\/p>\n<p>Pogoja: zaposlena oseba in osnovno poznavanje ra\u010dunalni\u0161kih sistemov<\/p>\n<p>Kontakt: Lidija Per\u0161e, koordinatorica projekta \u2013 <a href=\"mailto:lidija.perse@egss.si\">lidija.perse@egss.si<\/a><\/p>\n<p>Prijave: do \u010detrtka, 24. 10. 2019<\/p>\n<\/div><div class=\"fusion-sep-clear\"><\/div><div class=\"fusion-separator fusion-full-width-sep\" style=\"margin-left: auto;margin-right: auto;width:100%;\"><div class=\"fusion-separator-border sep-single\" style=\"--awb-height:20px;--awb-amount:20px;border-color:#e0dede;border-top-width:1px;\"><\/div><\/div><div class=\"fusion-sep-clear\"><\/div><div class=\"fusion-text fusion-text-4\"><h1>\u0160olsko leto 2019\/20<\/h1>\n<\/div><div class=\"fusion-sep-clear\"><\/div><div class=\"fusion-separator fusion-full-width-sep\" style=\"margin-left: auto;margin-right: auto;width:100%;\"><div class=\"fusion-separator-border sep-single\" style=\"--awb-height:20px;--awb-amount:20px;border-color:#e0dede;border-top-width:1px;\"><\/div><\/div><div class=\"fusion-sep-clear\"><\/div><div class=\"fusion-text fusion-text-5\"><h1>Program usposabljanja: Oblikovanje spletnih strani ter grafi\u010dno oblikovanje<\/h1>\n<p>V okviru projekta MUNERA 3 bomo na Ekonomski gimnaziji in srednji \u0161oli Radovljica organizirali brezpla\u010dno usposabljanje na temo oblikovanja spletnih strani ter grafi\u010dnega oblikovanja.<\/p>\n<p>Vsebine programa:<\/p>\n<ul>\n<li>izdelava in oblikovanje spletne strani,<\/li>\n<li>odzivna spletna stran za telefone,<\/li>\n<li>kontaktni obrazec,<\/li>\n<li>izdelava in oblikovanje poslovne vizitke,<\/li>\n<li>osnovni elementi programa Adobe Illustrator,<\/li>\n<li>spoznavanje orodij za tekst,<\/li>\n<li>osnove tipografije in reprodukcije,<\/li>\n<li>spoznavanje formatov datotek,<\/li>\n<li>priprava plakata za tisk.<\/li>\n<\/ul>\n<p>Za\u010detek: 4. marec 2019<\/p>\n<p>Trajanje: 50 ur (10 sre\u010danj)<\/p>\n<p>Termin: ponedeljek in sreda<\/p>\n<p>Pogoja:<\/p>\n<p>a) zaposlena oseba<\/p>\n<p>b) osnovno poznavanje ra\u010dunalni\u0161kih sistemov<\/p>\n<p>Kontakt: Lidija Per\u0161e, koordinatorica projekta:\u00a0<a href=\"mailto:lidija.perse@egss.si\">lidija.perse@egss.si<\/a><\/p>\n<p>Prijave: do 22. 2. 2019<\/p>\n<\/div><div class=\"fusion-clearfix\"><\/div><\/div><\/div><div class=\"fusion-layout-column fusion_builder_column fusion-builder-column-2 fusion_builder_column_1_2 1_2 fusion-one-half fusion-column-last\" style=\"--awb-bg-size:cover;width:50%;width:calc(50% - ( ( 4% ) * 0.5 ) );\"><div class=\"fusion-column-wrapper fusion-flex-column-wrapper-legacy\"><div class=\"fusion-sep-clear\"><\/div><div class=\"fusion-separator fusion-full-width-sep\" style=\"margin-left: auto;margin-right: auto;margin-top:18px;margin-bottom:18px;width:100%;\"><\/div><div class=\"fusion-sep-clear\"><\/div><div class=\"fusion-image-element fusion-image-align-center in-legacy-container\" style=\"text-align:center;--awb-caption-title-font-family:var(--h2_typography-font-family);--awb-caption-title-font-weight:var(--h2_typography-font-weight);--awb-caption-title-font-style:var(--h2_typography-font-style);--awb-caption-title-size:var(--h2_typography-font-size);--awb-caption-title-transform:var(--h2_typography-text-transform);--awb-caption-title-line-height:var(--h2_typography-line-height);--awb-caption-title-letter-spacing:var(--h2_typography-letter-spacing);\"><div class=\"imageframe-align-center\"><span class=\" fusion-imageframe imageframe-none imageframe-2 hover-type-none\" style=\"border-radius:5px;\"><img decoding=\"async\" width=\"300\" height=\"145\" title=\"Logo_EKP_socialni_sklad_SLO_slogan\" src=\"http:\/\/www.egss.si\/wp-content\/uploads\/2018\/07\/Logo_EKP_socialni_sklad_SLO_slogan-300x145.jpg\" alt class=\"img-responsive wp-image-14636\" srcset=\"https:\/\/www.egss.si\/wp-content\/uploads\/2018\/07\/Logo_EKP_socialni_sklad_SLO_slogan-200x97.jpg 200w, https:\/\/www.egss.si\/wp-content\/uploads\/2018\/07\/Logo_EKP_socialni_sklad_SLO_slogan-400x194.jpg 400w, https:\/\/www.egss.si\/wp-content\/uploads\/2018\/07\/Logo_EKP_socialni_sklad_SLO_slogan-600x290.jpg 600w, https:\/\/www.egss.si\/wp-content\/uploads\/2018\/07\/Logo_EKP_socialni_sklad_SLO_slogan-800x387.jpg 800w, https:\/\/www.egss.si\/wp-content\/uploads\/2018\/07\/Logo_EKP_socialni_sklad_SLO_slogan.jpg 1000w\" sizes=\"(max-width: 1050px) 100vw, 600px\" \/><\/span><\/div><\/div><div class=\"fusion-image-element fusion-image-align-center in-legacy-container\" style=\"text-align:center;--awb-caption-title-font-family:var(--h2_typography-font-family);--awb-caption-title-font-weight:var(--h2_typography-font-weight);--awb-caption-title-font-style:var(--h2_typography-font-style);--awb-caption-title-size:var(--h2_typography-font-size);--awb-caption-title-transform:var(--h2_typography-text-transform);--awb-caption-title-line-height:var(--h2_typography-line-height);--awb-caption-title-letter-spacing:var(--h2_typography-letter-spacing);\"><div class=\"imageframe-align-center\"><span class=\" fusion-imageframe imageframe-none imageframe-3 hover-type-none\" style=\"border-radius:5px;\"><img decoding=\"async\" width=\"300\" height=\"194\" title=\"00 MIZS_slo\" src=\"http:\/\/www.egss.si\/wp-content\/uploads\/2018\/06\/00-MIZS_slo-300x194.jpg\" alt class=\"img-responsive wp-image-13176\" srcset=\"https:\/\/www.egss.si\/wp-content\/uploads\/2018\/06\/00-MIZS_slo-200x129.jpg 200w, https:\/\/www.egss.si\/wp-content\/uploads\/2018\/06\/00-MIZS_slo-400x259.jpg 400w, https:\/\/www.egss.si\/wp-content\/uploads\/2018\/06\/00-MIZS_slo.jpg 518w\" sizes=\"(max-width: 1050px) 100vw, 300px\" \/><\/span><\/div><\/div><div class=\"fusion-clearfix\"><\/div><\/div><\/div><\/div><\/div><\/p>\n","protected":false},"excerpt":{"rendered":"","protected":false},"author":2,"featured_media":0,"parent":0,"menu_order":0,"comment_status":"closed","ping_status":"closed","template":"100-width.php","meta":{"_monsterinsights_skip_tracking":false,"_monsterinsights_sitenote_active":false,"_monsterinsights_sitenote_note":"","_monsterinsights_sitenote_category":0,"two_page_speed":[],"footnotes":""},"class_list":["post-15623","page","type-page","status-publish","hentry"],"_links":{"self":[{"href":"https:\/\/www.egss.si\/index.php\/wp-json\/wp\/v2\/pages\/15623","targetHints":{"allow":["GET"]}}],"collection":[{"href":"https:\/\/www.egss.si\/index.php\/wp-json\/wp\/v2\/pages"}],"about":[{"href":"https:\/\/www.egss.si\/index.php\/wp-json\/wp\/v2\/types\/page"}],"author":[{"embeddable":true,"href":"https:\/\/www.egss.si\/index.php\/wp-json\/wp\/v2\/users\/2"}],"replies":[{"embeddable":true,"href":"https:\/\/www.egss.si\/index.php\/wp-json\/wp\/v2\/comments?post=15623"}],"version-history":[{"count":8,"href":"https:\/\/www.egss.si\/index.php\/wp-json\/wp\/v2\/pages\/15623\/revisions"}],"predecessor-version":[{"id":17818,"href":"https:\/\/www.egss.si\/index.php\/wp-json\/wp\/v2\/pages\/15623\/revisions\/17818"}],"wp:attachment":[{"href":"https:\/\/www.egss.si\/index.php\/wp-json\/wp\/v2\/media?parent=15623"}],"curies":[{"name":"wp","href":"https:\/\/api.w.org\/{rel}","templated":true}]}}