{"id":15312,"date":"2019-01-12T13:07:55","date_gmt":"2019-01-12T12:07:55","guid":{"rendered":"http:\/\/www.egss.si\/?page_id=15312"},"modified":"2025-05-23T08:08:44","modified_gmt":"2025-05-23T06:08:44","slug":"varna-mobilnost","status":"publish","type":"page","link":"https:\/\/www.egss.si\/index.php\/varna-mobilnost\/","title":{"rendered":"Projekt Varna mobilnost"},"content":{"rendered":"<p><div class=\"fusion-fullwidth fullwidth-box fusion-builder-row-1 nonhundred-percent-fullwidth non-hundred-percent-height-scrolling\" style=\"--awb-border-radius-top-left:0px;--awb-border-radius-top-right:0px;--awb-border-radius-bottom-right:0px;--awb-border-radius-bottom-left:0px;--awb-padding-top:0px;--awb-padding-bottom:0px;--awb-background-color:#ffffff;--awb-flex-wrap:wrap;\" ><div class=\"fusion-builder-row fusion-row\"><div class=\"fusion-layout-column fusion_builder_column fusion-builder-column-0 fusion_builder_column_1_1 1_1 fusion-one-full fusion-column-first fusion-column-last\" style=\"--awb-bg-size:cover;--awb-margin-bottom:0px;\"><div class=\"fusion-column-wrapper fusion-flex-column-wrapper-legacy\"><div class=\"fusion-image-element fusion-image-align-center in-legacy-container\" style=\"text-align:center;--awb-caption-title-font-family:var(--h2_typography-font-family);--awb-caption-title-font-weight:var(--h2_typography-font-weight);--awb-caption-title-font-style:var(--h2_typography-font-style);--awb-caption-title-size:var(--h2_typography-font-size);--awb-caption-title-transform:var(--h2_typography-text-transform);--awb-caption-title-line-height:var(--h2_typography-line-height);--awb-caption-title-letter-spacing:var(--h2_typography-letter-spacing);\"><div class=\"imageframe-align-center\"><span class=\" fusion-imageframe imageframe-none imageframe-1 hover-type-none\" style=\"border-radius:5px;\"><img decoding=\"async\" width=\"1291\" height=\"200\" title=\"header_VARNA MOBILNOST\" src=\"http:\/\/www.egss.si\/wp-content\/uploads\/2019\/01\/header_VARNA-MOBILNOST.png\" alt class=\"img-responsive wp-image-15193\" srcset=\"https:\/\/www.egss.si\/wp-content\/uploads\/2019\/01\/header_VARNA-MOBILNOST-200x31.png 200w, https:\/\/www.egss.si\/wp-content\/uploads\/2019\/01\/header_VARNA-MOBILNOST-400x62.png 400w, https:\/\/www.egss.si\/wp-content\/uploads\/2019\/01\/header_VARNA-MOBILNOST-600x93.png 600w, https:\/\/www.egss.si\/wp-content\/uploads\/2019\/01\/header_VARNA-MOBILNOST-800x124.png 800w, https:\/\/www.egss.si\/wp-content\/uploads\/2019\/01\/header_VARNA-MOBILNOST-1200x186.png 1200w, https:\/\/www.egss.si\/wp-content\/uploads\/2019\/01\/header_VARNA-MOBILNOST.png 1291w\" sizes=\"(max-width: 1050px) 100vw, 1200px\" \/><\/span><\/div><\/div><div class=\"fusion-clearfix\"><\/div><\/div><\/div><\/div><\/div><div class=\"fusion-fullwidth fullwidth-box fusion-builder-row-2 nonhundred-percent-fullwidth non-hundred-percent-height-scrolling\" style=\"--awb-border-radius-top-left:0px;--awb-border-radius-top-right:0px;--awb-border-radius-bottom-right:0px;--awb-border-radius-bottom-left:0px;--awb-padding-top:27px;--awb-flex-wrap:wrap;\" ><div class=\"fusion-builder-row fusion-row\"><div class=\"fusion-layout-column fusion_builder_column fusion-builder-column-1 fusion_builder_column_2_3 2_3 fusion-two-third fusion-column-first\" style=\"--awb-padding-top:20px;--awb-padding-bottom:20px;--awb-bg-size:cover;width:66.666666666667%;width:calc(66.666666666667% - ( ( 4% ) * 0.66666666666667 ) );margin-right: 4%;\"><div class=\"fusion-column-wrapper fusion-flex-column-wrapper-legacy\"><div class=\"fusion-text fusion-text-1\"><p>VARNA MOBILNOST je sodoben na\u010din \u017eivljenja in dela v vrtcih in \u0161olah, ki spodbuja in krepi ve\u0161\u010dine za kulturo vedenja v prometu, zdrav na\u010din \u017eivljenja, odnos do okolja ter ekonomi\u010dnost vlog udele\u017eencev v prometu.<\/p>\n<p>PROMETNA VZGOJA je na\u010drtovana in celovita vzgoja in izobra\u017eevanje za varno udele\u017ebo v prometu.<\/p>\n<p>V okviru projekta se na srednjih \u0161olah na\u010drtuje ustanovitev kluba Dijaki za varno mobilnost. V klubu bodo dijaki opravljali razli\u010dne preventivne aktivnosti s ciljem razvijanja kompetence varne mobilnosti, predstavljali bodo svoje dose\u017eke na podro\u010dju varne mobilnosti in se medsebojno povezovali z namenom \u0161irjenja znanja in izku\u0161enj. Aktivnosti bodo izvajali in koordinirali razli\u010dni potencialni partnerji. Dijaki se bodo v aktivnosti vklju\u010devali in delovali tudi s pomo\u010djo dru\u017eabnih omre\u017eij. Na \u0161oli bo aktivnosti usmerjal u\u010ditelj koordinator.<\/p>\n<p>Partnerji pri projektu so: Javna agencija RS za varnost prometa, policija, Ministrstvo za infrastrukturo, nevladne organizacije in dru\u0161tva (Rde\u010di kri\u017e Slovenije, Zavod Varna pot, Zavod Vozim, Z\u0160AM, Avto moto zveza Slovenije, centri varne vo\u017enje, Zveza \u0161oferjev amaterjev Slovenije), Organizacija NERVteh.<\/p>\n<\/div><div class=\"fusion-clearfix\"><\/div><\/div><\/div><div class=\"fusion-layout-column fusion_builder_column fusion-builder-column-2 fusion_builder_column_1_3 1_3 fusion-one-third fusion-column-last\" style=\"--awb-bg-size:cover;width:33.333333333333%;width:calc(33.333333333333% - ( ( 4% ) * 0.33333333333333 ) );\"><div class=\"fusion-column-wrapper fusion-flex-column-wrapper-legacy\"><div class=\"fusion-sep-clear\"><\/div><div class=\"fusion-separator fusion-full-width-sep\" style=\"margin-left: auto;margin-right: auto;margin-top:10px;margin-bottom:10px;width:100%;\"><\/div><div class=\"fusion-sep-clear\"><\/div><div class=\"fusion-image-element in-legacy-container\" style=\"--awb-caption-title-font-family:var(--h2_typography-font-family);--awb-caption-title-font-weight:var(--h2_typography-font-weight);--awb-caption-title-font-style:var(--h2_typography-font-style);--awb-caption-title-size:var(--h2_typography-font-size);--awb-caption-title-transform:var(--h2_typography-text-transform);--awb-caption-title-line-height:var(--h2_typography-line-height);--awb-caption-title-letter-spacing:var(--h2_typography-letter-spacing);\"><span class=\" fusion-imageframe imageframe-none imageframe-2 hover-type-none\" style=\"border-radius:5px;\"><img decoding=\"async\" width=\"150\" height=\"54\" title=\"00 MIZS_slo_mali\" src=\"http:\/\/www.egss.si\/wp-content\/uploads\/2018\/07\/00-MIZS_slo_mali-150x54.jpg\" alt class=\"img-responsive wp-image-14327\"\/><\/span><\/div><div class=\"fusion-sep-clear\"><\/div><div class=\"fusion-separator fusion-full-width-sep\" style=\"margin-left: auto;margin-right: auto;margin-top:20px;margin-bottom:20px;width:100%;\"><\/div><div class=\"fusion-sep-clear\"><\/div><div class=\"fusion-image-element in-legacy-container\" style=\"--awb-caption-title-font-family:var(--h2_typography-font-family);--awb-caption-title-font-weight:var(--h2_typography-font-weight);--awb-caption-title-font-style:var(--h2_typography-font-style);--awb-caption-title-size:var(--h2_typography-font-size);--awb-caption-title-transform:var(--h2_typography-text-transform);--awb-caption-title-line-height:var(--h2_typography-line-height);--awb-caption-title-letter-spacing:var(--h2_typography-letter-spacing);\"><span class=\" fusion-imageframe imageframe-none imageframe-3 hover-type-none\" style=\"border-radius:5px;\"><img decoding=\"async\" width=\"140\" height=\"150\" title=\"ZAVOD ZA \u0160OLSTVO\" src=\"http:\/\/www.egss.si\/wp-content\/uploads\/2018\/07\/ZAVOD-ZA-\u0160OLSTVO-140x150.jpg\" alt class=\"img-responsive wp-image-14323\"\/><\/span><\/div><div class=\"fusion-clearfix\"><\/div><\/div><\/div><\/div><\/div><div class=\"fusion-fullwidth fullwidth-box fusion-builder-row-3 fusion-flex-container has-pattern-background has-mask-background nonhundred-percent-fullwidth non-hundred-percent-height-scrolling\" style=\"--awb-border-radius-top-left:0px;--awb-border-radius-top-right:0px;--awb-border-radius-bottom-right:0px;--awb-border-radius-bottom-left:0px;--awb-flex-wrap:wrap;\" ><div class=\"fusion-builder-row fusion-row fusion-flex-align-items-flex-start fusion-flex-content-wrap\" style=\"max-width:1216.8px;margin-left: calc(-4% \/ 2 );margin-right: calc(-4% \/ 2 );\"><div class=\"fusion-layout-column fusion_builder_column fusion-builder-column-3 fusion_builder_column_1_1 1_1 fusion-flex-column\" style=\"--awb-bg-size:cover;--awb-width-large:100%;--awb-margin-top-large:0px;--awb-spacing-right-large:1.92%;--awb-margin-bottom-large:20px;--awb-spacing-left-large:1.92%;--awb-width-medium:100%;--awb-order-medium:0;--awb-spacing-right-medium:1.92%;--awb-spacing-left-medium:1.92%;--awb-width-small:100%;--awb-order-small:0;--awb-spacing-right-small:1.92%;--awb-spacing-left-small:1.92%;\"><div class=\"fusion-column-wrapper fusion-column-has-shadow fusion-flex-justify-content-flex-start fusion-content-layout-column\"><div class=\"fusion-text fusion-text-2\"><h1>Varna mobilnost<\/h1>\n<p>Pri projektu Varna mobilnost \u017eal delavnica letos zaradi izrednih razmer in \u0161olanja na daljavo ni bila izvedena, zato smo se odlo\u010dili, da posnamemo <a href=\"https:\/\/l.facebook.com\/l.php?u=https%3A%2F%2Fwww.youtube.com%2Fwatch%3Fv%3DMwe-L5YLYqg&amp;h=AT2wN8X8OVNtzsGvMDRqOP_UdKoCBGgI3utQ7h5wBu9Xej9poY3hVDbghnx4a_wz0lZrFawdzaoPfQKbEN3lDieaukRXWcuyfF5Wt48u1TgwfZq5f_JL6zY829k-zu5OaZ20_JeDhtEW8lpC_DLqIAbC3sPoMBTjmYO09-cwK7serPjfwuTyU8tYwxUZTATGQ1lLdQdIouyu6qLwAhpAECzzG9BJnPbpTafgsPAsOVcamIIUzNw0idYchTkQkBcdulmgUmVO9y3_HSPAodN8BDIGM6mwSsW4APJmOZFkYLohy_Fzo_gzy0wwIMmGWlzMDnMLEfJZ8huCkF-vFy-tnQjEK2S0G_p80wA5a1bQhCcCMU4RtrpoXLAl8EcfYXpSN58P6oc9zcW7QIgOfeYYPFQZJTBcxR7p1zOUyg8Ub-NnT9vFiWnvqy8j9iI9UoUXpJC9JhwWXOPlLUviwGGWUR8eeZxfmlYpqwUHUGcjeCKrAyVSWwzRpoc1i0az0Lk52ZSJ_prU1zRfCZB0Vi_K3WmvMJkWuf_aKG-4veim8kIxYwSPswLakYZGjRAkpMY_HybsTc_2XIG79I2M_Mq3VCMaokHgSxZBFGwIHw\" target=\"_blank\" rel=\"noopener\">oglas<\/a>.<\/p>\n<p>Bodite varni!<\/p>\n<p><img decoding=\"async\" class=\"alignnone size-medium wp-image-19070\" src=\"https:\/\/www.egss.si\/wp-content\/uploads\/2021\/02\/Vzgoja_v_prometu-300x156.jpg\" alt=\"\" width=\"300\" height=\"156\" srcset=\"https:\/\/www.egss.si\/wp-content\/uploads\/2021\/02\/Vzgoja_v_prometu-200x104.jpg 200w, https:\/\/www.egss.si\/wp-content\/uploads\/2021\/02\/Vzgoja_v_prometu-300x156.jpg 300w, https:\/\/www.egss.si\/wp-content\/uploads\/2021\/02\/Vzgoja_v_prometu-400x208.jpg 400w, https:\/\/www.egss.si\/wp-content\/uploads\/2021\/02\/Vzgoja_v_prometu.jpg 476w\" sizes=\"(max-width: 300px) 100vw, 300px\" \/><\/p>\n<p>Nika Brgant, mentorica PO\u0160<\/p>\n<\/div><\/div><\/div><\/div><\/div><div class=\"fusion-fullwidth fullwidth-box fusion-builder-row-4 nonhundred-percent-fullwidth non-hundred-percent-height-scrolling\" style=\"--awb-border-radius-top-left:0px;--awb-border-radius-top-right:0px;--awb-border-radius-bottom-right:0px;--awb-border-radius-bottom-left:0px;--awb-flex-wrap:wrap;\" ><div class=\"fusion-builder-row fusion-row\"><div class=\"fusion-layout-column fusion_builder_column fusion-builder-column-4 fusion_builder_column_1_1 1_1 fusion-one-full fusion-column-first fusion-column-last\" style=\"--awb-bg-size:cover;\"><div class=\"fusion-column-wrapper fusion-flex-column-wrapper-legacy\"><div class=\"fusion-clearfix\"><\/div><\/div><\/div><\/div><\/div><\/p>\n","protected":false},"excerpt":{"rendered":"","protected":false},"author":3,"featured_media":0,"parent":0,"menu_order":0,"comment_status":"closed","ping_status":"closed","template":"100-width.php","meta":{"_monsterinsights_skip_tracking":false,"_monsterinsights_sitenote_active":false,"_monsterinsights_sitenote_note":"","_monsterinsights_sitenote_category":0,"two_page_speed":[],"footnotes":""},"class_list":["post-15312","page","type-page","status-publish","hentry"],"_links":{"self":[{"href":"https:\/\/www.egss.si\/index.php\/wp-json\/wp\/v2\/pages\/15312","targetHints":{"allow":["GET"]}}],"collection":[{"href":"https:\/\/www.egss.si\/index.php\/wp-json\/wp\/v2\/pages"}],"about":[{"href":"https:\/\/www.egss.si\/index.php\/wp-json\/wp\/v2\/types\/page"}],"author":[{"embeddable":true,"href":"https:\/\/www.egss.si\/index.php\/wp-json\/wp\/v2\/users\/3"}],"replies":[{"embeddable":true,"href":"https:\/\/www.egss.si\/index.php\/wp-json\/wp\/v2\/comments?post=15312"}],"version-history":[{"count":6,"href":"https:\/\/www.egss.si\/index.php\/wp-json\/wp\/v2\/pages\/15312\/revisions"}],"predecessor-version":[{"id":24086,"href":"https:\/\/www.egss.si\/index.php\/wp-json\/wp\/v2\/pages\/15312\/revisions\/24086"}],"wp:attachment":[{"href":"https:\/\/www.egss.si\/index.php\/wp-json\/wp\/v2\/media?parent=15312"}],"curies":[{"name":"wp","href":"https:\/\/api.w.org\/{rel}","templated":true}]}}