{"id":14929,"date":"2018-12-24T14:41:38","date_gmt":"2018-12-24T13:41:38","guid":{"rendered":"http:\/\/341.gvs.arnes.si\/wordpress\/?page_id=14929"},"modified":"2026-03-04T13:24:36","modified_gmt":"2026-03-04T12:24:36","slug":"solska-prehrana-starsi","status":"publish","type":"page","link":"https:\/\/www.egss.si\/index.php\/solska-prehrana-starsi\/","title":{"rendered":"\u0160olska prehrana &#8211; star\u0161i"},"content":{"rendered":"<p><div class=\"fusion-fullwidth fullwidth-box fusion-builder-row-1 nonhundred-percent-fullwidth non-hundred-percent-height-scrolling\" style=\"--awb-border-radius-top-left:0px;--awb-border-radius-top-right:0px;--awb-border-radius-bottom-right:0px;--awb-border-radius-bottom-left:0px;--awb-flex-wrap:wrap;\" ><div class=\"fusion-builder-row fusion-row\"><div class=\"fusion-layout-column fusion_builder_column fusion-builder-column-0 fusion_builder_column_1_1 1_1 fusion-one-full fusion-column-first fusion-column-last\" style=\"--awb-bg-size:cover;\"><div class=\"fusion-column-wrapper fusion-flex-column-wrapper-legacy\"><div class=\"fusion-image-element in-legacy-container\" style=\"--awb-caption-title-font-family:var(--h2_typography-font-family);--awb-caption-title-font-weight:var(--h2_typography-font-weight);--awb-caption-title-font-style:var(--h2_typography-font-style);--awb-caption-title-size:var(--h2_typography-font-size);--awb-caption-title-transform:var(--h2_typography-text-transform);--awb-caption-title-line-height:var(--h2_typography-line-height);--awb-caption-title-letter-spacing:var(--h2_typography-letter-spacing);\"><span class=\" fusion-imageframe imageframe-none imageframe-1 hover-type-none\" style=\"border-radius:5px;\"><img decoding=\"async\" width=\"1441\" height=\"223\" title=\"header_PREHRANA\" src=\"http:\/\/www.egss.si\/wp-content\/uploads\/2019\/01\/header_PREHRANA.png\" alt class=\"img-responsive wp-image-15180\" srcset=\"https:\/\/www.egss.si\/wp-content\/uploads\/2019\/01\/header_PREHRANA-200x31.png 200w, https:\/\/www.egss.si\/wp-content\/uploads\/2019\/01\/header_PREHRANA-400x62.png 400w, https:\/\/www.egss.si\/wp-content\/uploads\/2019\/01\/header_PREHRANA-600x93.png 600w, https:\/\/www.egss.si\/wp-content\/uploads\/2019\/01\/header_PREHRANA-800x124.png 800w, https:\/\/www.egss.si\/wp-content\/uploads\/2019\/01\/header_PREHRANA-1200x186.png 1200w, https:\/\/www.egss.si\/wp-content\/uploads\/2019\/01\/header_PREHRANA.png 1441w\" sizes=\"(max-width: 1050px) 100vw, 1200px\" \/><\/span><\/div><div class=\"fusion-clearfix\"><\/div><\/div><\/div><\/div><\/div><div class=\"fusion-fullwidth fullwidth-box fusion-builder-row-2 nonhundred-percent-fullwidth non-hundred-percent-height-scrolling\" style=\"--awb-border-radius-top-left:0px;--awb-border-radius-top-right:0px;--awb-border-radius-bottom-right:0px;--awb-border-radius-bottom-left:0px;--awb-padding-top:20px;--awb-flex-wrap:wrap;\" ><div class=\"fusion-builder-row fusion-row\"><div class=\"fusion-layout-column fusion_builder_column fusion-builder-column-1 fusion_builder_column_2_3 2_3 fusion-two-third fusion-column-first\" style=\"--awb-bg-size:cover;width:66.666666666667%;width:calc(66.666666666667% - ( ( 4% ) * 0.66666666666667 ) );margin-right: 4%;\"><div class=\"fusion-column-wrapper fusion-flex-column-wrapper-legacy\"><div class=\"fusion-text fusion-text-1\" style=\"--awb-text-transform:none;\"><h1>Prijava in preklic \u0161olske prehrane<\/h1>\n<div>\n<p>Star\u0161i lahko prijavijo dijaka na \u0161olsko prehrano elektronsko preko eAsistenta oz. lahko natisnejo <a href=\"https:\/\/www.egss.si\/wp-content\/uploads\/2025\/07\/MALICA_prijava_25_26.pdf\" target=\"_blank\" rel=\"noopener\">prijavo na malico 2025\/26<\/a><strong>\u00a0<\/strong>in jo\u00a0po\u0161ljejo preko e-po\u0161te na\u00a0<a href=\"mailto:prehrana@egss.si\">prehrana@egss.si<\/a> ali jo dijaki prevzamejo v tajni\u0161tvu \u0161ole in jo izpolnjeno ter podpisano oddajo. Izpolnjeno prijavnico lahko posredujete tudi po navadni po\u0161ti na naslov na\u0161e \u0161ole.<\/p>\n<p><strong>S prijavo na \u0161olsko prehrano nastopi dol\u017enost dijaka oziroma star\u0161ev, da bo:<\/strong><br \/>\n&#8211; spo\u0161toval \u0161olska pravila o \u0161olski prehrani,<br \/>\n&#8211; pla\u010dal prispevek za \u0161olsko prehrano,<br \/>\n&#8211; pravo\u010dasno odjavil posamezni obrok skladno s temi pravili,<br \/>\n&#8211; pla\u010dal polno ceno obroka, \u010de obroka ni pravo\u010dasno odjavil,<br \/>\n&#8211; \u0161oli v 30 dneh sporo\u010dil vsako spremembo podatkov, ki se vodijo v evidenci \u0161olske prehrane (spremenjene subvencije).<\/p>\n<p>Dijak se lahko od \u0161olske prehrane kadarkoli dokon\u010dno odjavi,\u00a0<strong>preklic malice<\/strong> pa stopi v veljavo z naslednjim dnem, ko v tajni\u0161tvu odda <a href=\"https:\/\/www.egss.si\/wp-content\/uploads\/2021\/11\/Preklic_prijave_na_solsko_prehrano.pdf\" target=\"_blank\" rel=\"noopener\"><strong>preklic prijave na \u0161olsko prehrano<\/strong><\/a>.\u00a0Do tistega dneva mora dijak poravnati vse obveznosti, ko se mu bo izdala polo\u017enica za nazaj (od 10. do 17. v teko\u010dem mesecu izda ra\u010dunovodstvo polo\u017enice za pretekli mesec).<\/p>\n<\/div>\n<\/div><div class=\"fusion-sep-clear\"><\/div><div class=\"fusion-separator fusion-full-width-sep\" style=\"margin-left: auto;margin-right: auto;margin-top:20px;margin-bottom:20px;width:100%;\"><div class=\"fusion-separator-border sep-single sep-solid\" style=\"--awb-height:20px;--awb-amount:20px;border-color:#e0dede;border-top-width:1px;\"><\/div><\/div><div class=\"fusion-sep-clear\"><\/div><div class=\"fusion-text fusion-text-2\" style=\"--awb-text-transform:none;\"><h1>Naro\u010danje, izbiranje in odjavljanje \u0161olske prehrane preko eAsistenta<\/h1>\n<div>\n<p>Naro\u010danje na malico se\u00a0<strong>avtomati\u010dno izvede<\/strong>\u00a0s prijavo preko eAsistenta oz. z oddajo prijavnice na \u0161olsko prehrano. Dijak (ali star\u0161) nato skrbi le za<strong>\u00a0izbiro malice<\/strong>\u00a0med ponujenimi meniji ter za\u00a0<strong>pravo\u010dasno odjavljanje<\/strong>\u00a0v primerih, ko malice zaradi odsotnosti ni zmo\u017een prevzeti.\u00a0<strong>Odjavljanje \u0161olske malice jemljite resno in stalno\u00a0(vsaj enkrat na teden)\u00a0preverjajte prijave ter odjave na spletnem portalu eAsistent.\u00a0<\/strong><strong>Sporo\u010danje in re\u0161evanje nepravilnosti odjav\/prevzemom malic je mo\u017eno le v teko\u010dem mesecu &#8211; po prejemu polo\u017enic z z za\u010detkom novega meseca je za to prepozno in morate svoje obveznosti do naro\u010denih malic zakonsko poravnati!<\/strong><\/p>\n<p><strong>Odjavljanje malic<\/strong>\u00a0poteka preko<strong>\u00a0eAsistenta<\/strong>\u00a0&#8211; zakonsko dolo\u010dena je pravo\u010dasna odjava\u00a0<strong>en delovni dan prej do 11. ure<\/strong><strong>, odjavljanje malic po tej uri\u00a0<\/strong>pa pomeni nepravo\u010dasno odjavo, kjer se pla\u010da vse razen subvencije, pokrite s strani MIZ\u0160.\u00a0Dijak, ki ima subvencijo in se zaradi bolezni oz. izrednih okoli\u0161\u010din ne more pravo\u010dasno odjaviti oz. prevzeti obroka, ima pravico do subvencije za malico za prvi dan odsotnosti.\u00a0V primeru, da se odjave za manjkajo\u010di dan ne izbere, mora naro\u010dnik poravnati celotni znesek neprevzete malice.<\/p>\n<p><strong>V primeru bolezni (samo z zdravni\u0161kim opravi\u010dilom)<\/strong> lahko odjavo obroka za <strong>isti<\/strong> dan uredite <strong>zjutraj do 8.00 na prehrana@egss.si<\/strong>.<\/p>\n<p><strong>Dijaki odjavljajo malico sami<\/strong>\u00a0preko portala eAsistent (uporabni\u0161ko ime je enako e-mailu, ki so ga sporo\u010dili \u0161oli)\u00a0star\u0161i pa pridobijo dostop ob prejemu uporabni\u0161kega imena in gesla z uporabo storitev\u00a0<span style=\"color: #ff0000;\">eAsistenta za star\u0161e<\/span>\u00a0(zadostuje \u017ee brezpla\u010dni paket). Spremembo podatkov, ki vplivajo na vpis v portal eAsistent in posledi\u010dno urejanje prehrane, morate obvezno takoj sporo\u010diti \u0161oli.<\/p>\n<p>Glede na 3. odstavek 14. \u010dlena Zakona o \u0161olski prehrani, imajo dijaki pravico do malice za vsak dan prisotnosti pri pouku, strokovnih ekskurzijah, \u0161portnih in kulturnih dnevih ter obveznem delu obveznih izbirnih vsebin, ki jih izvaja \u0161ola, v skladu s \u0161olskim koledarjem, tako da se morajo\u00a0<strong>v primeru odsotnosti v \u0161oli za omenjene dni \u0161e vedno sami odjaviti od malice<\/strong>.\u00a0<strong>\u0160ola avtomati\u010dno odjavi dijake med po\u010ditnicami, prazniki ter v dnevih, ko odpade pouk za VSE dijake na \u0161oli<\/strong>\u00a0(in ne v primerih, ko manjka samo en ali nekaj razredov, razen na izrecno pro\u0161njo razrednika).<\/p>\n<p><strong>Kakr\u0161nakoli vpra\u0161anja ali te\u017eave v zvezi s \u0161olsko prehrano na EGS\u0160 Radovljica\u00a0<\/strong>lahko naslovite preko\u00a0<strong>e-po\u0161te <\/strong><a href=\"mailto:prehrana@egss.si\">prehrana@egss.si<\/a> ali kontaktirate prof. Karmen Gogala ter se oglasite pri njej v kabinetu oz. po dogovoru. Za tehni\u010dne te\u017eave pri dostopu do spletnega portala eAsistent se obrnite na <a href=\"http:\/\/www.easistent.com\/o_podjetju\">podjetje e\u0160ola<\/a>,\u00a0\u010de ste pozabili svoje uporabni\u0161ko ime in geslo\u00a0pa si ju lahko ponovno po\u0161ljete na svoj elektronski naslov na\u00a0<a href=\"http:\/\/www.easistent.com\/prijava\">prijavni strani eAsistenta<\/a>\u00a0s klikom na\u00a0<strong>Ste pozabili geslo?<\/strong><\/p>\n<p><strong>Karmen Gogala<\/strong>, organizator \u0161olske prehrane<\/p>\n<\/div>\n<\/div><div class=\"fusion-clearfix\"><\/div><\/div><\/div><div class=\"fusion-layout-column fusion_builder_column fusion-builder-column-2 fusion_builder_column_1_3 1_3 fusion-one-third fusion-column-last\" style=\"--awb-bg-size:cover;--awb-margin-top:20px;width:33.333333333333%;width:calc(33.333333333333% - ( ( 4% ) * 0.33333333333333 ) );\"><div class=\"fusion-column-wrapper fusion-flex-column-wrapper-legacy\"><div class=\"fusion-image-element in-legacy-container\" style=\"--awb-caption-title-font-family:var(--h2_typography-font-family);--awb-caption-title-font-weight:var(--h2_typography-font-weight);--awb-caption-title-font-style:var(--h2_typography-font-style);--awb-caption-title-size:var(--h2_typography-font-size);--awb-caption-title-transform:var(--h2_typography-text-transform);--awb-caption-title-line-height:var(--h2_typography-line-height);--awb-caption-title-letter-spacing:var(--h2_typography-letter-spacing);\"><span class=\" fusion-imageframe imageframe-none imageframe-2 hover-type-none\" style=\"border-radius:5px;\"><img decoding=\"async\" width=\"300\" height=\"300\" title=\"prehrana_V\" src=\"http:\/\/www.egss.si\/wp-content\/uploads\/2019\/01\/prehrana_V-300x300.png\" alt class=\"img-responsive wp-image-15349\" srcset=\"https:\/\/www.egss.si\/wp-content\/uploads\/2019\/01\/prehrana_V-200x200.png 200w, https:\/\/www.egss.si\/wp-content\/uploads\/2019\/01\/prehrana_V-400x400.png 400w, https:\/\/www.egss.si\/wp-content\/uploads\/2019\/01\/prehrana_V.png 498w\" sizes=\"(max-width: 1050px) 100vw, 400px\" \/><\/span><\/div><div class=\"fusion-clearfix\"><\/div><\/div><\/div><\/div><\/div><\/p>\n","protected":false},"excerpt":{"rendered":"","protected":false},"author":3,"featured_media":0,"parent":0,"menu_order":0,"comment_status":"closed","ping_status":"closed","template":"100-width.php","meta":{"_monsterinsights_skip_tracking":false,"_monsterinsights_sitenote_active":false,"_monsterinsights_sitenote_note":"","_monsterinsights_sitenote_category":0,"two_page_speed":[],"footnotes":""},"class_list":["post-14929","page","type-page","status-publish","hentry"],"_links":{"self":[{"href":"https:\/\/www.egss.si\/index.php\/wp-json\/wp\/v2\/pages\/14929","targetHints":{"allow":["GET"]}}],"collection":[{"href":"https:\/\/www.egss.si\/index.php\/wp-json\/wp\/v2\/pages"}],"about":[{"href":"https:\/\/www.egss.si\/index.php\/wp-json\/wp\/v2\/types\/page"}],"author":[{"embeddable":true,"href":"https:\/\/www.egss.si\/index.php\/wp-json\/wp\/v2\/users\/3"}],"replies":[{"embeddable":true,"href":"https:\/\/www.egss.si\/index.php\/wp-json\/wp\/v2\/comments?post=14929"}],"version-history":[{"count":32,"href":"https:\/\/www.egss.si\/index.php\/wp-json\/wp\/v2\/pages\/14929\/revisions"}],"predecessor-version":[{"id":25013,"href":"https:\/\/www.egss.si\/index.php\/wp-json\/wp\/v2\/pages\/14929\/revisions\/25013"}],"wp:attachment":[{"href":"https:\/\/www.egss.si\/index.php\/wp-json\/wp\/v2\/media?parent=14929"}],"curies":[{"name":"wp","href":"https:\/\/api.w.org\/{rel}","templated":true}]}}