{"id":13933,"date":"2018-07-02T23:41:52","date_gmt":"2018-07-02T21:41:52","guid":{"rendered":"http:\/\/341.gvs.arnes.si\/wordpress\/?page_id=13933"},"modified":"2026-04-09T20:43:22","modified_gmt":"2026-04-09T18:43:22","slug":"poklicna-matura","status":"publish","type":"page","link":"https:\/\/www.egss.si\/index.php\/poklicna-matura\/","title":{"rendered":"Poklicna matura"},"content":{"rendered":"<p><div class=\"fusion-fullwidth fullwidth-box fusion-builder-row-1 nonhundred-percent-fullwidth non-hundred-percent-height-scrolling\" style=\"--awb-border-radius-top-left:0px;--awb-border-radius-top-right:0px;--awb-border-radius-bottom-right:0px;--awb-border-radius-bottom-left:0px;--awb-background-color:#ffffff;--awb-flex-wrap:wrap;\" ><div class=\"fusion-builder-row fusion-row\"><div class=\"fusion-layout-column fusion_builder_column fusion-builder-column-0 fusion_builder_column_1_1 1_1 fusion-one-full fusion-column-first fusion-column-last\" style=\"--awb-bg-size:cover;--awb-margin-bottom:0px;\"><div class=\"fusion-column-wrapper fusion-flex-column-wrapper-legacy\"><div class=\"fusion-image-element fusion-image-align-center in-legacy-container\" style=\"text-align:center;--awb-caption-title-font-family:var(--h2_typography-font-family);--awb-caption-title-font-weight:var(--h2_typography-font-weight);--awb-caption-title-font-style:var(--h2_typography-font-style);--awb-caption-title-size:var(--h2_typography-font-size);--awb-caption-title-transform:var(--h2_typography-text-transform);--awb-caption-title-line-height:var(--h2_typography-line-height);--awb-caption-title-letter-spacing:var(--h2_typography-letter-spacing);\"><div class=\"imageframe-align-center\"><span class=\" fusion-imageframe imageframe-none imageframe-1 hover-type-none\" style=\"border-radius:5px;\"><img decoding=\"async\" width=\"1441\" height=\"223\" title=\"header_POKLICNA\" src=\"http:\/\/www.egss.si\/wp-content\/uploads\/2019\/01\/header_POKLICNA.png\" alt class=\"img-responsive wp-image-15177\" srcset=\"https:\/\/www.egss.si\/wp-content\/uploads\/2019\/01\/header_POKLICNA-200x31.png 200w, https:\/\/www.egss.si\/wp-content\/uploads\/2019\/01\/header_POKLICNA-400x62.png 400w, https:\/\/www.egss.si\/wp-content\/uploads\/2019\/01\/header_POKLICNA-600x93.png 600w, https:\/\/www.egss.si\/wp-content\/uploads\/2019\/01\/header_POKLICNA-800x124.png 800w, https:\/\/www.egss.si\/wp-content\/uploads\/2019\/01\/header_POKLICNA-1200x186.png 1200w, https:\/\/www.egss.si\/wp-content\/uploads\/2019\/01\/header_POKLICNA.png 1441w\" sizes=\"(max-width: 1050px) 100vw, 1200px\" \/><\/span><\/div><\/div><div class=\"fusion-clearfix\"><\/div><\/div><\/div><\/div><\/div><div class=\"fusion-fullwidth fullwidth-box fusion-builder-row-2 nonhundred-percent-fullwidth non-hundred-percent-height-scrolling\" style=\"--awb-border-radius-top-left:0px;--awb-border-radius-top-right:0px;--awb-border-radius-bottom-right:0px;--awb-border-radius-bottom-left:0px;--awb-padding-top:50px;--awb-padding-bottom:20px;--awb-flex-wrap:wrap;\" ><div class=\"fusion-builder-row fusion-row\"><div class=\"fusion-layout-column fusion_builder_column fusion-builder-column-1 fusion_builder_column_1_2 1_2 fusion-one-half fusion-column-first\" style=\"--awb-bg-size:cover;width:50%;width:calc(50% - ( ( 4% ) * 0.5 ) );margin-right: 4%;\"><div class=\"fusion-column-wrapper fusion-flex-column-wrapper-legacy\"><div class=\"fusion-text fusion-text-1\"><h1>Uradne ure tajnice \u0160MK<\/h1>\n<p>Uradne ure Nevenke Kun\u0161i\u010d, tajnice \u0161olske maturitetne komisije, so vsako <strong>sredo od 10.30 do 11.15<\/strong> oz. po dogovoru, in sicer v pisarni poleg zbornice.<\/p>\n<p>Vpra\u0161anja lahko naslovite tudi na e-po\u0161to:\u00a0<a href=\"mailto:smk@egss.si\">smk@egss.si<\/a>.<\/p>\n<\/div><div class=\"fusion-clearfix\"><\/div><\/div><\/div><div class=\"fusion-layout-column fusion_builder_column fusion-builder-column-2 fusion_builder_column_1_2 1_2 fusion-one-half fusion-column-last\" style=\"--awb-bg-size:cover;width:50%;width:calc(50% - ( ( 4% ) * 0.5 ) );\"><div class=\"fusion-column-wrapper fusion-flex-column-wrapper-legacy\"><div class=\"fusion-image-element fusion-image-align-center in-legacy-container\" style=\"text-align:center;--awb-caption-title-font-family:var(--h2_typography-font-family);--awb-caption-title-font-weight:var(--h2_typography-font-weight);--awb-caption-title-font-style:var(--h2_typography-font-style);--awb-caption-title-size:var(--h2_typography-font-size);--awb-caption-title-transform:var(--h2_typography-text-transform);--awb-caption-title-line-height:var(--h2_typography-line-height);--awb-caption-title-letter-spacing:var(--h2_typography-letter-spacing);\"><div class=\"imageframe-align-center\"><span class=\" fusion-imageframe imageframe-none imageframe-2 hover-type-none\" style=\"border-radius:5px;\"><img decoding=\"async\" width=\"400\" height=\"190\" title=\"programi_V1\" src=\"http:\/\/www.egss.si\/wp-content\/uploads\/2018\/07\/programi_V1-400x190.png\" alt class=\"img-responsive wp-image-14427\" srcset=\"https:\/\/www.egss.si\/wp-content\/uploads\/2018\/07\/programi_V1-200x95.png 200w, https:\/\/www.egss.si\/wp-content\/uploads\/2018\/07\/programi_V1-400x190.png 400w, https:\/\/www.egss.si\/wp-content\/uploads\/2018\/07\/programi_V1-600x285.png 600w, https:\/\/www.egss.si\/wp-content\/uploads\/2018\/07\/programi_V1-800x380.png 800w, https:\/\/www.egss.si\/wp-content\/uploads\/2018\/07\/programi_V1.png 1051w\" sizes=\"(max-width: 1050px) 100vw, 600px\" \/><\/span><\/div><\/div><div class=\"fusion-clearfix\"><\/div><\/div><\/div><\/div><\/div><div class=\"fusion-fullwidth fullwidth-box fusion-builder-row-3 nonhundred-percent-fullwidth non-hundred-percent-height-scrolling\" style=\"--awb-border-radius-top-left:0px;--awb-border-radius-top-right:0px;--awb-border-radius-bottom-right:0px;--awb-border-radius-bottom-left:0px;--awb-padding-top:20px;--awb-padding-bottom:20px;--awb-background-color:#ededed;--awb-flex-wrap:wrap;\" ><div class=\"fusion-builder-row fusion-row\"><div class=\"fusion-layout-column fusion_builder_column fusion-builder-column-3 fusion_builder_column_1_1 1_1 fusion-one-full fusion-column-first fusion-column-last\" style=\"--awb-bg-size:cover;\"><div class=\"fusion-column-wrapper fusion-flex-column-wrapper-legacy\"><div class=\"fusion-text fusion-text-2\" style=\"--awb-text-transform:none;\"><h1><a href=\"https:\/\/www.egss.si\/wp-content\/uploads\/2025\/09\/KOLEDAR_PM_2026.pdf\" target=\"_blank\" rel=\"noopener\">Koledar PM 2026<\/a><\/h1>\n<h1><a href=\"https:\/\/www.egss.si\/wp-content\/uploads\/2025\/09\/koledar_terminski_plan_4_enote_PM_2026.pdf\" target=\"_blank\" rel=\"noopener\">Koledar: terminski plan 4. enote PM 2026<\/a><\/h1>\n<h1><\/h1>\n<\/div><div class=\"fusion-clearfix\"><\/div><\/div><\/div><\/div><\/div><div class=\"fusion-fullwidth fullwidth-box fusion-builder-row-4 nonhundred-percent-fullwidth non-hundred-percent-height-scrolling\" style=\"--awb-border-radius-top-left:0px;--awb-border-radius-top-right:0px;--awb-border-radius-bottom-right:0px;--awb-border-radius-bottom-left:0px;--awb-padding-top:20px;--awb-padding-bottom:0px;--awb-flex-wrap:wrap;\" ><div class=\"fusion-builder-row fusion-row\"><div class=\"fusion-layout-column fusion_builder_column fusion-builder-column-4 fusion_builder_column_1_1 1_1 fusion-one-full fusion-column-first fusion-column-last\" style=\"--awb-bg-size:cover;\"><div class=\"fusion-column-wrapper fusion-flex-column-wrapper-legacy\"><div class=\"fusion-text fusion-text-3\"><h1><\/h1>\n<h1 class=\"entry-title fusion-post-title\">Oddaja projektne naloge z izdelki za 4. predmet poklicne mature<\/h1>\n<p><strong>1. ODDAJA PROJEKTNE NALOGE Z IZDELKI V \u017dIVO (V FIZI\u010cNI OBLIKI<\/strong>) bo <strong>v \u010detrtek, 16. 4. 2026, od 8.00 do 11.00<\/strong> (tega \u010dasa ne smete zamuditi, lahko pa oddate prej).<br \/>\nMEDIJSKI TEHNIKI in EKONOMSKI TEHNIKI oddajo v pisarni tajni\u0161tva mature Nevenki Kun\u0161i\u010d po naslednjem razporedu:<br \/>\n4. a od 8.50 do 9.15<br \/>\n4. b od 10.30 do 11.00<br \/>\n4. c od 9.15 do 9.40<br \/>\n4. e od 8.25 do 8.50<br \/>\nodrasli od 8.00 do 11.00 ali prej<\/p>\n<p>Oddati je potrebno:<br \/>\na) vezano projektno nalogo (spirala, prosojna naslovnica), v kateri je obvezna priloga, podpisana izjava o avtorstvu naloge<\/p>\n<p>b) prakti\u010dni izdelek, kjer se to zahteva:<br \/>\n\u2022 za TIR (tiskani izdelki)<br \/>\n\u2022 za GOB (tiskani izdelki)<br \/>\n\u2022 za FOT (tiskani izdelki, kjer je tako dogovorjeno)<br \/>\n\u2022 ali pri drugih predmetih, kjer to mentor zahteva<\/p>\n<p>c) elektronska verzija na klju\u010dku pri nekaterih mentorjih (Ju\u0161 Hrastnik, Gal Nagode in Anja Tolar Tom\u0161i\u010d)<\/p>\n<p><strong>2. ODDAJA PROJEKTNE NALOGE Z IZDELKI V ELEKTRONSKI OBLIKI bo potekala od ponedeljka, 13. 4. 2026, od 8.00 do \u010detrtka, 16. 4. 2026, do 11.00<\/strong>, ko se nepreklicno zapre in po tem roku oddaja ni ve\u010d mo\u017ena. Elektronska verzija naloge mora biti identi\u010dna tiskani verziji.<br \/>\nOddali boste elektronske verzije izdelkov in projektne naloge (v formatih .DOCX in .PDF) v dodeljeni nalogi v MS Teams:<br \/>\nMEDIJSKI TEHNIKI in EKONOMSKI TEHNIKI oddajo v skupino POKLICNA MATURA (ali na stre\u017enik NAS, \u010de imate prevelike dokumente, prej se o tem posvetujete z mentorji) \u2013 s strani mentorjev boste v skupini opazili Dodeljeno nalogo (kot za ocenjevanje, doma\u010de naloge ipd.), kamor pripnete vse potrebne datoteke. Pri uspe\u0161ni (ali neuspe\u0161ni) oddaji takoj obvestite mentorje preko Teamsovega modula Klepet.<\/p>\n<p>V primeru kakr\u0161nih koli nejasnosti se obrnite na svojega mentorja ali mentorico.<\/p>\n<p>Nevenka Kun\u0161i\u010d, tajnica \u0160MK<\/p>\n<\/div><div class=\"fusion-sep-clear\"><\/div><div class=\"fusion-separator fusion-full-width-sep\" style=\"margin-left: auto;margin-right: auto;margin-top:20px;margin-bottom:30px;width:100%;\"><div class=\"fusion-separator-border sep-single sep-solid\" style=\"--awb-height:20px;--awb-amount:20px;border-color:#e0dede;border-top-width:1px;\"><\/div><\/div><div class=\"fusion-sep-clear\"><\/div><div class=\"fusion-text fusion-text-4\"><h1>Predmeti na poklicni maturi<\/h1>\n<div>1. Sloven\u0161\u010dina<\/div>\n<div>2. Medijska in grafi\u010dna tehnologija oz. gospodarstvo<\/div>\n<div>3. Angle\u0161\u010dina oz. matematika<br \/>\n4. Izdelek oziroma storitev in zagovor<\/div>\n<\/div><div class=\"fusion-sep-clear\"><\/div><div class=\"fusion-separator fusion-full-width-sep\" style=\"margin-left: auto;margin-right: auto;margin-top:20px;margin-bottom:30px;width:100%;\"><div class=\"fusion-separator-border sep-single sep-solid\" style=\"--awb-height:20px;--awb-amount:20px;border-color:#e0dede;border-top-width:1px;\"><\/div><\/div><div class=\"fusion-sep-clear\"><\/div><div class=\"fusion-text fusion-text-5\"><div class=\"fusion-text\">\n<h1 class=\"fusion-responsive-typography-calculated\" data-fontsize=\"34\" data-lineheight=\"47.9333px\">Predprijava, prijava in odjava od poklicne mature<\/h1>\n<\/div>\n<h1><\/h1>\n<p><a href=\"https:\/\/www.egss.si\/wp-content\/uploads\/2021\/01\/prijava_PM.pdf\" target=\"_blank\" rel=\"noopener\">Prijava na poklicno maturo<\/a><\/p>\n<p><a href=\"https:\/\/www.egss.si\/wp-content\/uploads\/2025\/11\/Vloga_za_KPP_2026.pdf\" target=\"_blank\" rel=\"noopener\">Vloga za kandidate s posebnimi potrebami<\/a><\/p>\n<p><a href=\"https:\/\/www.egss.si\/wp-content\/uploads\/2021\/01\/odjava_PM.pdf\" target=\"_blank\" rel=\"noopener\">Pisna odjava od poklicne mature<\/a><\/p>\n<\/div><div class=\"fusion-sep-clear\"><\/div><div class=\"fusion-separator fusion-full-width-sep\" style=\"margin-left: auto;margin-right: auto;margin-top:20px;margin-bottom:30px;width:100%;\"><div class=\"fusion-separator-border sep-single sep-solid\" style=\"--awb-height:20px;--awb-amount:20px;border-color:#e0dede;border-top-width:1px;\"><\/div><\/div><div class=\"fusion-sep-clear\"><\/div><div class=\"fusion-text fusion-text-6\"><h1>Pla\u010dilo poklicne mature za odrasle<\/h1>\n<p>Oglejte si <a href=\"http:\/\/www.egss.si\/wp-content\/uploads\/2019\/01\/Placilo_poklicna_matura_EGSS.docx\" target=\"_blank\" rel=\"noopener noreferrer\">cenik za poklicno maturo<\/a>.<\/p>\n<\/div><div class=\"fusion-sep-clear\"><\/div><div class=\"fusion-separator fusion-full-width-sep\" style=\"margin-left: auto;margin-right: auto;margin-top:20px;margin-bottom:30px;width:100%;\"><div class=\"fusion-separator-border sep-single sep-solid\" style=\"--awb-height:20px;--awb-amount:20px;border-color:#e0dede;border-top-width:1px;\"><\/div><\/div><div class=\"fusion-sep-clear\"><\/div><div class=\"fusion-text fusion-text-7\" style=\"--awb-text-transform:none;\"><h1>\u0160olska maturitetna komisija za poklicno maturo 2026<\/h1>\n<p>Ksenija LIPOV\u0160\u010cEK \u2013 predsednica \u0160MK<br \/>\nIztok MULEJ \u2013 namestnik predsednice \u0160MK<br \/>\nAna HLEBANJA \u2013 \u010dlanica<br \/>\nLidija PER\u0160E \u2013 \u010dlanica<\/p>\n<\/div><div class=\"fusion-sep-clear\"><\/div><div class=\"fusion-separator fusion-full-width-sep\" style=\"margin-left: auto;margin-right: auto;margin-top:20px;margin-bottom:30px;width:100%;\"><div class=\"fusion-separator-border sep-single sep-solid\" style=\"--awb-height:20px;--awb-amount:20px;border-color:#e0dede;border-top-width:1px;\"><\/div><\/div><div class=\"fusion-sep-clear\"><\/div><div class=\"fusion-text fusion-text-8\"><h1>\u010cas opravljanja mature<\/h1>\n<p>Pisni izpiti iz poklicne mature se za\u010dnejo vedno ob 9. uri. Kandidati se morajo zbrati v \u0161olski avli vsaj 20 minut pred za\u010detkom izpita.<\/p>\n<\/div><div class=\"fusion-sep-clear\"><\/div><div class=\"fusion-separator fusion-full-width-sep\" style=\"margin-left: auto;margin-right: auto;margin-top:20px;margin-bottom:30px;width:100%;\"><div class=\"fusion-separator-border sep-single sep-solid\" style=\"--awb-height:20px;--awb-amount:20px;border-color:#e0dede;border-top-width:1px;\"><\/div><\/div><div class=\"fusion-sep-clear\"><\/div><div class=\"fusion-text fusion-text-9\"><h1>O poklicni maturi<\/h1>\n<div>\n<p>Poklicna matura je dr\u017eavni izpit, ki ga kandidati opravljajo pod enakimi pogoji v celi dr\u017eavi, na isti dan s pri\u010detkom ob isti uri. Z opravljeno poklicno maturo kandidati pridobijo srednjo strokovno izobrazbo.<\/p>\n<p>Poklicno maturo lahko opravlja kandidat, ki je uspe\u0161no opravil zaklju\u010dni letnik za pridobitev srednje strokovne izobrazbe (izobra\u017eevalni programi srednjega tehni\u0161kega in drugega strokovnega izobra\u017eevanja, poklicno-tehni\u0161kega izobra\u017eevanja in poklicnega te\u010daja).<\/p>\n<p>Kandidati opravljajo poklicno maturo iz \u0161tirih predmetov. Prvi predmet je sloven\u0161\u010dina, drugi je strokovni predmet (gospodarstvo v programu ekonomski tehnik ter medijska in grafi\u010dna tehnologija v programu medijski tehnik), tretji je izbirni matematika ali tuji jezik (angle\u0161\u010dina oz. nem\u0161\u010dina). \u010cetrti predmet je strokovni &#8211; izdelek oz. storitev z zagovorom.<\/p>\n<p>Kandidati se morajo prijaviti na opravljanje mature vsaj 60 dni pred za\u010detkom spomladanskega roka ali zimskega roka ter najkasneje en dan po razglasitvi rezultatov poklicne mature spomladanskega roka za jesenski izpitni rok. Kandidati morajo vsaj 3 dni pred za\u010detkom izpitnega roka predlo\u017eiti dokazila o izpolnjevanju pogojev za opravljanje mature (spri\u010devalo).<br \/>\nKandidat je uspe\u0161no opravil maturo, \u010de je pozitiven pri vseh \u0161tirih predmetih. \u010ce je uspe\u0161no opravil vsaj 2 izpita, ima mo\u017enost opravljati popravne izpite \u0161e dve leti po opravljanju mature. V dveh letih po opravljeni maturi lahko kandidati enkrat izbolj\u0161ujejo oceno iz poljubnega \u0161tevila predmetov.<\/p>\n<p>Kandidat z opravljeno poklicno maturo se lahko prijavi tudi k opravljanju predmeta splo\u0161ne mature. Pri izbirnih predmetih razen tujega jezika se izvaja tudi interni del, ki predstavlja 20 % ocene. To so laboratorijske ali terenske vaje ter seminarske naloge. Za izvajanje internega dela je za zunanje kandidate s strani RIC-a za Gorenjsko regijo zadol\u017eena\u00a0<a href=\"http:\/\/www.gimkr.si\/domov\/\" target=\"_blank\" rel=\"noopener noreferrer\">Gimnazija Kranj<\/a>.<\/p>\n<p>Za strokovno pripravo, organizacijo in izvedbo mature na dr\u017eavni ravni skrbijo maturitetni organi in\u00a0<a href=\"http:\/\/www.ric.si\/\" target=\"_blank\" rel=\"noopener noreferrer\">Dr\u017eavni izpitni center<\/a>\u00a0(RIC), znotraj \u0161ole pa \u0161olska maturitetna komisija za poklicno maturo (\u0160MK) in \u0161olske izpitne komisije za poklicno maturo (\u0160IK). Vse dejavnosti v zvezi z maturo koordinira tajnik \u0161olske maturitetne komisije.<\/p>\n<\/div>\n<\/div><div class=\"fusion-sep-clear\"><\/div><div class=\"fusion-separator fusion-full-width-sep\" style=\"margin-left: auto;margin-right: auto;margin-top:20px;margin-bottom:30px;width:100%;\"><div class=\"fusion-separator-border sep-single sep-solid\" style=\"--awb-height:20px;--awb-amount:20px;border-color:#e0dede;border-top-width:1px;\"><\/div><\/div><div class=\"fusion-sep-clear\"><\/div><div class=\"fusion-text fusion-text-10\"><h1>Zakonodaja<\/h1>\n<p>Poklicno maturo urejajo naslednji akti:<\/p>\n<p><a href=\"http:\/\/zakonodaja.gov.si\/rpsi\/r04\/predpis_ZAKO2064.html\" target=\"_blank\" rel=\"noopener noreferrer\">Zakon o maturi<\/a><br \/>\n<a href=\"http:\/\/zakonodaja.gov.si\/rpsi\/r00\/predpis_PRAV6710.html\" target=\"_blank\" rel=\"noopener noreferrer\">Pravilnik o poklicni maturi<\/a><br \/>\n<a href=\"http:\/\/zakonodaja.gov.si\/rpsi\/r05\/predpis_PRAV6715.html\" target=\"_blank\" rel=\"noopener noreferrer\">Pravilnik o na\u010dinu izvajanja mature za kandidate s posebnimi potrebami<\/a><br \/>\n<a href=\"http:\/\/zakonodaja.gov.si\/rpsi\/r03\/predpis_PRAV8893.html\" target=\"_blank\" rel=\"noopener noreferrer\">Pravilnik o varovanju izpitne tajnosti pri maturi<\/a><\/p>\n<p>Vse ostale koristne informacije o splo\u0161ni maturi izveste na spletnih straneh\u00a0<a href=\"http:\/\/www.ric.si\/poklicna_matura\/splosne_informacije\/\" target=\"_blank\" rel=\"noopener noreferrer\">Dr\u017eavnega izpitnega centra<\/a>.<\/p>\n<\/div><div class=\"fusion-clearfix\"><\/div><\/div><\/div><\/div><\/div><\/p>\n","protected":false},"excerpt":{"rendered":"","protected":false},"author":3,"featured_media":0,"parent":0,"menu_order":0,"comment_status":"closed","ping_status":"closed","template":"100-width.php","meta":{"_monsterinsights_skip_tracking":false,"_monsterinsights_sitenote_active":false,"_monsterinsights_sitenote_note":"","_monsterinsights_sitenote_category":0,"two_page_speed":[],"footnotes":""},"class_list":["post-13933","page","type-page","status-publish","hentry"],"_links":{"self":[{"href":"https:\/\/www.egss.si\/index.php\/wp-json\/wp\/v2\/pages\/13933","targetHints":{"allow":["GET"]}}],"collection":[{"href":"https:\/\/www.egss.si\/index.php\/wp-json\/wp\/v2\/pages"}],"about":[{"href":"https:\/\/www.egss.si\/index.php\/wp-json\/wp\/v2\/types\/page"}],"author":[{"embeddable":true,"href":"https:\/\/www.egss.si\/index.php\/wp-json\/wp\/v2\/users\/3"}],"replies":[{"embeddable":true,"href":"https:\/\/www.egss.si\/index.php\/wp-json\/wp\/v2\/comments?post=13933"}],"version-history":[{"count":200,"href":"https:\/\/www.egss.si\/index.php\/wp-json\/wp\/v2\/pages\/13933\/revisions"}],"predecessor-version":[{"id":25206,"href":"https:\/\/www.egss.si\/index.php\/wp-json\/wp\/v2\/pages\/13933\/revisions\/25206"}],"wp:attachment":[{"href":"https:\/\/www.egss.si\/index.php\/wp-json\/wp\/v2\/media?parent=13933"}],"curies":[{"name":"wp","href":"https:\/\/api.w.org\/{rel}","templated":true}]}}