{"id":13624,"date":"2018-06-18T22:00:08","date_gmt":"2018-06-18T20:00:08","guid":{"rendered":"http:\/\/341.gvs.arnes.si\/wordpress\/?page_id=13624"},"modified":"2019-03-06T13:15:36","modified_gmt":"2019-03-06T12:15:36","slug":"video","status":"publish","type":"page","link":"https:\/\/www.egss.si\/index.php\/video\/","title":{"rendered":"Video"},"content":{"rendered":"<p><div class=\"fusion-fullwidth fullwidth-box fusion-builder-row-1 nonhundred-percent-fullwidth non-hundred-percent-height-scrolling\" style=\"--awb-border-radius-top-left:0px;--awb-border-radius-top-right:0px;--awb-border-radius-bottom-right:0px;--awb-border-radius-bottom-left:0px;--awb-padding-top:0px;--awb-padding-bottom:0px;--awb-background-color:#ffffff;--awb-flex-wrap:wrap;\" ><div class=\"fusion-builder-row fusion-row\"><div class=\"fusion-layout-column fusion_builder_column fusion-builder-column-0 fusion_builder_column_1_1 1_1 fusion-one-full fusion-column-first fusion-column-last\" style=\"--awb-bg-size:cover;--awb-margin-bottom:0px;\"><div class=\"fusion-column-wrapper fusion-flex-column-wrapper-legacy\"><div class=\"fusion-image-element fusion-image-align-center in-legacy-container\" style=\"text-align:center;--awb-caption-title-font-family:var(--h2_typography-font-family);--awb-caption-title-font-weight:var(--h2_typography-font-weight);--awb-caption-title-font-style:var(--h2_typography-font-style);--awb-caption-title-size:var(--h2_typography-font-size);--awb-caption-title-transform:var(--h2_typography-text-transform);--awb-caption-title-line-height:var(--h2_typography-line-height);--awb-caption-title-letter-spacing:var(--h2_typography-letter-spacing);\"><div class=\"imageframe-align-center\"><span class=\" fusion-imageframe imageframe-none imageframe-1 hover-type-none\" style=\"border-radius:5px;\"><img decoding=\"async\" width=\"1441\" height=\"223\" title=\"header_VIDEO\" src=\"http:\/\/www.egss.si\/wp-content\/uploads\/2019\/01\/header_VIDEO.png\" alt class=\"img-responsive wp-image-15194\" srcset=\"https:\/\/www.egss.si\/wp-content\/uploads\/2019\/01\/header_VIDEO-200x31.png 200w, https:\/\/www.egss.si\/wp-content\/uploads\/2019\/01\/header_VIDEO-400x62.png 400w, https:\/\/www.egss.si\/wp-content\/uploads\/2019\/01\/header_VIDEO-600x93.png 600w, https:\/\/www.egss.si\/wp-content\/uploads\/2019\/01\/header_VIDEO-800x124.png 800w, https:\/\/www.egss.si\/wp-content\/uploads\/2019\/01\/header_VIDEO-1200x186.png 1200w, https:\/\/www.egss.si\/wp-content\/uploads\/2019\/01\/header_VIDEO.png 1441w\" sizes=\"(max-width: 1050px) 100vw, 1200px\" \/><\/span><\/div><\/div><div class=\"fusion-clearfix\"><\/div><\/div><\/div><\/div><\/div><div class=\"fusion-fullwidth fullwidth-box fusion-builder-row-2 nonhundred-percent-fullwidth non-hundred-percent-height-scrolling\" style=\"--awb-border-radius-top-left:0px;--awb-border-radius-top-right:0px;--awb-border-radius-bottom-right:0px;--awb-border-radius-bottom-left:0px;--awb-margin-top:40px;--awb-margin-bottom:40px;--awb-flex-wrap:wrap;\" ><div class=\"fusion-builder-row fusion-row\"><div class=\"fusion-layout-column fusion_builder_column fusion-builder-column-1 fusion_builder_column_1_2 1_2 fusion-one-half fusion-column-first\" style=\"--awb-bg-size:cover;width:50%;width:calc(50% - ( ( 4% ) * 0.5 ) );margin-right: 4%;\"><div class=\"fusion-column-wrapper fusion-flex-column-wrapper-legacy\"><div class=\"fusion-video fusion-youtube\" style=\"--awb-max-width:600px;--awb-max-height:360px;\"><div class=\"video-shortcode\"><div class=\"fluid-width-video-wrapper\" style=\"padding-top:60%;\" ><iframe title=\"YouTube video player 1\" src=\"https:\/\/www.youtube.com\/embed\/Malf5-TdgdY?wmode=transparent&autoplay=0\" width=\"600\" height=\"360\" allowfullscreen allow=\"autoplay; clipboard-write; encrypted-media; gyroscope; picture-in-picture;\"><\/iframe><\/div><\/div><\/div><div class=\"fusion-text fusion-text-1\"><h1>PORTUGALSKA, Braga<\/h1>\n<p style=\"text-align: left;\"><strong>Program Erasmus+<\/strong><\/p>\n<p>V okviru programa Erasmus+ in PUD smo v leto\u0161njem letu dijaki 3. letnika medijske smeri Ekonomske gimnazije in srednje \u0161ole Radovljica v mestu Braga na Portugalskem opravljali 3-tedensko prakso.<\/p>\n<\/div><div class=\"fusion-clearfix\"><\/div><\/div><\/div><div class=\"fusion-layout-column fusion_builder_column fusion-builder-column-2 fusion_builder_column_1_2 1_2 fusion-one-half fusion-column-last\" style=\"--awb-bg-size:cover;width:50%;width:calc(50% - ( ( 4% ) * 0.5 ) );\"><div class=\"fusion-column-wrapper fusion-flex-column-wrapper-legacy\"><div class=\"fusion-video fusion-youtube\" style=\"--awb-max-width:600px;--awb-max-height:360px;\"><div class=\"video-shortcode\"><div class=\"fluid-width-video-wrapper\" style=\"padding-top:60%;\" ><iframe title=\"YouTube video player 2\" src=\"https:\/\/www.youtube.com\/embed\/YWFmnocY04c?wmode=transparent&autoplay=0\" width=\"600\" height=\"360\" allowfullscreen allow=\"autoplay; clipboard-write; encrypted-media; gyroscope; picture-in-picture;\"><\/iframe><\/div><\/div><\/div><div class=\"fusion-text fusion-text-2\"><h1>TEHNI\u0160KI DAN<\/h1>\n<p style=\"text-align: left;\"><strong>Reporta\u017ea: sodelovanje z O\u0160 F. S. Fin\u017egarja Lesce<\/strong><\/p>\n<p>V torek, 21. 11. 2017, smo na na\u0161i \u0161oli imeli tehni\u0161ki dan za u\u010dence 8. in 9. razreda O\u0160 Frana Sale\u0161kega Fin\u017egarja Lesce. Bodo\u010di dijaki so se razdelili po delavnicah in s pomo\u010djo dijakov in profesorjev spoznavali nove programe ter pridobivali nove ve\u0161\u010dine.<\/p>\n<\/div><div class=\"fusion-clearfix\"><\/div><\/div><\/div><\/div><\/div><\/p>\n","protected":false},"excerpt":{"rendered":"","protected":false},"author":3,"featured_media":0,"parent":0,"menu_order":0,"comment_status":"closed","ping_status":"closed","template":"100-width.php","meta":{"_monsterinsights_skip_tracking":false,"_monsterinsights_sitenote_active":false,"_monsterinsights_sitenote_note":"","_monsterinsights_sitenote_category":0,"two_page_speed":[],"footnotes":""},"class_list":["post-13624","page","type-page","status-publish","hentry"],"_links":{"self":[{"href":"https:\/\/www.egss.si\/index.php\/wp-json\/wp\/v2\/pages\/13624","targetHints":{"allow":["GET"]}}],"collection":[{"href":"https:\/\/www.egss.si\/index.php\/wp-json\/wp\/v2\/pages"}],"about":[{"href":"https:\/\/www.egss.si\/index.php\/wp-json\/wp\/v2\/types\/page"}],"author":[{"embeddable":true,"href":"https:\/\/www.egss.si\/index.php\/wp-json\/wp\/v2\/users\/3"}],"replies":[{"embeddable":true,"href":"https:\/\/www.egss.si\/index.php\/wp-json\/wp\/v2\/comments?post=13624"}],"version-history":[{"count":11,"href":"https:\/\/www.egss.si\/index.php\/wp-json\/wp\/v2\/pages\/13624\/revisions"}],"predecessor-version":[{"id":16095,"href":"https:\/\/www.egss.si\/index.php\/wp-json\/wp\/v2\/pages\/13624\/revisions\/16095"}],"wp:attachment":[{"href":"https:\/\/www.egss.si\/index.php\/wp-json\/wp\/v2\/media?parent=13624"}],"curies":[{"name":"wp","href":"https:\/\/api.w.org\/{rel}","templated":true}]}}