{"id":13601,"date":"2018-06-18T21:51:46","date_gmt":"2018-06-18T19:51:46","guid":{"rendered":"http:\/\/341.gvs.arnes.si\/wordpress\/?page_id=13601"},"modified":"2021-02-13T09:26:56","modified_gmt":"2021-02-13T08:26:56","slug":"informativni-dnevi","status":"publish","type":"page","link":"https:\/\/www.egss.si\/index.php\/informativni-dnevi\/","title":{"rendered":"Informativni dnevi"},"content":{"rendered":"<p><div class=\"fusion-fullwidth fullwidth-box fusion-builder-row-1 nonhundred-percent-fullwidth non-hundred-percent-height-scrolling\" style=\"--awb-border-radius-top-left:0px;--awb-border-radius-top-right:0px;--awb-border-radius-bottom-right:0px;--awb-border-radius-bottom-left:0px;--awb-padding-top:0px;--awb-padding-bottom:0px;--awb-background-color:#ffffff;--awb-flex-wrap:wrap;\" ><div class=\"fusion-builder-row fusion-row\"><div class=\"fusion-layout-column fusion_builder_column fusion-builder-column-0 fusion_builder_column_1_1 1_1 fusion-one-full fusion-column-first fusion-column-last\" style=\"--awb-bg-size:cover;--awb-margin-bottom:0px;\"><div class=\"fusion-column-wrapper fusion-flex-column-wrapper-legacy\"><div class=\"fusion-image-element fusion-image-align-center in-legacy-container\" style=\"text-align:center;--awb-caption-title-font-family:var(--h2_typography-font-family);--awb-caption-title-font-weight:var(--h2_typography-font-weight);--awb-caption-title-font-style:var(--h2_typography-font-style);--awb-caption-title-size:var(--h2_typography-font-size);--awb-caption-title-transform:var(--h2_typography-text-transform);--awb-caption-title-line-height:var(--h2_typography-line-height);--awb-caption-title-letter-spacing:var(--h2_typography-letter-spacing);\"><div class=\"imageframe-align-center\"><span class=\" fusion-imageframe imageframe-none imageframe-1 hover-type-none\" style=\"border-radius:5px;\"><img decoding=\"async\" width=\"1441\" height=\"223\" title=\"header_INFORMATIVNI\" src=\"http:\/\/www.egss.si\/wp-content\/uploads\/2019\/01\/header_INFORMATIVNI.png\" alt class=\"img-responsive wp-image-15164\" srcset=\"https:\/\/www.egss.si\/wp-content\/uploads\/2019\/01\/header_INFORMATIVNI-200x31.png 200w, https:\/\/www.egss.si\/wp-content\/uploads\/2019\/01\/header_INFORMATIVNI-400x62.png 400w, https:\/\/www.egss.si\/wp-content\/uploads\/2019\/01\/header_INFORMATIVNI-600x93.png 600w, https:\/\/www.egss.si\/wp-content\/uploads\/2019\/01\/header_INFORMATIVNI-800x124.png 800w, https:\/\/www.egss.si\/wp-content\/uploads\/2019\/01\/header_INFORMATIVNI-1200x186.png 1200w, https:\/\/www.egss.si\/wp-content\/uploads\/2019\/01\/header_INFORMATIVNI.png 1441w\" sizes=\"(max-width: 1050px) 100vw, 1200px\" \/><\/span><\/div><\/div><div class=\"fusion-clearfix\"><\/div><\/div><\/div><\/div><\/div><div class=\"fusion-fullwidth fullwidth-box fusion-builder-row-2 fusion-flex-container nonhundred-percent-fullwidth non-hundred-percent-height-scrolling\" style=\"--awb-border-radius-top-left:0px;--awb-border-radius-top-right:0px;--awb-border-radius-bottom-right:0px;--awb-border-radius-bottom-left:0px;--awb-flex-wrap:wrap;\" ><div class=\"fusion-builder-row fusion-row fusion-flex-align-items-flex-start fusion-flex-content-wrap\" style=\"max-width:1216.8px;margin-left: calc(-4% \/ 2 );margin-right: calc(-4% \/ 2 );\"><div class=\"fusion-layout-column fusion_builder_column fusion-builder-column-1 fusion_builder_column_1_1 1_1 fusion-flex-column\" style=\"--awb-bg-size:cover;--awb-width-large:100%;--awb-margin-top-large:0px;--awb-spacing-right-large:1.92%;--awb-margin-bottom-large:20px;--awb-spacing-left-large:1.92%;--awb-width-medium:100%;--awb-spacing-right-medium:1.92%;--awb-spacing-left-medium:1.92%;--awb-width-small:100%;--awb-spacing-right-small:1.92%;--awb-spacing-left-small:1.92%;\"><div class=\"fusion-column-wrapper fusion-flex-justify-content-flex-start fusion-content-layout-column\"><div class=\"fusion-separator\" style=\"align-self: center;margin-left: auto;margin-right: auto;margin-top:17px;margin-bottom:13px;width:100%;max-width:100px;\"><\/div><div class=\"fusion-text fusion-text-1\"><p>Spo\u0161tovani u\u010denci, star\u0161i in skrbniki!<\/p>\n<p>Vljudno Vas vabimo na <strong>informativne dneve<\/strong> Ekonomske gimnazije in srednje \u0161ole Radovljica, kjer vam bomo predstavili vse 3 na\u0161e programe:<\/p>\n<ul>\n<li><span style=\"color: #999999;\">v petek, 12. 2. 2021, ob 9.00<\/span><\/li>\n<li><span style=\"color: #999999;\">v petek, 12. 2. 2021, ob 15.00<\/span><\/li>\n<li><span style=\"color: #999999;\">v soboto, 13. 2. 2021, ob 9.00<\/span><\/li>\n<\/ul>\n<p><strong>Spletne povezave do posameznih <\/strong><strong>predstavitev<\/strong> so na voljo spodaj, in sicer s klikom na ikono ali ustrezni \u0161olski program, <strong>a bodo aktivne \u0161ele na dan dogodka<\/strong>.<\/p>\n<p>Vse u\u010dence, ki ste resno zainteresirani za na\u0161e programe, prosimo, da izpolnite slede\u010di spletni obrazec, preko katerega prejmete tudi \u0161olski bilten na dom: <a href=\"https:\/\/forms.office.com\/Pages\/ResponsePage.aspx?id=LADsbOIfCEmZhxCrDmoakm0uk35FjYJFl5ewbw70FVlUMVdZTTNHQ0gyRzVVNUVLNEw3RDk2Tk1XWSQlQCN0PWcu\">spletni obrazec ID.<\/a><\/p>\n<p>Dijaki in zaposleni na EGS\u0160 Radovljica<\/p>\n<\/div><\/div><\/div><\/div><\/div><div class=\"fusion-fullwidth fullwidth-box fusion-builder-row-3 fusion-flex-container nonhundred-percent-fullwidth non-hundred-percent-height-scrolling\" style=\"--awb-border-radius-top-left:0px;--awb-border-radius-top-right:0px;--awb-border-radius-bottom-right:0px;--awb-border-radius-bottom-left:0px;--awb-flex-wrap:wrap;\" ><div class=\"fusion-builder-row fusion-row fusion-flex-align-items-flex-start fusion-flex-content-wrap\" style=\"max-width:1216.8px;margin-left: calc(-4% \/ 2 );margin-right: calc(-4% \/ 2 );\"><div class=\"fusion-layout-column fusion_builder_column fusion-builder-column-2 fusion_builder_column_1_3 1_3 fusion-flex-column\" style=\"--awb-bg-size:cover;--awb-width-large:33.333333333333%;--awb-margin-top-large:0px;--awb-spacing-right-large:5.76%;--awb-margin-bottom-large:20px;--awb-spacing-left-large:5.76%;--awb-width-medium:100%;--awb-spacing-right-medium:1.92%;--awb-spacing-left-medium:1.92%;--awb-width-small:100%;--awb-spacing-right-small:1.92%;--awb-spacing-left-small:1.92%;\"><div class=\"fusion-column-wrapper fusion-flex-justify-content-flex-start fusion-content-layout-column\"><div class=\"fusion-image-element \" style=\"text-align:center;--awb-caption-title-font-family:var(--h2_typography-font-family);--awb-caption-title-font-weight:var(--h2_typography-font-weight);--awb-caption-title-font-style:var(--h2_typography-font-style);--awb-caption-title-size:var(--h2_typography-font-size);--awb-caption-title-transform:var(--h2_typography-text-transform);--awb-caption-title-line-height:var(--h2_typography-line-height);--awb-caption-title-letter-spacing:var(--h2_typography-letter-spacing);\"><span class=\" fusion-imageframe imageframe-none imageframe-2 hover-type-none\" style=\"border-radius:5px;\"><img decoding=\"async\" width=\"200\" height=\"200\" title=\"ekonomska_gimnazija_V\" src=\"http:\/\/www.egss.si\/wp-content\/uploads\/2018\/07\/ekonomska_gimnazija_V-200x200.png\" alt class=\"img-responsive wp-image-14449\" srcset=\"https:\/\/www.egss.si\/wp-content\/uploads\/2018\/07\/ekonomska_gimnazija_V-200x200.png 200w, https:\/\/www.egss.si\/wp-content\/uploads\/2018\/07\/ekonomska_gimnazija_V-400x400.png 400w, https:\/\/www.egss.si\/wp-content\/uploads\/2018\/07\/ekonomska_gimnazija_V.png 501w\" sizes=\"(max-width: 1024px) 100vw, (max-width: 640px) 100vw, 400px\" \/><\/span><\/div><div class=\"fusion-separator\" style=\"align-self: center;margin-left: auto;margin-right: auto;margin-top:17px;margin-bottom:13px;width:100%;max-width:100px;\"><\/div><div class=\"fusion-text fusion-text-2\"><h3 style=\"text-align: center;\">Ekonomska gimnazija<\/h3>\n<\/div><\/div><\/div><div class=\"fusion-layout-column fusion_builder_column fusion-builder-column-3 fusion_builder_column_1_3 1_3 fusion-flex-column\" style=\"--awb-bg-size:cover;--awb-width-large:33.333333333333%;--awb-margin-top-large:0px;--awb-spacing-right-large:5.76%;--awb-margin-bottom-large:20px;--awb-spacing-left-large:5.76%;--awb-width-medium:100%;--awb-spacing-right-medium:1.92%;--awb-spacing-left-medium:1.92%;--awb-width-small:100%;--awb-spacing-right-small:1.92%;--awb-spacing-left-small:1.92%;\"><div class=\"fusion-column-wrapper fusion-flex-justify-content-flex-start fusion-content-layout-column\"><div class=\"fusion-image-element \" style=\"text-align:center;--awb-caption-title-font-family:var(--h2_typography-font-family);--awb-caption-title-font-weight:var(--h2_typography-font-weight);--awb-caption-title-font-style:var(--h2_typography-font-style);--awb-caption-title-size:var(--h2_typography-font-size);--awb-caption-title-transform:var(--h2_typography-text-transform);--awb-caption-title-line-height:var(--h2_typography-line-height);--awb-caption-title-letter-spacing:var(--h2_typography-letter-spacing);\"><span class=\" fusion-imageframe imageframe-none imageframe-3 hover-type-none\" style=\"border-radius:5px;\"><img decoding=\"async\" width=\"200\" height=\"200\" title=\"ekonomski_tehnik_V\" src=\"http:\/\/www.egss.si\/wp-content\/uploads\/2018\/07\/ekonomski_tehnik_V-200x200.png\" alt class=\"img-responsive wp-image-13837\" srcset=\"https:\/\/www.egss.si\/wp-content\/uploads\/2018\/07\/ekonomski_tehnik_V-200x200.png 200w, https:\/\/www.egss.si\/wp-content\/uploads\/2018\/07\/ekonomski_tehnik_V-400x400.png 400w, https:\/\/www.egss.si\/wp-content\/uploads\/2018\/07\/ekonomski_tehnik_V.png 500w\" sizes=\"(max-width: 1024px) 100vw, (max-width: 640px) 100vw, 400px\" \/><\/span><\/div><div class=\"fusion-separator\" style=\"align-self: center;margin-left: auto;margin-right: auto;margin-top:17px;margin-bottom:13px;width:100%;max-width:100px;\"><\/div><div class=\"fusion-text fusion-text-3\"><h3 style=\"text-align: center;\">Ekonomski tehnik<\/h3>\n<\/div><\/div><\/div><div class=\"fusion-layout-column fusion_builder_column fusion-builder-column-4 fusion_builder_column_1_3 1_3 fusion-flex-column\" style=\"--awb-bg-size:cover;--awb-width-large:33.333333333333%;--awb-margin-top-large:0px;--awb-spacing-right-large:5.76%;--awb-margin-bottom-large:20px;--awb-spacing-left-large:5.76%;--awb-width-medium:100%;--awb-spacing-right-medium:1.92%;--awb-spacing-left-medium:1.92%;--awb-width-small:100%;--awb-spacing-right-small:1.92%;--awb-spacing-left-small:1.92%;\"><div class=\"fusion-column-wrapper fusion-flex-justify-content-flex-start fusion-content-layout-column\"><div class=\"fusion-image-element \" style=\"text-align:center;--awb-caption-title-font-family:var(--h2_typography-font-family);--awb-caption-title-font-weight:var(--h2_typography-font-weight);--awb-caption-title-font-style:var(--h2_typography-font-style);--awb-caption-title-size:var(--h2_typography-font-size);--awb-caption-title-transform:var(--h2_typography-text-transform);--awb-caption-title-line-height:var(--h2_typography-line-height);--awb-caption-title-letter-spacing:var(--h2_typography-letter-spacing);\"><span class=\" fusion-imageframe imageframe-none imageframe-4 hover-type-none\" style=\"border-radius:5px;\"><img decoding=\"async\" width=\"200\" height=\"200\" title=\"medijski_tehnik_V\" src=\"http:\/\/www.egss.si\/wp-content\/uploads\/2018\/07\/medijski_tehnik_V-200x200.png\" alt class=\"img-responsive wp-image-13835\" srcset=\"https:\/\/www.egss.si\/wp-content\/uploads\/2018\/07\/medijski_tehnik_V-200x200.png 200w, https:\/\/www.egss.si\/wp-content\/uploads\/2018\/07\/medijski_tehnik_V-400x400.png 400w, https:\/\/www.egss.si\/wp-content\/uploads\/2018\/07\/medijski_tehnik_V.png 500w\" sizes=\"(max-width: 1024px) 100vw, (max-width: 640px) 100vw, 400px\" \/><\/span><\/div><div class=\"fusion-separator\" style=\"align-self: center;margin-left: auto;margin-right: auto;margin-top:17px;margin-bottom:13px;width:100%;max-width:100px;\"><\/div><div class=\"fusion-text fusion-text-4\"><h3 style=\"text-align: center;\">Medijski tehnik<\/h3>\n<\/div><\/div><\/div><\/div><\/div><\/p>\n","protected":false},"excerpt":{"rendered":"","protected":false},"author":3,"featured_media":0,"parent":0,"menu_order":0,"comment_status":"closed","ping_status":"closed","template":"100-width.php","meta":{"_monsterinsights_skip_tracking":false,"_monsterinsights_sitenote_active":false,"_monsterinsights_sitenote_note":"","_monsterinsights_sitenote_category":0,"two_page_speed":[],"footnotes":""},"class_list":["post-13601","page","type-page","status-publish","hentry"],"_links":{"self":[{"href":"https:\/\/www.egss.si\/index.php\/wp-json\/wp\/v2\/pages\/13601","targetHints":{"allow":["GET"]}}],"collection":[{"href":"https:\/\/www.egss.si\/index.php\/wp-json\/wp\/v2\/pages"}],"about":[{"href":"https:\/\/www.egss.si\/index.php\/wp-json\/wp\/v2\/types\/page"}],"author":[{"embeddable":true,"href":"https:\/\/www.egss.si\/index.php\/wp-json\/wp\/v2\/users\/3"}],"replies":[{"embeddable":true,"href":"https:\/\/www.egss.si\/index.php\/wp-json\/wp\/v2\/comments?post=13601"}],"version-history":[{"count":61,"href":"https:\/\/www.egss.si\/index.php\/wp-json\/wp\/v2\/pages\/13601\/revisions"}],"predecessor-version":[{"id":19207,"href":"https:\/\/www.egss.si\/index.php\/wp-json\/wp\/v2\/pages\/13601\/revisions\/19207"}],"wp:attachment":[{"href":"https:\/\/www.egss.si\/index.php\/wp-json\/wp\/v2\/media?parent=13601"}],"curies":[{"name":"wp","href":"https:\/\/api.w.org\/{rel}","templated":true}]}}