{"id":13538,"date":"2018-06-18T21:11:52","date_gmt":"2018-06-18T19:11:52","guid":{"rendered":"http:\/\/341.gvs.arnes.si\/wordpress\/?page_id=13538"},"modified":"2026-04-17T10:59:13","modified_gmt":"2026-04-17T08:59:13","slug":"pud-v-tujini","status":"publish","type":"page","link":"https:\/\/www.egss.si\/index.php\/pud-v-tujini\/","title":{"rendered":"PUD v tujini"},"content":{"rendered":"<p><div class=\"fusion-fullwidth fullwidth-box fusion-builder-row-1 nonhundred-percent-fullwidth non-hundred-percent-height-scrolling\" style=\"--awb-border-radius-top-left:0px;--awb-border-radius-top-right:0px;--awb-border-radius-bottom-right:0px;--awb-border-radius-bottom-left:0px;--awb-padding-top:0px;--awb-padding-bottom:0px;--awb-background-color:#ffffff;--awb-flex-wrap:wrap;\" ><div class=\"fusion-builder-row fusion-row\"><div class=\"fusion-layout-column fusion_builder_column fusion-builder-column-0 fusion_builder_column_1_1 1_1 fusion-one-full fusion-column-first fusion-column-last\" style=\"--awb-bg-size:cover;--awb-margin-bottom:0px;\"><div class=\"fusion-column-wrapper fusion-flex-column-wrapper-legacy\"><div class=\"fusion-image-element fusion-image-align-center in-legacy-container\" style=\"text-align:center;--awb-caption-title-font-family:var(--h2_typography-font-family);--awb-caption-title-font-weight:var(--h2_typography-font-weight);--awb-caption-title-font-style:var(--h2_typography-font-style);--awb-caption-title-size:var(--h2_typography-font-size);--awb-caption-title-transform:var(--h2_typography-text-transform);--awb-caption-title-line-height:var(--h2_typography-line-height);--awb-caption-title-letter-spacing:var(--h2_typography-letter-spacing);\"><div class=\"imageframe-align-center\"><span class=\" fusion-imageframe imageframe-none imageframe-1 hover-type-none\" style=\"border-radius:5px;\"><img decoding=\"async\" width=\"1441\" height=\"223\" title=\"header_PUD TUJINA\" src=\"http:\/\/www.egss.si\/wp-content\/uploads\/2019\/01\/header_PUD-TUJINA.png\" alt class=\"img-responsive wp-image-15184\" srcset=\"https:\/\/www.egss.si\/wp-content\/uploads\/2019\/01\/header_PUD-TUJINA-200x31.png 200w, https:\/\/www.egss.si\/wp-content\/uploads\/2019\/01\/header_PUD-TUJINA-400x62.png 400w, https:\/\/www.egss.si\/wp-content\/uploads\/2019\/01\/header_PUD-TUJINA-600x93.png 600w, https:\/\/www.egss.si\/wp-content\/uploads\/2019\/01\/header_PUD-TUJINA-800x124.png 800w, https:\/\/www.egss.si\/wp-content\/uploads\/2019\/01\/header_PUD-TUJINA-1200x186.png 1200w, https:\/\/www.egss.si\/wp-content\/uploads\/2019\/01\/header_PUD-TUJINA.png 1441w\" sizes=\"(max-width: 1050px) 100vw, 1200px\" \/><\/span><\/div><\/div><div class=\"fusion-clearfix\"><\/div><\/div><\/div><\/div><\/div><div class=\"fusion-fullwidth fullwidth-box fusion-builder-row-2 nonhundred-percent-fullwidth non-hundred-percent-height-scrolling\" style=\"--awb-border-radius-top-left:0px;--awb-border-radius-top-right:0px;--awb-border-radius-bottom-right:0px;--awb-border-radius-bottom-left:0px;--awb-flex-wrap:wrap;\" ><div class=\"fusion-builder-row fusion-row\"><div class=\"fusion-layout-column fusion_builder_column fusion-builder-column-1 fusion_builder_column_1_1 1_1 fusion-one-full fusion-column-first fusion-column-last\" style=\"--awb-bg-size:cover;\"><div class=\"fusion-column-wrapper fusion-flex-column-wrapper-legacy\"><div class=\"fusion-text fusion-text-1\"><h1><strong>Razpis za Erasmus+ mobilnost 2025\/2026<br \/>\n<\/strong><\/h1>\n<h2><\/h2>\n<p>PRAKSA V TUJINI<\/p>\n<p>V \u0161olskem letu 2025\/2026 bo 36 dijakov, vpisanih v programa srednjega strokovnega izobra\u017eevanja, opravljalo prakti\u010dno usposabljanje z delom na Malti in na Portugalskem. Rezervna destinacija je Irska. Predvidoma bo trajala od 22. 5. do 11. 6. 2026. Delovni jezik bo angle\u0161\u010dina.<\/p>\n<p>Oglejte si razpisno dokumentacijo:\u00a0<a href=\"https:\/\/www.egss.si\/wp-content\/uploads\/2025\/10\/Povabilo_k_sodelovanju.docx\" target=\"_blank\" rel=\"noopener\">razpis<\/a><\/p>\n<p>Pred izpolnjevanjem prilog natan\u010dno preberite vsa navodila.<\/p>\n<p>Ostala dokumentacija:<br \/>\n<a href=\"https:\/\/www.egss.si\/wp-content\/uploads\/2025\/10\/Prijavnica_na_prakso_v_tujini_-2025-26.docx\" target=\"_blank\" rel=\"noopener\">Prijavnica na prakso v tujini<\/a><\/p>\n<p>V pomo\u010d so vam:<br \/>\n<a href=\"https:\/\/www.egss.si\/wp-content\/uploads\/2019\/05\/Evropska_jezikovna_lestvica.pdf\" target=\"_blank\" rel=\"noopener\">Evropska jezikovna lestvica<\/a><\/p>\n<p><a href=\"https:\/\/www.egss.si\/wp-content\/uploads\/2025\/10\/Portfolio_navodila_prijavni-postopek_2025-26.docx\" target=\"_blank\" rel=\"noopener\">Portfolio<\/a><\/p>\n<p><a href=\"https:\/\/www.egss.si\/wp-content\/uploads\/2025\/10\/Kako_izpolnim_CV_in_ML.pdf\" target=\"_blank\" rel=\"noopener\">Kako izpolnim CV ali ML<\/a><\/p>\n<p>Rok za prijavo je <u>do vklju\u010dno torka, 7. 10. 2025, do 14. ure.<\/u><\/p>\n<p>Helena Thilakarathna Velikanje, koordinatorka projekta<\/p>\n<\/div><div class=\"fusion-sep-clear\"><\/div><div class=\"fusion-separator fusion-full-width-sep\" style=\"margin-left: auto;margin-right: auto;width:100%;\"><div class=\"fusion-separator-border sep-single\" style=\"--awb-height:20px;--awb-amount:20px;border-color:#e0dede;border-top-width:1px;\"><\/div><\/div><div class=\"fusion-sep-clear\"><\/div><div class=\"fusion-text fusion-text-2\"><h1 class=\"entry-title fusion-post-title\">Praznujmo skupaj erasmusove dneve 2023!<\/h1>\n<h1><\/h1>\n<p>Leto\u0161nji Erasmusovi dnevi potekajo pod geslom <strong>6 dni, da Evropa zasije! <\/strong>S sodelovanjem na\u0161a \u0161ola prispeva k \u0161irjenju pozitivnih u\u010dinkov programa Erasmus+, krepi pomen mednarodnega sodelovanja in izbolj\u0161uje kakovost izobra\u017eevanja.<\/p>\n<p>V zakulisju na\u0161e ekipe Erasmus+, ki se bo odpravila februarja 2024 na prakso v Brago, je \u017ee ves \u010das zelo delovno in vznemirljivo.<\/p>\n<p>Na\u0161i erasmusovci so \u017ee napisali svoje \u017eivljenjepise v angle\u0161\u010dini. Sedaj so v fazi snemanja kratkih promocijskih posnetkov, s katerimi bodo lahko prepri\u010dali bodo\u010de delodajalce, da nameravajo dati vse od sebe.<\/p>\n<p>Dijaki so \u017ee imeli intervju z novinarko \u010dasopisa Dnevnik, ta teden pa bodo posneli \u0161e prispevek za Radio Triglav ter Youtube prispevek.<\/p>\n<p>\u010cesa jih je strah, \u010desa se veselijo in kaj pri\u010dakujejo, boste izvedeli v objavljenih prispevkih.<\/p>\n\n\t\t<style type=\"text\/css\">\n\t\t\t#gallery-1 {\n\t\t\t\tmargin: auto;\n\t\t\t}\n\t\t\t#gallery-1 .gallery-item {\n\t\t\t\tfloat: left;\n\t\t\t\tmargin-top: 10px;\n\t\t\t\ttext-align: center;\n\t\t\t\twidth: 50%;\n\t\t\t}\n\t\t\t#gallery-1 img {\n\t\t\t\tborder: 2px solid #cfcfcf;\n\t\t\t}\n\t\t\t#gallery-1 .gallery-caption {\n\t\t\t\tmargin-left: 0;\n\t\t\t}\n\t\t\t\/* see gallery_shortcode() in wp-includes\/media.php *\/\n\t\t<\/style>\n\t\t<div id='gallery-1' class='gallery galleryid-13538 gallery-columns-2 gallery-size-fusion-600'><dl class='gallery-item'>\n\t\t\t<dt class='gallery-icon landscape'>\n\t\t\t\t<a data-rel=\"iLightbox[postimages]\" data-title=\"Erasmus_2024\" data-caption=\"\" href='https:\/\/www.egss.si\/wp-content\/uploads\/2023\/10\/Erasmus_2024-scaled.jpg'><img decoding=\"async\" width=\"600\" height=\"314\" src=\"https:\/\/www.egss.si\/wp-content\/uploads\/2023\/10\/Erasmus_2024-600x314.jpg\" class=\"attachment-fusion-600 size-fusion-600\" alt=\"\" srcset=\"https:\/\/www.egss.si\/wp-content\/uploads\/2023\/10\/Erasmus_2024-200x105.jpg 200w, https:\/\/www.egss.si\/wp-content\/uploads\/2023\/10\/Erasmus_2024-300x157.jpg 300w, https:\/\/www.egss.si\/wp-content\/uploads\/2023\/10\/Erasmus_2024-400x209.jpg 400w, https:\/\/www.egss.si\/wp-content\/uploads\/2023\/10\/Erasmus_2024-600x314.jpg 600w, https:\/\/www.egss.si\/wp-content\/uploads\/2023\/10\/Erasmus_2024-768x402.jpg 768w, https:\/\/www.egss.si\/wp-content\/uploads\/2023\/10\/Erasmus_2024-800x418.jpg 800w, https:\/\/www.egss.si\/wp-content\/uploads\/2023\/10\/Erasmus_2024-1024x535.jpg 1024w, https:\/\/www.egss.si\/wp-content\/uploads\/2023\/10\/Erasmus_2024-1200x627.jpg 1200w, https:\/\/www.egss.si\/wp-content\/uploads\/2023\/10\/Erasmus_2024-1536x803.jpg 1536w\" sizes=\"(max-width: 600px) 100vw, 600px\" \/><\/a>\n\t\t\t<\/dt><\/dl><dl class='gallery-item'>\n\t\t\t<dt class='gallery-icon landscape'>\n\t\t\t\t<a data-rel=\"iLightbox[postimages]\" data-title=\"3_b_Erasmus_EGSS_2023_24\" data-caption=\"\" href='https:\/\/www.egss.si\/wp-content\/uploads\/2023\/10\/3_b_Erasmus_EGSS_2023_24-e1697022934205.jpg'><img decoding=\"async\" width=\"600\" height=\"394\" src=\"https:\/\/www.egss.si\/wp-content\/uploads\/2023\/10\/3_b_Erasmus_EGSS_2023_24-600x394.jpg\" class=\"attachment-fusion-600 size-fusion-600\" alt=\"\" srcset=\"https:\/\/www.egss.si\/wp-content\/uploads\/2023\/10\/3_b_Erasmus_EGSS_2023_24-200x131.jpg 200w, https:\/\/www.egss.si\/wp-content\/uploads\/2023\/10\/3_b_Erasmus_EGSS_2023_24-300x197.jpg 300w, https:\/\/www.egss.si\/wp-content\/uploads\/2023\/10\/3_b_Erasmus_EGSS_2023_24-400x263.jpg 400w, https:\/\/www.egss.si\/wp-content\/uploads\/2023\/10\/3_b_Erasmus_EGSS_2023_24-600x394.jpg 600w, https:\/\/www.egss.si\/wp-content\/uploads\/2023\/10\/3_b_Erasmus_EGSS_2023_24-768x504.jpg 768w, https:\/\/www.egss.si\/wp-content\/uploads\/2023\/10\/3_b_Erasmus_EGSS_2023_24-e1697022934205.jpg 800w, https:\/\/www.egss.si\/wp-content\/uploads\/2023\/10\/3_b_Erasmus_EGSS_2023_24-1024x672.jpg 1024w, https:\/\/www.egss.si\/wp-content\/uploads\/2023\/10\/3_b_Erasmus_EGSS_2023_24-1200x788.jpg 1200w, https:\/\/www.egss.si\/wp-content\/uploads\/2023\/10\/3_b_Erasmus_EGSS_2023_24-1536x1009.jpg 1536w\" sizes=\"(max-width: 600px) 100vw, 600px\" \/><\/a>\n\t\t\t<\/dt><\/dl><br style=\"clear: both\" \/>\n\t\t<\/div>\n\n<p>Maja Najdi\u010d<\/p>\n<\/div><div class=\"fusion-sep-clear\"><\/div><div class=\"fusion-separator fusion-full-width-sep\" style=\"margin-left: auto;margin-right: auto;width:100%;\"><div class=\"fusion-separator-border sep-single\" style=\"--awb-height:20px;--awb-amount:20px;border-color:#e0dede;border-top-width:1px;\"><\/div><\/div><div class=\"fusion-sep-clear\"><\/div><div class=\"fusion-text fusion-text-3\"><h1>Erasmus+ mobilnost<\/h1>\n<h1><\/h1>\n<p>V \u0161olskem letu 2022\/23 prakse v tujini nismo izvajali.<\/p>\n<p>Helena Thilakarathna Velikanje, koordinatorica Erasmus+ mobilnosti<\/p>\n<\/div><div class=\"fusion-sep-clear\"><\/div><div class=\"fusion-separator fusion-full-width-sep\" style=\"margin-left: auto;margin-right: auto;width:100%;\"><div class=\"fusion-separator-border sep-single\" style=\"--awb-height:20px;--awb-amount:20px;border-color:#e0dede;border-top-width:1px;\"><\/div><\/div><div class=\"fusion-sep-clear\"><\/div><div class=\"fusion-text fusion-text-4\"><h1>Erasmus+ mobilnost<\/h1>\n<h1><\/h1>\n<p>V \u0161olskem letu 2021\/22 prakse v tujini nismo izvajali.<\/p>\n<p>Helena Thilakarathna Velikanje, koordinatorica Erasmus+ mobilnosti<\/p>\n<\/div><div class=\"fusion-sep-clear\"><\/div><div class=\"fusion-separator fusion-full-width-sep\" style=\"margin-left: auto;margin-right: auto;width:100%;\"><div class=\"fusion-separator-border sep-single\" style=\"--awb-height:20px;--awb-amount:20px;border-color:#e0dede;border-top-width:1px;\"><\/div><\/div><div class=\"fusion-sep-clear\"><\/div><div class=\"fusion-text fusion-text-5\"><h1>Erasmus+ mobilnost<\/h1>\n<h1><\/h1>\n<p>V \u0161olskem letu 2020\/21 prakse v tujini nismo izvajali.<\/p>\n<p>Helena Thilakarathna Velikanje, koordinatorica Erasmus+ mobilnosti<\/p>\n<\/div><div class=\"fusion-sep-clear\"><\/div><div class=\"fusion-separator fusion-full-width-sep\" style=\"margin-left: auto;margin-right: auto;width:100%;\"><div class=\"fusion-separator-border sep-single\" style=\"--awb-height:20px;--awb-amount:20px;border-color:#e0dede;border-top-width:1px;\"><\/div><\/div><div class=\"fusion-sep-clear\"><\/div><div class=\"fusion-text fusion-text-6\"><h1>Spomin na Erasmus+ mobilnost<\/h1>\n<p>Minilo je natanko eno leto od Erasmus+ mobilnosti na\u0161ih dijakov v Bragi na Portugalskem. Zato smo se za spomin fotografirali z Europass potrdili. Naslednja skupina se v Brago odpravlja v nedeljo, 27. 10. 2019.<\/p>\n<p>Vabljeni, da spremljate njihova javljanja na tej spletni strani, FB in Instagramu EGS\u0160 Radovljica.<\/p>\n<p>Helena Thilakarathna Velikanje, koordinatorica Erasmus+ mobilnosti<\/p>\n<p><img decoding=\"async\" class=\"alignnone size-medium wp-image-17334\" src=\"https:\/\/www.egss.si\/wp-content\/uploads\/2019\/10\/Podelitev_Europass_Braga_2018-19-300x214.jpg\" alt=\"\" width=\"300\" height=\"214\" srcset=\"https:\/\/www.egss.si\/wp-content\/uploads\/2019\/10\/Podelitev_Europass_Braga_2018-19-200x143.jpg 200w, https:\/\/www.egss.si\/wp-content\/uploads\/2019\/10\/Podelitev_Europass_Braga_2018-19-300x214.jpg 300w, https:\/\/www.egss.si\/wp-content\/uploads\/2019\/10\/Podelitev_Europass_Braga_2018-19-400x286.jpg 400w, https:\/\/www.egss.si\/wp-content\/uploads\/2019\/10\/Podelitev_Europass_Braga_2018-19-600x429.jpg 600w, https:\/\/www.egss.si\/wp-content\/uploads\/2019\/10\/Podelitev_Europass_Braga_2018-19-768x549.jpg 768w, https:\/\/www.egss.si\/wp-content\/uploads\/2019\/10\/Podelitev_Europass_Braga_2018-19-800x571.jpg 800w, https:\/\/www.egss.si\/wp-content\/uploads\/2019\/10\/Podelitev_Europass_Braga_2018-19-1024x731.jpg 1024w, https:\/\/www.egss.si\/wp-content\/uploads\/2019\/10\/Podelitev_Europass_Braga_2018-19-1200x857.jpg 1200w\" sizes=\"(max-width: 300px) 100vw, 300px\" \/><\/p>\n<\/div><div class=\"fusion-sep-clear\"><\/div><div class=\"fusion-separator fusion-full-width-sep\" style=\"margin-left: auto;margin-right: auto;width:100%;\"><div class=\"fusion-separator-border sep-single\" style=\"--awb-height:20px;--awb-amount:20px;border-color:#e0dede;border-top-width:1px;\"><\/div><\/div><div class=\"fusion-sep-clear\"><\/div><div class=\"fusion-text fusion-text-7\"><h1>Priprave za Portugalsko v Cerknem<\/h1>\n<p>V soboto, 5. 10. 2019, smo se ob 11. uri zjutraj zbrali pred \u0161olo. Polni pri\u010dakovanj smo\u00a0 nestrpno \u010dakali, da se bomo vkrcali na avtobus in se odpeljali proti Cerknem. Vo\u017enja je bila zaradi ovinkov \u010dez Kladje in del na cesti naporna, vendar pa je na sre\u010do kar hitro minila. Ko smo stopili v hotel, sta nam profesorici podali nekaj navodil, nato pa smo lahko od\u0161li v sobe. Po kosilu, ki je bilo samopostre\u017eno in zelo okusno, smo imeli nekaj prostega \u010dasa. Lahko smo gledali filme, od\u0161li na bazen ali pa v fitnes. Imeli smo tudi dve uri \u010dasa za u\u010denje in \u0161olske obveznosti. Vsak si je na\u0161el nekaj, ve\u010dina pa smo prosti \u010das izkoristili ob dru\u017eenju v sobah ali pa na bazenu. Nato smo vzeli ra\u010dunalnike ter od\u0161li v sejno sobo, kjer smo se bolje spoznali drug z drugim ter se pogovarjali o praksi v tujini in o sami Portugalski. Ko smo kon\u010dali z delom, smo \u0161li\u00a0 na hotelsko ve\u010derjo, potem pa smo spet imeli \u010das za dejavnosti po izbiri, nekaj smo ga porabili za pripravo predstavitve\u00a0 Portugalske in krajev, ki jih bomo tam obiskali. Naslednji dan smo vstali zjutraj ob sedmih ter se\u00a0 po zajtrku podali na kratek pohod do gozdarskega vrta, kjer smo ob\u010dudovali lepote narave in napisali vsak svoj haiku, to je japonska\u00a0pesni\u0161ka\u00a0oblika, ki obsega\u00a0sedemnajst\u00a0zlogov. Ko smo pri\u0161li nazaj v hotel, smo predstavili na\u0161a odkritja o Portugalski in od\u0161li na kosilo. Po kosilu smo pobrali svoje stvari in se odpeljali nazaj proti \u0161oli oziroma domu. Priprave so bile neverjetna izku\u0161nja, saj smo se med seboj bolje spoznali, se povezali in odnesli veliko novega znanja o Portugalski, ki nam bo zagotovo koristilo na vseh ekskurzijah, ki se jih bomo med na\u0161o enaindvajsetdnevno prakso tam udele\u017eili.<\/p>\n<p>Nejc Muhi\u010d, 3. b<\/p>\n\n\t\t<style type=\"text\/css\">\n\t\t\t#gallery-2 {\n\t\t\t\tmargin: auto;\n\t\t\t}\n\t\t\t#gallery-2 .gallery-item {\n\t\t\t\tfloat: left;\n\t\t\t\tmargin-top: 10px;\n\t\t\t\ttext-align: center;\n\t\t\t\twidth: 50%;\n\t\t\t}\n\t\t\t#gallery-2 img {\n\t\t\t\tborder: 2px solid #cfcfcf;\n\t\t\t}\n\t\t\t#gallery-2 .gallery-caption {\n\t\t\t\tmargin-left: 0;\n\t\t\t}\n\t\t\t\/* see gallery_shortcode() in wp-includes\/media.php *\/\n\t\t<\/style>\n\t\t<div id='gallery-2' class='gallery galleryid-13538 gallery-columns-2 gallery-size-400'><dl class='gallery-item'>\n\t\t\t<dt class='gallery-icon landscape'>\n\t\t\t\t<a data-rel=\"iLightbox[postimages]\" data-title=\"Cerkno_priprave\" data-caption=\"\" href='https:\/\/www.egss.si\/wp-content\/uploads\/2019\/10\/Cerkno_priprave.jpg'><img decoding=\"async\" width=\"1052\" height=\"789\" src=\"https:\/\/www.egss.si\/wp-content\/uploads\/2019\/10\/Cerkno_priprave.jpg\" class=\"attachment-400 size-400\" alt=\"\" srcset=\"https:\/\/www.egss.si\/wp-content\/uploads\/2019\/10\/Cerkno_priprave-200x150.jpg 200w, https:\/\/www.egss.si\/wp-content\/uploads\/2019\/10\/Cerkno_priprave-300x225.jpg 300w, https:\/\/www.egss.si\/wp-content\/uploads\/2019\/10\/Cerkno_priprave-400x300.jpg 400w, https:\/\/www.egss.si\/wp-content\/uploads\/2019\/10\/Cerkno_priprave-600x450.jpg 600w, https:\/\/www.egss.si\/wp-content\/uploads\/2019\/10\/Cerkno_priprave-768x576.jpg 768w, https:\/\/www.egss.si\/wp-content\/uploads\/2019\/10\/Cerkno_priprave-800x600.jpg 800w, https:\/\/www.egss.si\/wp-content\/uploads\/2019\/10\/Cerkno_priprave-1024x768.jpg 1024w, https:\/\/www.egss.si\/wp-content\/uploads\/2019\/10\/Cerkno_priprave.jpg 1052w\" sizes=\"(max-width: 1052px) 100vw, 1052px\" \/><\/a>\n\t\t\t<\/dt><\/dl><dl class='gallery-item'>\n\t\t\t<dt class='gallery-icon landscape'>\n\t\t\t\t<a data-rel=\"iLightbox[postimages]\" data-title=\"Cerkno_haiku\" data-caption=\"\" href='https:\/\/www.egss.si\/wp-content\/uploads\/2019\/10\/Cerkno_haiku.jpg'><img decoding=\"async\" width=\"987\" height=\"740\" src=\"https:\/\/www.egss.si\/wp-content\/uploads\/2019\/10\/Cerkno_haiku.jpg\" class=\"attachment-400 size-400\" alt=\"\" srcset=\"https:\/\/www.egss.si\/wp-content\/uploads\/2019\/10\/Cerkno_haiku-200x150.jpg 200w, https:\/\/www.egss.si\/wp-content\/uploads\/2019\/10\/Cerkno_haiku-300x225.jpg 300w, https:\/\/www.egss.si\/wp-content\/uploads\/2019\/10\/Cerkno_haiku-400x300.jpg 400w, https:\/\/www.egss.si\/wp-content\/uploads\/2019\/10\/Cerkno_haiku-600x450.jpg 600w, https:\/\/www.egss.si\/wp-content\/uploads\/2019\/10\/Cerkno_haiku-768x576.jpg 768w, https:\/\/www.egss.si\/wp-content\/uploads\/2019\/10\/Cerkno_haiku-800x600.jpg 800w, https:\/\/www.egss.si\/wp-content\/uploads\/2019\/10\/Cerkno_haiku.jpg 987w\" sizes=\"(max-width: 987px) 100vw, 987px\" \/><\/a>\n\t\t\t<\/dt><\/dl><br style=\"clear: both\" \/><dl class='gallery-item'>\n\t\t\t<dt class='gallery-icon landscape'>\n\t\t\t\t<a data-rel=\"iLightbox[postimages]\" data-title=\"Cerkno_gozd\" data-caption=\"\" href='https:\/\/www.egss.si\/wp-content\/uploads\/2019\/10\/Cerkno_gozd.jpeg'><img decoding=\"async\" width=\"1600\" height=\"720\" src=\"https:\/\/www.egss.si\/wp-content\/uploads\/2019\/10\/Cerkno_gozd.jpeg\" class=\"attachment-400 size-400\" alt=\"\" srcset=\"https:\/\/www.egss.si\/wp-content\/uploads\/2019\/10\/Cerkno_gozd-200x90.jpeg 200w, https:\/\/www.egss.si\/wp-content\/uploads\/2019\/10\/Cerkno_gozd-300x135.jpeg 300w, https:\/\/www.egss.si\/wp-content\/uploads\/2019\/10\/Cerkno_gozd-400x180.jpeg 400w, https:\/\/www.egss.si\/wp-content\/uploads\/2019\/10\/Cerkno_gozd-600x270.jpeg 600w, https:\/\/www.egss.si\/wp-content\/uploads\/2019\/10\/Cerkno_gozd-768x346.jpeg 768w, https:\/\/www.egss.si\/wp-content\/uploads\/2019\/10\/Cerkno_gozd-800x360.jpeg 800w, https:\/\/www.egss.si\/wp-content\/uploads\/2019\/10\/Cerkno_gozd-1024x461.jpeg 1024w, https:\/\/www.egss.si\/wp-content\/uploads\/2019\/10\/Cerkno_gozd-1200x540.jpeg 1200w, https:\/\/www.egss.si\/wp-content\/uploads\/2019\/10\/Cerkno_gozd.jpeg 1600w\" sizes=\"(max-width: 1600px) 100vw, 1600px\" \/><\/a>\n\t\t\t<\/dt><\/dl><dl class='gallery-item'>\n\t\t\t<dt class='gallery-icon landscape'>\n\t\t\t\t<a data-rel=\"iLightbox[postimages]\" data-title=\"Cerkno_delo_v_skupini\" data-caption=\"\" href='https:\/\/www.egss.si\/wp-content\/uploads\/2019\/10\/Cerkno_delo_v_skupini.jpg'><img decoding=\"async\" width=\"5664\" height=\"2752\" src=\"https:\/\/www.egss.si\/wp-content\/uploads\/2019\/10\/Cerkno_delo_v_skupini.jpg\" class=\"attachment-400 size-400\" alt=\"\" srcset=\"https:\/\/www.egss.si\/wp-content\/uploads\/2019\/10\/Cerkno_delo_v_skupini-200x97.jpg 200w, https:\/\/www.egss.si\/wp-content\/uploads\/2019\/10\/Cerkno_delo_v_skupini-300x146.jpg 300w, https:\/\/www.egss.si\/wp-content\/uploads\/2019\/10\/Cerkno_delo_v_skupini-400x194.jpg 400w, https:\/\/www.egss.si\/wp-content\/uploads\/2019\/10\/Cerkno_delo_v_skupini-600x292.jpg 600w, https:\/\/www.egss.si\/wp-content\/uploads\/2019\/10\/Cerkno_delo_v_skupini-768x373.jpg 768w, https:\/\/www.egss.si\/wp-content\/uploads\/2019\/10\/Cerkno_delo_v_skupini-800x389.jpg 800w, https:\/\/www.egss.si\/wp-content\/uploads\/2019\/10\/Cerkno_delo_v_skupini-1024x498.jpg 1024w, https:\/\/www.egss.si\/wp-content\/uploads\/2019\/10\/Cerkno_delo_v_skupini-1200x583.jpg 1200w, https:\/\/www.egss.si\/wp-content\/uploads\/2019\/10\/Cerkno_delo_v_skupini.jpg 5664w\" sizes=\"(max-width: 5664px) 100vw, 5664px\" \/><\/a>\n\t\t\t<\/dt><\/dl><br style=\"clear: both\" \/>\n\t\t<\/div>\n\n<\/div><div class=\"fusion-sep-clear\"><\/div><div class=\"fusion-separator fusion-full-width-sep\" style=\"margin-left: auto;margin-right: auto;width:100%;\"><div class=\"fusion-separator-border sep-single\" style=\"--awb-height:20px;--awb-amount:20px;border-color:#e0dede;border-top-width:1px;\"><\/div><\/div><div class=\"fusion-sep-clear\"><\/div><div class=\"fusion-text fusion-text-8\"><p><img decoding=\"async\" class=\"alignnone size-medium wp-image-16468\" src=\"https:\/\/www.egss.si\/wp-content\/uploads\/2019\/05\/erasmus_logotip-300x161.jpg\" alt=\"\" width=\"300\" height=\"161\" srcset=\"https:\/\/www.egss.si\/wp-content\/uploads\/2019\/05\/erasmus_logotip-200x107.jpg 200w, https:\/\/www.egss.si\/wp-content\/uploads\/2019\/05\/erasmus_logotip-300x161.jpg 300w, https:\/\/www.egss.si\/wp-content\/uploads\/2019\/05\/erasmus_logotip-400x214.jpg 400w, https:\/\/www.egss.si\/wp-content\/uploads\/2019\/05\/erasmus_logotip-600x321.jpg 600w, https:\/\/www.egss.si\/wp-content\/uploads\/2019\/05\/erasmus_logotip-768x411.jpg 768w, https:\/\/www.egss.si\/wp-content\/uploads\/2019\/05\/erasmus_logotip-800x429.jpg 800w, https:\/\/www.egss.si\/wp-content\/uploads\/2019\/05\/erasmus_logotip.jpg 840w\" sizes=\"(max-width: 300px) 100vw, 300px\" \/><\/p>\n<\/div><div class=\"fusion-sep-clear\"><\/div><div class=\"fusion-separator fusion-full-width-sep\" style=\"margin-left: auto;margin-right: auto;margin-top:20px;margin-bottom:20px;width:100%;\"><\/div><div class=\"fusion-sep-clear\"><\/div><div class=\"fusion-text fusion-text-9\"><h1 style=\"text-align: center;\">Braga, Portugalska 2018\/2019<\/h1>\n<\/div><div class=\"fusion-video fusion-youtube fusion-aligncenter\" style=\"--awb-max-width:1280px;--awb-max-height:720px;--awb-width:100%;\"><div class=\"video-shortcode\"><div class=\"fluid-width-video-wrapper\" style=\"padding-top:56.25%;\" ><iframe title=\"YouTube video player 1\" src=\"https:\/\/www.youtube.com\/embed\/Malf5-TdgdY?wmode=transparent&autoplay=0\" width=\"1280\" height=\"720\" allowfullscreen allow=\"autoplay; clipboard-write; encrypted-media; gyroscope; picture-in-picture;\"><\/iframe><\/div><\/div><\/div><div class=\"fusion-sep-clear\"><\/div><div class=\"fusion-separator fusion-full-width-sep\" style=\"margin-left: auto;margin-right: auto;margin-top:20px;margin-bottom:20px;width:100%;\"><\/div><div class=\"fusion-sep-clear\"><\/div><div class=\"fusion-clearfix\"><\/div><\/div><\/div><\/div><\/div><\/p>\n","protected":false},"excerpt":{"rendered":"","protected":false},"author":3,"featured_media":0,"parent":0,"menu_order":0,"comment_status":"closed","ping_status":"closed","template":"100-width.php","meta":{"_monsterinsights_skip_tracking":false,"_monsterinsights_sitenote_active":false,"_monsterinsights_sitenote_note":"","_monsterinsights_sitenote_category":0,"two_page_speed":[],"footnotes":""},"class_list":["post-13538","page","type-page","status-publish","hentry"],"_links":{"self":[{"href":"https:\/\/www.egss.si\/index.php\/wp-json\/wp\/v2\/pages\/13538","targetHints":{"allow":["GET"]}}],"collection":[{"href":"https:\/\/www.egss.si\/index.php\/wp-json\/wp\/v2\/pages"}],"about":[{"href":"https:\/\/www.egss.si\/index.php\/wp-json\/wp\/v2\/types\/page"}],"author":[{"embeddable":true,"href":"https:\/\/www.egss.si\/index.php\/wp-json\/wp\/v2\/users\/3"}],"replies":[{"embeddable":true,"href":"https:\/\/www.egss.si\/index.php\/wp-json\/wp\/v2\/comments?post=13538"}],"version-history":[{"count":60,"href":"https:\/\/www.egss.si\/index.php\/wp-json\/wp\/v2\/pages\/13538\/revisions"}],"predecessor-version":[{"id":25242,"href":"https:\/\/www.egss.si\/index.php\/wp-json\/wp\/v2\/pages\/13538\/revisions\/25242"}],"wp:attachment":[{"href":"https:\/\/www.egss.si\/index.php\/wp-json\/wp\/v2\/media?parent=13538"}],"curies":[{"name":"wp","href":"https:\/\/api.w.org\/{rel}","templated":true}]}}