{"id":13535,"date":"2018-06-18T21:11:04","date_gmt":"2018-06-18T19:11:04","guid":{"rendered":"http:\/\/341.gvs.arnes.si\/wordpress\/?page_id=13535"},"modified":"2026-02-01T12:15:26","modified_gmt":"2026-02-01T11:15:26","slug":"pud-za-3-letnike","status":"publish","type":"page","link":"https:\/\/www.egss.si\/index.php\/pud-za-3-letnike\/","title":{"rendered":"PUD za 3. letnike"},"content":{"rendered":"<p><div class=\"fusion-fullwidth fullwidth-box fusion-builder-row-1 nonhundred-percent-fullwidth non-hundred-percent-height-scrolling\" style=\"--awb-border-radius-top-left:0px;--awb-border-radius-top-right:0px;--awb-border-radius-bottom-right:0px;--awb-border-radius-bottom-left:0px;--awb-padding-top:0px;--awb-padding-bottom:0px;--awb-background-color:#ffffff;--awb-flex-wrap:wrap;\" ><div class=\"fusion-builder-row fusion-row\"><div class=\"fusion-layout-column fusion_builder_column fusion-builder-column-0 fusion_builder_column_1_1 1_1 fusion-one-full fusion-column-first fusion-column-last\" style=\"--awb-bg-size:cover;--awb-margin-bottom:0px;\"><div class=\"fusion-column-wrapper fusion-flex-column-wrapper-legacy\"><div class=\"fusion-image-element fusion-image-align-center in-legacy-container\" style=\"text-align:center;--awb-caption-title-font-family:var(--h2_typography-font-family);--awb-caption-title-font-weight:var(--h2_typography-font-weight);--awb-caption-title-font-style:var(--h2_typography-font-style);--awb-caption-title-size:var(--h2_typography-font-size);--awb-caption-title-transform:var(--h2_typography-text-transform);--awb-caption-title-line-height:var(--h2_typography-line-height);--awb-caption-title-letter-spacing:var(--h2_typography-letter-spacing);\"><div class=\"imageframe-align-center\"><span class=\" fusion-imageframe imageframe-none imageframe-1 hover-type-none\" style=\"border-radius:5px;\"><img decoding=\"async\" width=\"1441\" height=\"223\" title=\"header_PUD 3 L\" src=\"http:\/\/www.egss.si\/wp-content\/uploads\/2019\/01\/header_PUD-3-L.png\" alt class=\"img-responsive wp-image-15183\" srcset=\"https:\/\/www.egss.si\/wp-content\/uploads\/2019\/01\/header_PUD-3-L-200x31.png 200w, https:\/\/www.egss.si\/wp-content\/uploads\/2019\/01\/header_PUD-3-L-400x62.png 400w, https:\/\/www.egss.si\/wp-content\/uploads\/2019\/01\/header_PUD-3-L-600x93.png 600w, https:\/\/www.egss.si\/wp-content\/uploads\/2019\/01\/header_PUD-3-L-800x124.png 800w, https:\/\/www.egss.si\/wp-content\/uploads\/2019\/01\/header_PUD-3-L-1200x186.png 1200w, https:\/\/www.egss.si\/wp-content\/uploads\/2019\/01\/header_PUD-3-L.png 1441w\" sizes=\"(max-width: 1050px) 100vw, 1200px\" \/><\/span><\/div><\/div><div class=\"fusion-clearfix\"><\/div><\/div><\/div><\/div><\/div><div class=\"fusion-fullwidth fullwidth-box fusion-builder-row-2 nonhundred-percent-fullwidth non-hundred-percent-height-scrolling\" style=\"--awb-border-radius-top-left:0px;--awb-border-radius-top-right:0px;--awb-border-radius-bottom-right:0px;--awb-border-radius-bottom-left:0px;--awb-padding-top:20px;--awb-flex-wrap:wrap;\" ><div class=\"fusion-builder-row fusion-row\"><div class=\"fusion-layout-column fusion_builder_column fusion-builder-column-1 fusion_builder_column_1_1 1_1 fusion-one-full fusion-column-first fusion-column-last\" style=\"--awb-bg-size:cover;\"><div class=\"fusion-column-wrapper fusion-flex-column-wrapper-legacy\"><div class=\"fusion-text fusion-text-1\"><h1>PRAKTI\u010cNO USPOSABLJANJE Z DELOM (PUD)<\/h1>\n<h1><\/h1>\n<p>V \u0161olskem letu 2025\/2026 bo prakti\u010dno usposabljanje z delom potekalo od petka, 22. maja, do srede, 17. junija 2026.<\/p>\n<p>Oddaja dokumentacije bo po razredih potekala v \u010detrtek, 18. junija, po razporedu, ki bo objavljen na spletni strani in po dogovoru.<\/p>\n<div>\n<p>Dijaki ekonomske in medijske smeri imajo v 3. letniku obvezno prakti\u010dno usposabljanje z delom (v nadaljevanju PUD).<\/p>\n<p>Cilj PUD-a je dijake pripraviti na realno delovno okolje in jim predstaviti vse vidike dela v podjetju oz. organizaciji. Tako dijaki spoznajo, kaj jim dejansko ustreza in kaj ne.<\/p>\n<p>Delodajalca si dijak poi\u0161\u010de sam glede na podro\u010dje, ki ga zanima.<br \/>\nDijakom svetujemo, da \u017ee od prvega letnika spremljajo informacije o mo\u017enih delodajalcih, saj jim bodo zelo prav pri\u0161le tudi pri iskanju zaposlitve po kon\u010danem \u0161olanju oz. \u0161tudiju.<br \/>\nV tretjem letniku nato dijaki skupaj z izbranimi u\u010ditelji napi\u0161ejo pro\u0161nje in jih po\u0161ljejo in\/ali osebno odnesejo izbranim delodajalcem.<\/p>\n<p>Pred opravljanjem PUD-a dijaki na \u0161oli opravijo izobra\u017eevanje in preizkus znanja s podro\u010dja varstva pri delu.<\/p>\n<p>Dijaki morajo najmanj 10 dni pred za\u010detkom PUD-a koordinatorki oddati izpolnjeno Najavo delovnega mesta. V \u0161oli nato pripravimo pogodbe in preostalo dokumentacijo, kar si lahko ogledate v priponkah. Pogodbe bomo poslali po po\u0161ti, preden dijaki odidejo na PUD.<\/p>\n<\/div>\n<\/div><div class=\"fusion-sep-clear\"><\/div><div class=\"fusion-separator fusion-full-width-sep\" style=\"margin-left: auto;margin-right: auto;margin-top:10px;margin-bottom:10px;width:100%;\"><\/div><div class=\"fusion-sep-clear\"><\/div><div class=\"fusion-text fusion-text-2\"><div>\n<h1>Pogoji za priznano prakso so:<\/h1>\n<\/div>\n<ul>\n<li>vestno opravljanje dela v obsegu 152 ur in<\/li>\n<li>na dolo\u010den datum (vsa naenkrat) oddana dokumentacija:\n<ul>\n<li>Poro\u010dilo o opravljanju PUD, napisano upo\u0161tevajo\u010d dana navodila;<\/li>\n<li>\u017digosana in podpisana Evidenca o opravljanju PUD;<\/li>\n<li>En \u017eigosan in podpisan izvod pogodbe med \u0161olo in delodajalcem.<\/li>\n<\/ul>\n<\/li>\n<\/ul>\n<div>Nepopolno oddani dokumenti se zavrnejo in PUD se ne prizna. \u0160tudentsko delo nikakor ne more biti nadomestilo za PUD.<\/div>\n<p>Dijakom, ki kljub vsemu trudu niso na\u0161li delodajalca, ga poi\u0161\u010de\/dolo\u010di \u0161ola, ne glede na dijakov interes glede podro\u010dja dela. Delodajalce i\u0161\u010demo na enak na\u010din kot dijaki; pokli\u010demo jih ali jim pi\u0161emo in prosimo za sprejem dijakov na PUD. \u017dal ni nabora delodajalcev, ki bi bili na voljo za sprejem dijakov. So le seznami delodajalcev, ki so v preteklosti sprejeli dijake na PUD.<\/p>\n<p>To je en izmed razlogov, da smo v \u0161olskem letu 2015\/2016 dijakom prvi\u010d ponudili opravljanje PUD v tujini. Odziv je bil izjemen. Tudi v prihodnje bomo razpise za PUD v tujini objavljali v mesecu novembru, in sicer na \u0161olski spletni strani.<\/p>\n<p>\u010ceprav je tekst pisan v mo\u0161ki spolni obliki, velja za oba spola.<\/p>\n<p>Helena Thilakarathna Velikanje<\/p>\n<\/div><div class=\"fusion-sep-clear\"><\/div><div class=\"fusion-separator fusion-full-width-sep\" style=\"margin-left: auto;margin-right: auto;margin-top:10px;margin-bottom:10px;width:100%;\"><\/div><div class=\"fusion-sep-clear\"><\/div><div class=\"fusion-clearfix\"><\/div><\/div><\/div><\/div><\/div><div class=\"fusion-fullwidth fullwidth-box fusion-builder-row-3 nonhundred-percent-fullwidth non-hundred-percent-height-scrolling\" style=\"--awb-border-radius-top-left:0px;--awb-border-radius-top-right:0px;--awb-border-radius-bottom-right:0px;--awb-border-radius-bottom-left:0px;--awb-flex-wrap:wrap;\" ><div class=\"fusion-builder-row fusion-row\"><div class=\"fusion-layout-column fusion_builder_column fusion-builder-column-2 fusion_builder_column_1_1 1_1 fusion-one-full fusion-column-first fusion-column-last\" style=\"--awb-bg-size:cover;\"><div class=\"fusion-column-wrapper fusion-flex-column-wrapper-legacy\"><div class=\"fusion-text fusion-text-3\" style=\"--awb-text-transform:none;\"><h1 style=\"text-align: left;\"><strong>Dokumenti, ki so povezani s prakso:<\/strong><\/h1>\n<p>Vzorci dokumentov so namenjeni seznanjanju z vsebino. Dijaki in delodajalci vsako leto prejmejo konkretne dokumente s pravimi datumi in poimenovanji. Pripravimo jih na \u0161oli ob upo\u0161tevanju aktualne zakonodaje.<\/p>\n<p><strong><a href=\"https:\/\/www.egss.si\/wp-content\/uploads\/2026\/02\/Pogodba_PUD_2026.pdf\" target=\"_blank\" rel=\"noopener\">Vzorec pogodbe za PUD za ET in MT 2026<\/a><\/strong><\/p>\n<p style=\"text-align: left;\"><a href=\"https:\/\/www.egss.si\/wp-content\/uploads\/2024\/09\/Najava_ucnega_mesta_2024-25.pdf\" target=\"_blank\" rel=\"noopener\">Najava u\u010dnega mesta za sklenitev u\u010dne pogodbe za PUD za leto 2024\/25 &#8211; v pripravi<\/a><\/p>\n<p style=\"text-align: left;\"><a href=\"https:\/\/www.egss.si\/wp-content\/uploads\/2022\/01\/Ekonomski_tehnik_program.pdf\" target=\"_blank\" rel=\"noopener\">Ekonomski tehnik &#8211; program<\/a><br \/>\n<a href=\"https:\/\/www.egss.si\/wp-content\/uploads\/2022\/01\/Medijski_tehnik_program.pdf\" target=\"_blank\" rel=\"noopener\">Medijski tehnik &#8211; program<\/a><\/p>\n<p style=\"text-align: left;\"><a href=\"https:\/\/www.egss.si\/wp-content\/uploads\/2022\/01\/Navodila_za_izdelavo_porocila_o_opravljanju_PUD.pdf\" target=\"_blank\" rel=\"noopener\">Navodila za izdelavo poro\u010dila o opravljanju PUD<\/a><\/p>\n<p style=\"text-align: left;\"><a href=\"https:\/\/www.egss.si\/wp-content\/uploads\/2022\/01\/Evidenca_o_opravljanju_PUD-a_ocenjevalni_list.pdf\" target=\"_blank\" rel=\"noopener\">Evidenca o opravljanju PUD-a, ocenjevalni list<\/a><\/p>\n<p style=\"text-align: left;\"><a href=\"https:\/\/www.egss.si\/wp-content\/uploads\/2022\/01\/Varovanje_osebnih_podatkov.pdf\" target=\"_blank\" rel=\"noopener\">Izjava o varovanju poslovne skrivnosti in o varovanju osebnih podatkov<\/a><\/p>\n<p style=\"text-align: left;\"><a href=\"https:\/\/www.egss.si\/wp-content\/uploads\/2022\/04\/Placilo_nagrade_PUD.pdf\" target=\"_blank\" rel=\"noopener\">Pla\u010dilo nagrade za PUD<\/a><\/p>\n<p><a href=\"https:\/\/www.egss.si\/wp-content\/uploads\/2022\/04\/Obrazec_REK-1a.pdf\" target=\"_blank\" rel=\"noopener\">Obrazec REK-1a<\/a><\/p>\n<\/div><div class=\"fusion-clearfix\"><\/div><\/div><\/div><\/div><\/div><\/p>\n","protected":false},"excerpt":{"rendered":"","protected":false},"author":3,"featured_media":0,"parent":0,"menu_order":0,"comment_status":"closed","ping_status":"closed","template":"100-width.php","meta":{"_monsterinsights_skip_tracking":false,"_monsterinsights_sitenote_active":false,"_monsterinsights_sitenote_note":"","_monsterinsights_sitenote_category":0,"two_page_speed":[],"footnotes":""},"class_list":["post-13535","page","type-page","status-publish","hentry"],"_links":{"self":[{"href":"https:\/\/www.egss.si\/index.php\/wp-json\/wp\/v2\/pages\/13535","targetHints":{"allow":["GET"]}}],"collection":[{"href":"https:\/\/www.egss.si\/index.php\/wp-json\/wp\/v2\/pages"}],"about":[{"href":"https:\/\/www.egss.si\/index.php\/wp-json\/wp\/v2\/types\/page"}],"author":[{"embeddable":true,"href":"https:\/\/www.egss.si\/index.php\/wp-json\/wp\/v2\/users\/3"}],"replies":[{"embeddable":true,"href":"https:\/\/www.egss.si\/index.php\/wp-json\/wp\/v2\/comments?post=13535"}],"version-history":[{"count":39,"href":"https:\/\/www.egss.si\/index.php\/wp-json\/wp\/v2\/pages\/13535\/revisions"}],"predecessor-version":[{"id":24856,"href":"https:\/\/www.egss.si\/index.php\/wp-json\/wp\/v2\/pages\/13535\/revisions\/24856"}],"wp:attachment":[{"href":"https:\/\/www.egss.si\/index.php\/wp-json\/wp\/v2\/media?parent=13535"}],"curies":[{"name":"wp","href":"https:\/\/api.w.org\/{rel}","templated":true}]}}