{"id":13409,"date":"2018-06-17T16:43:24","date_gmt":"2018-06-17T14:43:24","guid":{"rendered":"http:\/\/341.gvs.arnes.si\/wordpress\/?page_id=13409"},"modified":"2025-11-06T07:46:38","modified_gmt":"2025-11-06T06:46:38","slug":"matura","status":"publish","type":"page","link":"https:\/\/www.egss.si\/index.php\/matura\/","title":{"rendered":"Matura"},"content":{"rendered":"<p><div class=\"fusion-fullwidth fullwidth-box fusion-builder-row-1 nonhundred-percent-fullwidth non-hundred-percent-height-scrolling\" style=\"--awb-border-radius-top-left:0px;--awb-border-radius-top-right:0px;--awb-border-radius-bottom-right:0px;--awb-border-radius-bottom-left:0px;--awb-padding-top:0px;--awb-padding-bottom:0px;--awb-background-color:#ffffff;--awb-flex-wrap:wrap;\" ><div class=\"fusion-builder-row fusion-row\"><div class=\"fusion-layout-column fusion_builder_column fusion-builder-column-0 fusion_builder_column_1_1 1_1 fusion-one-full fusion-column-first fusion-column-last\" style=\"--awb-bg-size:cover;--awb-margin-bottom:0px;\"><div class=\"fusion-column-wrapper fusion-flex-column-wrapper-legacy\"><div class=\"fusion-image-element fusion-image-align-center in-legacy-container\" style=\"text-align:center;--awb-caption-title-font-family:var(--h2_typography-font-family);--awb-caption-title-font-weight:var(--h2_typography-font-weight);--awb-caption-title-font-style:var(--h2_typography-font-style);--awb-caption-title-size:var(--h2_typography-font-size);--awb-caption-title-transform:var(--h2_typography-text-transform);--awb-caption-title-line-height:var(--h2_typography-line-height);--awb-caption-title-letter-spacing:var(--h2_typography-letter-spacing);\"><div class=\"imageframe-align-center\"><span class=\" fusion-imageframe imageframe-none imageframe-1 hover-type-none\" style=\"border-radius:5px;\"><img decoding=\"async\" width=\"1441\" height=\"223\" title=\"header_MATURA\" src=\"http:\/\/www.egss.si\/wp-content\/uploads\/2019\/01\/header_MATURA.png\" alt class=\"img-responsive wp-image-15172\" srcset=\"https:\/\/www.egss.si\/wp-content\/uploads\/2019\/01\/header_MATURA-200x31.png 200w, https:\/\/www.egss.si\/wp-content\/uploads\/2019\/01\/header_MATURA-400x62.png 400w, https:\/\/www.egss.si\/wp-content\/uploads\/2019\/01\/header_MATURA-600x93.png 600w, https:\/\/www.egss.si\/wp-content\/uploads\/2019\/01\/header_MATURA-800x124.png 800w, https:\/\/www.egss.si\/wp-content\/uploads\/2019\/01\/header_MATURA-1200x186.png 1200w, https:\/\/www.egss.si\/wp-content\/uploads\/2019\/01\/header_MATURA.png 1441w\" sizes=\"(max-width: 1050px) 100vw, 1200px\" \/><\/span><\/div><\/div><div class=\"fusion-clearfix\"><\/div><\/div><\/div><\/div><\/div><div class=\"fusion-fullwidth fullwidth-box fusion-builder-row-2 nonhundred-percent-fullwidth non-hundred-percent-height-scrolling\" style=\"--awb-border-radius-top-left:0px;--awb-border-radius-top-right:0px;--awb-border-radius-bottom-right:0px;--awb-border-radius-bottom-left:0px;--awb-padding-top:20px;--awb-margin-top:20px;--awb-flex-wrap:wrap;\" ><div class=\"fusion-builder-row fusion-row\"><div class=\"fusion-layout-column fusion_builder_column fusion-builder-column-1 fusion_builder_column_1_3 1_3 fusion-one-third fusion-column-first\" style=\"--awb-bg-size:cover;width:33.333333333333%;width:calc(33.333333333333% - ( ( 4% + 4% ) * 0.33333333333333 ) );margin-right: 4%;\"><div class=\"fusion-column-wrapper fusion-flex-column-wrapper-legacy\"><div class=\"fusion-image-element fusion-image-align-center in-legacy-container\" style=\"text-align:center;--awb-caption-title-font-family:var(--h2_typography-font-family);--awb-caption-title-font-weight:var(--h2_typography-font-weight);--awb-caption-title-font-style:var(--h2_typography-font-style);--awb-caption-title-size:var(--h2_typography-font-size);--awb-caption-title-transform:var(--h2_typography-text-transform);--awb-caption-title-line-height:var(--h2_typography-line-height);--awb-caption-title-letter-spacing:var(--h2_typography-letter-spacing);\"><div class=\"imageframe-align-center\"><span class=\" fusion-imageframe imageframe-none imageframe-2 hover-type-none\" style=\"border-radius:5px;\"><a class=\"fusion-no-lightbox\" href=\"http:\/\/www.egss.si\/index.php\/splosna-matura\/\" target=\"_self\" aria-label=\"ekonomska_gimnazija_V\"><img decoding=\"async\" width=\"200\" height=\"200\" src=\"http:\/\/www.egss.si\/wp-content\/uploads\/2018\/07\/ekonomska_gimnazija_V-200x200.png\" alt class=\"img-responsive wp-image-14449\" srcset=\"https:\/\/www.egss.si\/wp-content\/uploads\/2018\/07\/ekonomska_gimnazija_V-200x200.png 200w, https:\/\/www.egss.si\/wp-content\/uploads\/2018\/07\/ekonomska_gimnazija_V-400x400.png 400w, https:\/\/www.egss.si\/wp-content\/uploads\/2018\/07\/ekonomska_gimnazija_V.png 501w\" sizes=\"(max-width: 1050px) 100vw, 400px\" \/><\/a><\/span><\/div><\/div><div class=\"fusion-sep-clear\"><\/div><div class=\"fusion-separator fusion-full-width-sep\" style=\"margin-left: auto;margin-right: auto;margin-top:10px;margin-bottom:10px;width:100%;\"><\/div><div class=\"fusion-sep-clear\"><\/div><div class=\"fusion-text fusion-text-1\"><h3 style=\"text-align: center;\">Splo\u0161na matura<\/h3>\n<\/div><div class=\"fusion-clearfix\"><\/div><\/div><\/div><div class=\"fusion-layout-column fusion_builder_column fusion-builder-column-2 fusion_builder_column_1_3 1_3 fusion-one-third\" style=\"--awb-bg-size:cover;width:33.333333333333%;width:calc(33.333333333333% - ( ( 4% + 4% ) * 0.33333333333333 ) );margin-right: 4%;\"><div class=\"fusion-column-wrapper fusion-flex-column-wrapper-legacy\"><div class=\"fusion-image-element fusion-image-align-center in-legacy-container\" style=\"text-align:center;--awb-caption-title-font-family:var(--h2_typography-font-family);--awb-caption-title-font-weight:var(--h2_typography-font-weight);--awb-caption-title-font-style:var(--h2_typography-font-style);--awb-caption-title-size:var(--h2_typography-font-size);--awb-caption-title-transform:var(--h2_typography-text-transform);--awb-caption-title-line-height:var(--h2_typography-line-height);--awb-caption-title-letter-spacing:var(--h2_typography-letter-spacing);\"><div class=\"imageframe-align-center\"><span class=\" fusion-imageframe imageframe-none imageframe-3 hover-type-none\" style=\"border-radius:5px;\"><a class=\"fusion-no-lightbox\" href=\"http:\/\/www.egss.si\/index.php\/poklicna-matura\" target=\"_self\" aria-label=\"poklicna_matura_V\"><img decoding=\"async\" width=\"200\" height=\"200\" src=\"http:\/\/www.egss.si\/wp-content\/uploads\/2018\/07\/poklicna_matura_V-200x200.png\" alt class=\"img-responsive wp-image-14421\" srcset=\"https:\/\/www.egss.si\/wp-content\/uploads\/2018\/07\/poklicna_matura_V-200x200.png 200w, https:\/\/www.egss.si\/wp-content\/uploads\/2018\/07\/poklicna_matura_V-400x400.png 400w, https:\/\/www.egss.si\/wp-content\/uploads\/2018\/07\/poklicna_matura_V.png 495w\" sizes=\"(max-width: 1050px) 100vw, 400px\" \/><\/a><\/span><\/div><\/div><div class=\"fusion-sep-clear\"><\/div><div class=\"fusion-separator fusion-full-width-sep\" style=\"margin-left: auto;margin-right: auto;margin-top:10px;margin-bottom:10px;width:100%;\"><\/div><div class=\"fusion-sep-clear\"><\/div><div class=\"fusion-text fusion-text-2\"><h3 style=\"text-align: center;\">Poklicna matura<\/h3>\n<\/div><div class=\"fusion-clearfix\"><\/div><\/div><\/div><div class=\"fusion-layout-column fusion_builder_column fusion-builder-column-3 fusion_builder_column_1_3 1_3 fusion-one-third fusion-column-last\" style=\"--awb-bg-size:cover;width:33.333333333333%;width:calc(33.333333333333% - ( ( 4% + 4% ) * 0.33333333333333 ) );\"><div class=\"fusion-column-wrapper fusion-flex-column-wrapper-legacy\"><div class=\"fusion-image-element fusion-image-align-center in-legacy-container\" style=\"text-align:center;--awb-caption-title-font-family:var(--h2_typography-font-family);--awb-caption-title-font-weight:var(--h2_typography-font-weight);--awb-caption-title-font-style:var(--h2_typography-font-style);--awb-caption-title-size:var(--h2_typography-font-size);--awb-caption-title-transform:var(--h2_typography-text-transform);--awb-caption-title-line-height:var(--h2_typography-line-height);--awb-caption-title-letter-spacing:var(--h2_typography-letter-spacing);\"><div class=\"imageframe-align-center\"><span class=\" fusion-imageframe imageframe-none imageframe-4 hover-type-none\" style=\"border-radius:5px;\"><a class=\"fusion-no-lightbox\" href=\"http:\/\/www.egss.si\/index.php\/maturitetni-koledar\/\" target=\"_self\" aria-label=\"koledar_V\"><img decoding=\"async\" width=\"200\" height=\"200\" src=\"http:\/\/www.egss.si\/wp-content\/uploads\/2019\/01\/koledar_V-200x200.png\" alt class=\"img-responsive wp-image-15347\" srcset=\"https:\/\/www.egss.si\/wp-content\/uploads\/2019\/01\/koledar_V-200x200.png 200w, https:\/\/www.egss.si\/wp-content\/uploads\/2019\/01\/koledar_V-400x400.png 400w, https:\/\/www.egss.si\/wp-content\/uploads\/2019\/01\/koledar_V.png 500w\" sizes=\"(max-width: 1050px) 100vw, 400px\" \/><\/a><\/span><\/div><\/div><div class=\"fusion-sep-clear\"><\/div><div class=\"fusion-separator fusion-full-width-sep\" style=\"margin-left: auto;margin-right: auto;margin-top:10px;margin-bottom:10px;width:100%;\"><\/div><div class=\"fusion-sep-clear\"><\/div><div class=\"fusion-text fusion-text-3\"><h3 style=\"text-align: center;\">Maturitetni koledar<\/h3>\n<\/div><div class=\"fusion-clearfix\"><\/div><\/div><\/div><\/div><\/div><div class=\"fusion-fullwidth fullwidth-box fusion-builder-row-3 nonhundred-percent-fullwidth non-hundred-percent-height-scrolling\" style=\"--awb-border-radius-top-left:0px;--awb-border-radius-top-right:0px;--awb-border-radius-bottom-right:0px;--awb-border-radius-bottom-left:0px;--awb-padding-top:20px;--awb-padding-bottom:20px;--awb-background-color:#ededed;--awb-flex-wrap:wrap;\" ><div class=\"fusion-builder-row fusion-row\"><div class=\"fusion-layout-column fusion_builder_column fusion-builder-column-4 fusion_builder_column_1_1 1_1 fusion-one-full fusion-column-first fusion-column-last\" style=\"--awb-bg-size:cover;\"><div class=\"fusion-column-wrapper fusion-flex-column-wrapper-legacy\"><div class=\"fusion-text fusion-text-4\"><h1 style=\"text-align: center;\">Uradne ure tajnice \u0160MK<\/h1>\n<p style=\"text-align: center;\"><span style=\"display: inline !important; float: none; background-color: transparent; color: #000000; font-family: 'Dosis-Light',helvetica; font-size: 16px; font-style: normal; font-variant: normal; font-weight: 400; letter-spacing: normal; orphans: 2; text-align: justify; text-decoration: none; text-indent: 0px; text-transform: none; -webkit-text-stroke-width: 0px; white-space: normal; word-spacing: 0px;\"> Uradne ure Nevenke Kun\u0161i\u010d, tajnice \u0160MK, so vsako sredo od 10.30 do 11.15<\/span><span style=\"display: inline !important; float: none; background-color: transparent; color: #000000; font-family: 'Dosis-Light',helvetica; font-size: 16px; font-style: normal; font-variant: normal; font-weight: 400; letter-spacing: normal; orphans: 2; text-align: justify; text-decoration: none; text-indent: 0px; text-transform: none; -webkit-text-stroke-width: 0px; white-space: normal; word-spacing: 0px;\">\u00a0oz. po predhodnem dogovoru.<\/span><br \/>\n<span style=\"display: inline !important; float: none; background-color: transparent; color: #000000; font-family: 'Dosis-Light',helvetica; font-size: 16px; font-style: normal; font-variant: normal; font-weight: 400; letter-spacing: normal; orphans: 2; text-align: justify; text-decoration: none; text-indent: 0px; text-transform: none; -webkit-text-stroke-width: 0px; white-space: normal; word-spacing: 0px;\"> Vpra\u0161anja lahko naslovite tudi na e-po\u0161to:\u00a0<a href=\"mailto:smk@egss.si\">smk@egss.si<\/a><\/span><\/p>\n<\/div><div class=\"fusion-clearfix\"><\/div><\/div><\/div><\/div><\/div><div class=\"fusion-fullwidth fullwidth-box fusion-builder-row-4 nonhundred-percent-fullwidth non-hundred-percent-height-scrolling\" style=\"--awb-border-radius-top-left:0px;--awb-border-radius-top-right:0px;--awb-border-radius-bottom-right:0px;--awb-border-radius-bottom-left:0px;--awb-padding-top:40px;--awb-padding-bottom:20px;--awb-flex-wrap:wrap;\" ><div class=\"fusion-builder-row fusion-row\"><div class=\"fusion-layout-column fusion_builder_column fusion-builder-column-5 fusion_builder_column_1_1 1_1 fusion-one-full fusion-column-first fusion-column-last\" style=\"--awb-bg-size:cover;\"><div class=\"fusion-column-wrapper fusion-flex-column-wrapper-legacy\"><div class=\"fusion-text fusion-text-5\" style=\"--awb-text-transform:none;\"><h1 style=\"text-align: center;\">\u0160olska maturitetna komisija za splo\u0161no maturo 2026<\/h1>\n<p style=\"text-align: center;\"><span style=\"display: inline !important; float: none; background-color: transparent; color: #000000; font-family: 'Dosis-Light',helvetica; font-size: 16px; font-style: normal; font-variant: normal; font-weight: 400; letter-spacing: normal; orphans: 2; text-align: justify; text-decoration: none; text-indent: 0px; text-transform: none; -webkit-text-stroke-width: 0px; white-space: normal; word-spacing: 0px;\">Ksenija LIPOV\u0160\u010cEK \u2013 predsednica \u0160MK<\/span><br \/>\n<span style=\"display: inline !important; float: none; background-color: transparent; color: #000000; font-family: 'Dosis-Light',helvetica; font-size: 16px; font-style: normal; font-variant: normal; font-weight: 400; letter-spacing: normal; orphans: 2; text-align: justify; text-decoration: none; text-indent: 0px; text-transform: none; -webkit-text-stroke-width: 0px; white-space: normal; word-spacing: 0px;\">Iztok MULEJ \u2013 namestnik predsednice \u0160MK<\/span><br \/>\n<span style=\"display: inline !important; float: none; background-color: transparent; color: #000000; font-family: 'Dosis-Light',helvetica; font-size: 16px; font-style: normal; font-variant: normal; font-weight: 400; letter-spacing: normal; orphans: 2; text-align: justify; text-decoration: none; text-indent: 0px; text-transform: none; -webkit-text-stroke-width: 0px; white-space: normal; word-spacing: 0px;\">Nevenka KUN\u0160I\u010c \u2013 tajnica \u0160MK<\/span><br \/>\n<span style=\"display: inline !important; float: none; background-color: transparent; color: #000000; font-family: 'Dosis-Light',helvetica; font-size: 16px; font-style: normal; font-variant: normal; font-weight: 400; letter-spacing: normal; orphans: 2; text-align: justify; text-decoration: none; text-indent: 0px; text-transform: none; -webkit-text-stroke-width: 0px; white-space: normal; word-spacing: 0px;\">Jasmina GREGORC \u2013 \u010dlanica<\/span><\/p>\n<p style=\"text-align: center;\"><span style=\"display: inline !important; float: none; background-color: transparent; color: #000000; font-family: 'Dosis-Light',helvetica; font-size: 16px; font-style: normal; font-variant: normal; font-weight: 400; letter-spacing: normal; orphans: 2; text-align: justify; text-decoration: none; text-indent: 0px; text-transform: none; -webkit-text-stroke-width: 0px; white-space: normal; word-spacing: 0px;\"> \u00a0 <\/span><\/p>\n<h1 style=\"text-align: center;\">\u0160olska maturitetna komisija za poklicno maturo 2026<\/h1>\n<p style=\"text-align: center;\"><span style=\"display: inline !important; float: none; background-color: transparent; color: #000000; font-family: 'Dosis-Light',helvetica; font-size: 16px; font-style: normal; font-variant: normal; font-weight: 400; letter-spacing: normal; orphans: 2; text-align: justify; text-decoration: none; text-indent: 0px; text-transform: none; -webkit-text-stroke-width: 0px; white-space: normal; word-spacing: 0px;\">Ksenija LIPOV\u0160\u010cEK \u2013 predsednica \u0160MK<\/span><br \/>\n<span style=\"display: inline !important; float: none; background-color: transparent; color: #000000; font-family: 'Dosis-Light',helvetica; font-size: 16px; font-style: normal; font-variant: normal; font-weight: 400; letter-spacing: normal; orphans: 2; text-align: justify; text-decoration: none; text-indent: 0px; text-transform: none; -webkit-text-stroke-width: 0px; white-space: normal; word-spacing: 0px;\">Iztok MULEJ \u2013 namestnik predsednice \u0160MK<\/span><br \/>\n<span style=\"display: inline !important; float: none; background-color: transparent; color: #000000; font-family: 'Dosis-Light',helvetica; font-size: 16px; font-style: normal; font-variant: normal; font-weight: 400; letter-spacing: normal; orphans: 2; text-align: justify; text-decoration: none; text-indent: 0px; text-transform: none; -webkit-text-stroke-width: 0px; white-space: normal; word-spacing: 0px;\">Nevenka KUN\u0160I\u010c \u2013 tajnica \u0160MK<\/span><br \/>\n<span style=\"display: inline !important; float: none; background-color: transparent; color: #000000; font-family: 'Dosis-Light',helvetica; font-size: 16px; font-style: normal; font-variant: normal; font-weight: 400; letter-spacing: normal; orphans: 2; text-align: justify; text-decoration: none; text-indent: 0px; text-transform: none; -webkit-text-stroke-width: 0px; white-space: normal; word-spacing: 0px;\">Ana HLEBANJA \u2013 \u010dlanica<\/span><br \/>\n<span style=\"display: inline !important; float: none; background-color: transparent; color: #000000; font-family: 'Dosis-Light',helvetica; font-size: 16px; font-style: normal; font-variant: normal; font-weight: 400; letter-spacing: normal; orphans: 2; text-align: justify; text-decoration: none; text-indent: 0px; text-transform: none; -webkit-text-stroke-width: 0px; white-space: normal; word-spacing: 0px;\">Lidija PER\u0160E \u2013 \u010dlanica<\/span><\/p>\n<p style=\"text-align: center;\"><span style=\"display: inline !important; float: none; background-color: transparent; color: #000000; font-family: 'Dosis-Light',helvetica; font-size: 16px; font-style: normal; font-variant: normal; font-weight: 400; letter-spacing: normal; orphans: 2; text-align: justify; text-decoration: none; text-indent: 0px; text-transform: none; -webkit-text-stroke-width: 0px; white-space: normal; word-spacing: 0px;\"> \u00a0 <\/span><\/p>\n<h1 style=\"text-align: center;\">\u010cas opravljanja mature<\/h1>\n<p style=\"text-align: center;\"><span style=\"display: inline !important; float: none; background-color: transparent; color: #000000; font-family: 'Dosis-Light',helvetica; font-size: 16px; font-style: normal; font-variant: normal; font-weight: 400; letter-spacing: normal; orphans: 2; text-align: justify; text-decoration: none; text-indent: 0px; text-transform: none; -webkit-text-stroke-width: 0px; white-space: normal; word-spacing: 0px;\">Pisni izpiti iz splo\u0161ne ali poklicne mature se za\u010dnejo vedno ob 9. uri. Kandidati se morajo zbrati v \u0161olski avli vsaj 20 minut pred za\u010detkom izpita.<\/span><\/p>\n<p style=\"text-align: center;\"><span style=\"display: inline !important; float: none; background-color: transparent; color: #000000; font-family: 'Dosis-Light',helvetica; font-size: 16px; font-style: normal; font-variant: normal; font-weight: 400; letter-spacing: normal; orphans: 2; text-align: justify; text-decoration: none; text-indent: 0px; text-transform: none; -webkit-text-stroke-width: 0px; white-space: normal; word-spacing: 0px;\"> Ve\u010d o maturi si lahko pogledate pod zavihkoma SPLO\u0160NA MATURA ali POKLICNA MATURA. <\/span><\/p>\n<\/div><div class=\"fusion-clearfix\"><\/div><\/div><\/div><\/div><\/div><\/p>\n","protected":false},"excerpt":{"rendered":"","protected":false},"author":3,"featured_media":0,"parent":0,"menu_order":0,"comment_status":"closed","ping_status":"closed","template":"100-width.php","meta":{"_monsterinsights_skip_tracking":false,"_monsterinsights_sitenote_active":false,"_monsterinsights_sitenote_note":"","_monsterinsights_sitenote_category":0,"two_page_speed":[],"footnotes":""},"class_list":["post-13409","page","type-page","status-publish","hentry"],"_links":{"self":[{"href":"https:\/\/www.egss.si\/index.php\/wp-json\/wp\/v2\/pages\/13409","targetHints":{"allow":["GET"]}}],"collection":[{"href":"https:\/\/www.egss.si\/index.php\/wp-json\/wp\/v2\/pages"}],"about":[{"href":"https:\/\/www.egss.si\/index.php\/wp-json\/wp\/v2\/types\/page"}],"author":[{"embeddable":true,"href":"https:\/\/www.egss.si\/index.php\/wp-json\/wp\/v2\/users\/3"}],"replies":[{"embeddable":true,"href":"https:\/\/www.egss.si\/index.php\/wp-json\/wp\/v2\/comments?post=13409"}],"version-history":[{"count":66,"href":"https:\/\/www.egss.si\/index.php\/wp-json\/wp\/v2\/pages\/13409\/revisions"}],"predecessor-version":[{"id":24638,"href":"https:\/\/www.egss.si\/index.php\/wp-json\/wp\/v2\/pages\/13409\/revisions\/24638"}],"wp:attachment":[{"href":"https:\/\/www.egss.si\/index.php\/wp-json\/wp\/v2\/media?parent=13409"}],"curies":[{"name":"wp","href":"https:\/\/api.w.org\/{rel}","templated":true}]}}