{"id":13403,"date":"2018-06-17T16:41:59","date_gmt":"2018-06-17T14:41:59","guid":{"rendered":"http:\/\/341.gvs.arnes.si\/wordpress\/?page_id=13403"},"modified":"2025-08-25T09:50:53","modified_gmt":"2025-08-25T07:50:53","slug":"izobrazevanje-odraslih","status":"publish","type":"page","link":"https:\/\/www.egss.si\/index.php\/izobrazevanje-odraslih\/","title":{"rendered":"Izobra\u017eevanje odraslih"},"content":{"rendered":"<p><div class=\"fusion-fullwidth fullwidth-box fusion-builder-row-1 nonhundred-percent-fullwidth non-hundred-percent-height-scrolling\" style=\"--awb-border-radius-top-left:0px;--awb-border-radius-top-right:0px;--awb-border-radius-bottom-right:0px;--awb-border-radius-bottom-left:0px;--awb-padding-top:0px;--awb-padding-bottom:0px;--awb-background-color:#ffffff;--awb-flex-wrap:wrap;\" ><div class=\"fusion-builder-row fusion-row\"><div class=\"fusion-layout-column fusion_builder_column fusion-builder-column-0 fusion_builder_column_1_1 1_1 fusion-one-full fusion-column-first fusion-column-last\" style=\"--awb-bg-size:cover;--awb-margin-bottom:0px;\"><div class=\"fusion-column-wrapper fusion-flex-column-wrapper-legacy\"><div class=\"fusion-image-element fusion-image-align-center in-legacy-container\" style=\"text-align:center;--awb-caption-title-font-family:var(--h2_typography-font-family);--awb-caption-title-font-weight:var(--h2_typography-font-weight);--awb-caption-title-font-style:var(--h2_typography-font-style);--awb-caption-title-size:var(--h2_typography-font-size);--awb-caption-title-transform:var(--h2_typography-text-transform);--awb-caption-title-line-height:var(--h2_typography-line-height);--awb-caption-title-letter-spacing:var(--h2_typography-letter-spacing);\"><div class=\"imageframe-align-center\"><span class=\" fusion-imageframe imageframe-none imageframe-1 hover-type-none\" style=\"border-radius:5px;\"><img decoding=\"async\" width=\"1441\" height=\"223\" title=\"header1_ODRASLI\" src=\"http:\/\/www.egss.si\/wp-content\/uploads\/2019\/01\/header1_ODRASLI.png\" alt class=\"img-responsive wp-image-15202\" srcset=\"https:\/\/www.egss.si\/wp-content\/uploads\/2019\/01\/header1_ODRASLI-200x31.png 200w, https:\/\/www.egss.si\/wp-content\/uploads\/2019\/01\/header1_ODRASLI-400x62.png 400w, https:\/\/www.egss.si\/wp-content\/uploads\/2019\/01\/header1_ODRASLI-600x93.png 600w, https:\/\/www.egss.si\/wp-content\/uploads\/2019\/01\/header1_ODRASLI-800x124.png 800w, https:\/\/www.egss.si\/wp-content\/uploads\/2019\/01\/header1_ODRASLI-1200x186.png 1200w, https:\/\/www.egss.si\/wp-content\/uploads\/2019\/01\/header1_ODRASLI.png 1441w\" sizes=\"(max-width: 1050px) 100vw, 1200px\" \/><\/span><\/div><\/div><div class=\"fusion-clearfix\"><\/div><\/div><\/div><\/div><\/div><div class=\"fusion-fullwidth fullwidth-box fusion-builder-row-2 nonhundred-percent-fullwidth non-hundred-percent-height-scrolling\" style=\"--awb-border-radius-top-left:0px;--awb-border-radius-top-right:0px;--awb-border-radius-bottom-right:0px;--awb-border-radius-bottom-left:0px;--awb-padding-top:20px;--awb-flex-wrap:wrap;\" ><div class=\"fusion-builder-row fusion-row\"><div class=\"fusion-layout-column fusion_builder_column fusion-builder-column-1 fusion_builder_column_1_2 1_2 fusion-one-half fusion-column-first\" style=\"--awb-bg-size:cover;width:50%;width:calc(50% - ( ( 4% ) * 0.5 ) );margin-right: 4%;\"><div class=\"fusion-column-wrapper fusion-flex-column-wrapper-legacy\"><div class=\"fusion-text fusion-text-1\" style=\"--awb-text-transform:none;\"><h1>Splo\u0161ne informacije<\/h1>\n<h3><\/h3>\n<div><strong>Telefonska \u0161tevilka:<\/strong> (04) 537 35 26<br \/>\n<strong>Elektronska po\u0161ta:<\/strong> <a href=\"mailto:info@egss.si\" target=\"_blank\" rel=\"noopener\">irena.pungercar@egss.si<\/a><br \/>\n<strong>Uradne ure:<\/strong> po dogovoru pri svetovalni delavki<\/div>\n<p><strong>Vodja izobra\u017eevanja odraslih:<\/strong> Irena Punger\u010dar, univ. dipl. psih.<\/p>\n<\/div><div class=\"fusion-clearfix\"><\/div><\/div><\/div><div class=\"fusion-layout-column fusion_builder_column fusion-builder-column-2 fusion_builder_column_1_2 1_2 fusion-one-half fusion-column-last\" style=\"--awb-bg-size:cover;width:50%;width:calc(50% - ( ( 4% ) * 0.5 ) );\"><div class=\"fusion-column-wrapper fusion-flex-column-wrapper-legacy\"><div class=\"fusion-sep-clear\"><\/div><div class=\"fusion-separator fusion-full-width-sep\" style=\"margin-left: auto;margin-right: auto;margin-top:10px;margin-bottom:10px;width:100%;\"><\/div><div class=\"fusion-sep-clear\"><\/div><div class=\"fusion-image-element fusion-image-align-center in-legacy-container\" style=\"text-align:center;--awb-caption-title-font-family:var(--h2_typography-font-family);--awb-caption-title-font-weight:var(--h2_typography-font-weight);--awb-caption-title-font-style:var(--h2_typography-font-style);--awb-caption-title-size:var(--h2_typography-font-size);--awb-caption-title-transform:var(--h2_typography-text-transform);--awb-caption-title-line-height:var(--h2_typography-line-height);--awb-caption-title-letter-spacing:var(--h2_typography-letter-spacing);\"><div class=\"imageframe-align-center\"><span class=\" fusion-imageframe imageframe-none imageframe-2 hover-type-none\" style=\"border-radius:5px;\"><img decoding=\"async\" width=\"300\" height=\"192\" title=\"02_izobrazevanje01\" src=\"http:\/\/www.egss.si\/wp-content\/uploads\/2018\/07\/02_izobrazevanje01-300x192.png\" alt class=\"img-responsive wp-image-13911\" srcset=\"https:\/\/www.egss.si\/wp-content\/uploads\/2018\/07\/02_izobrazevanje01-200x128.png 200w, https:\/\/www.egss.si\/wp-content\/uploads\/2018\/07\/02_izobrazevanje01-400x255.png 400w, https:\/\/www.egss.si\/wp-content\/uploads\/2018\/07\/02_izobrazevanje01.png 498w\" sizes=\"(max-width: 1050px) 100vw, 300px\" \/><\/span><\/div><\/div><div class=\"fusion-clearfix\"><\/div><\/div><\/div><\/div><\/div><div class=\"fusion-fullwidth fullwidth-box fusion-builder-row-3 nonhundred-percent-fullwidth non-hundred-percent-height-scrolling\" style=\"--awb-border-radius-top-left:0px;--awb-border-radius-top-right:0px;--awb-border-radius-bottom-right:0px;--awb-border-radius-bottom-left:0px;--awb-flex-wrap:wrap;\" ><div class=\"fusion-builder-row fusion-row\"><div class=\"fusion-layout-column fusion_builder_column fusion-builder-column-3 fusion_builder_column_1_1 1_1 fusion-one-full fusion-column-first fusion-column-last\" style=\"--awb-bg-size:cover;\"><div class=\"fusion-column-wrapper fusion-flex-column-wrapper-legacy\"><div class=\"fusion-sep-clear\"><\/div><div class=\"fusion-separator fusion-full-width-sep\" style=\"margin-left: auto;margin-right: auto;margin-top:10px;margin-bottom:10px;width:100%;\"><\/div><div class=\"fusion-sep-clear\"><\/div><div class=\"fusion-text fusion-text-2\" style=\"--awb-text-transform:none;\"><h1>Vpis kot ob\u010dan (osebe brez statusa dijaka)<\/h1>\n<p>Na EGS\u0160 Radovljica omogo\u010damo posameznikom, da se lahko vklju\u010dijo v izobra\u017eevalni program kot ob\u010dani kadarkoli med letom in opravljajo \u0161olske obveznosti pod enakimi pogoji kot vpisani dijaki.<\/p>\n<p>Ob\u010dan je oseba, ki nima statusa dijaka, kar pomeni, da nima pravic, ki izhajajo iz statusa dijaka, \u017eeli pa opravljati \u0161olske obveznosti, dolo\u010dene z izobra\u017eevalnimi programi:<br \/>\n\u2022 ekonomska gimnazija<br \/>\n\u2022 medijski tehnik<br \/>\n\u2022 ekonomski tehnik<\/p>\n<p>Oseba lahko kot ob\u010dan opravlja:<br \/>\n\u2022 izpite za dokon\u010danje izobra\u017eevalnega programa<br \/>\n\u2022 diferencialne izpite, ki so pogoj za vpis v redno izobra\u017eevanje v naslednjem \u0161olskem letu<\/p>\n<p>Za vpis potrebujete:<br \/>\na) letna spri\u010devala oz. obvestilo o uspehu o predhodnem \u0161olanju<br \/>\nb) osebni dokument<\/p>\n<p>Vpisnine ni.<\/p>\n<\/div><div class=\"fusion-sep-clear\"><\/div><div class=\"fusion-separator fusion-full-width-sep\" style=\"margin-left: auto;margin-right: auto;margin-top:10px;margin-bottom:10px;width:100%;\"><\/div><div class=\"fusion-sep-clear\"><\/div><div class=\"fusion-text fusion-text-3\"><h1>Opravljanje obveznosti<\/h1>\n<h1><\/h1>\n<p>Oseba, ki se vklju\u010duje kot ob\u010dan, si pred vklju\u010ditvijo pridobi vse informacije o predmetu, o na\u010dinu preverjanja in ocenjevanja znanja ter druge pomembne informacije za opravljanje predmeta.<\/p>\n<p>Ob\u010dan ima glede opravljanja posameznih obveznosti enake pravice in enake dol\u017enosti, kot veljajo za dijake v EGS\u0160. Kandidati se izobra\u017eujejo samostojno, obiskujejo konzultacije in opravljajo izpite.<\/p>\n<\/div><div class=\"fusion-sep-clear\"><\/div><div class=\"fusion-separator fusion-full-width-sep\" style=\"margin-left: auto;margin-right: auto;margin-top:10px;margin-bottom:10px;width:100%;\"><\/div><div class=\"fusion-sep-clear\"><\/div><div class=\"fusion-text fusion-text-4\"><h1>Postopek prijave<\/h1>\n<h1><\/h1>\n<p>Ob\u010dan lahko pristopi k vsem razpisanim izpitnim rokom, \u010de izpolnjuje pogoje za pristop k izpitu, ki veljajo za posamezen predmet.<\/p>\n<p>Izpolnjeno\u00a0<a href=\"https:\/\/www.egss.si\/wp-content\/uploads\/2021\/07\/Zapisnik_o_izpitu.pdf\">prijavnico na izpit<\/a>\u00a0po\u0161ljite na info@egss.si najkasneje 7 dni pred za\u010detkom izpitnih rokov ali jo osebno oddate pri koordinatorici izobra\u017eevanja odraslih.<\/p>\n<p>Ob prijavi na izpit prejmete polo\u017enico. V tej ceni je zajeta 1 konzultacija in 1 opravljanje izpita.\u00a0Dodatne konzultacije so pla\u010dljive posebej.<\/p>\n<p>Pogoj za udele\u017ebo na izpitnem roku je predhodno pla\u010dilo izvedbe\u00a0 izpita.<\/p>\n<p>Natan\u010den razpored izpitov bo objavljen na spletni strani \u0161oli.<\/p>\n<\/div><div class=\"fusion-sep-clear\"><\/div><div class=\"fusion-separator fusion-full-width-sep\" style=\"margin-left: auto;margin-right: auto;margin-top:10px;margin-bottom:10px;width:100%;\"><\/div><div class=\"fusion-sep-clear\"><\/div><div class=\"fusion-text fusion-text-5\" style=\"--awb-text-transform:none;\"><h1>Izpitni roki<\/h1>\n<p>1. izpitni rok: od 22. do 26. septembra 2025<br \/>\n2. izpitni rok: od 24. do 28. novembra 2025<br \/>\n3. izpitni rok: od 12. do 16. januarja 2026<br \/>\n4. izpitni rok: od 16. do 20. marca 2026<br \/>\n5. izpitni rok: od 29. junija do 3. julija 2026<br \/>\n6. izpitni rok: od 17. do 20. avgusta 2026<\/p>\n<p>Irena Punger\u010dar, vodja izobra\u017eevanja odraslih<\/p>\n<\/div><div class=\"fusion-sep-clear\"><\/div><div class=\"fusion-separator fusion-full-width-sep\" style=\"margin-left: auto;margin-right: auto;margin-top:10px;margin-bottom:10px;width:100%;\"><\/div><div class=\"fusion-sep-clear\"><\/div><div class=\"fusion-text fusion-text-6\"><h1>Govorilne ure profesorjev<\/h1>\n<p>Profesorje kontaktirajte po e-po\u0161ti: zavihek O \u0160OLI, podzavihek ZAPOSLENI.<\/p>\n<\/div><div class=\"fusion-sep-clear\"><\/div><div class=\"fusion-separator fusion-full-width-sep\" style=\"margin-left: auto;margin-right: auto;margin-top:10px;margin-bottom:10px;width:100%;\"><\/div><div class=\"fusion-sep-clear\"><\/div><div class=\"fusion-clearfix\"><\/div><\/div><\/div><\/div><\/div><\/p>\n","protected":false},"excerpt":{"rendered":"","protected":false},"author":3,"featured_media":0,"parent":0,"menu_order":0,"comment_status":"closed","ping_status":"closed","template":"100-width.php","meta":{"_monsterinsights_skip_tracking":false,"_monsterinsights_sitenote_active":false,"_monsterinsights_sitenote_note":"","_monsterinsights_sitenote_category":0,"two_page_speed":[],"footnotes":""},"class_list":["post-13403","page","type-page","status-publish","hentry"],"_links":{"self":[{"href":"https:\/\/www.egss.si\/index.php\/wp-json\/wp\/v2\/pages\/13403","targetHints":{"allow":["GET"]}}],"collection":[{"href":"https:\/\/www.egss.si\/index.php\/wp-json\/wp\/v2\/pages"}],"about":[{"href":"https:\/\/www.egss.si\/index.php\/wp-json\/wp\/v2\/types\/page"}],"author":[{"embeddable":true,"href":"https:\/\/www.egss.si\/index.php\/wp-json\/wp\/v2\/users\/3"}],"replies":[{"embeddable":true,"href":"https:\/\/www.egss.si\/index.php\/wp-json\/wp\/v2\/comments?post=13403"}],"version-history":[{"count":77,"href":"https:\/\/www.egss.si\/index.php\/wp-json\/wp\/v2\/pages\/13403\/revisions"}],"predecessor-version":[{"id":24350,"href":"https:\/\/www.egss.si\/index.php\/wp-json\/wp\/v2\/pages\/13403\/revisions\/24350"}],"wp:attachment":[{"href":"https:\/\/www.egss.si\/index.php\/wp-json\/wp\/v2\/media?parent=13403"}],"curies":[{"name":"wp","href":"https:\/\/api.w.org\/{rel}","templated":true}]}}