{"id":13394,"date":"2018-06-17T16:39:40","date_gmt":"2018-06-17T14:39:40","guid":{"rendered":"http:\/\/341.gvs.arnes.si\/wordpress\/?page_id=13394"},"modified":"2019-01-13T00:27:17","modified_gmt":"2019-01-12T23:27:17","slug":"ekonomski-tehnik","status":"publish","type":"page","link":"https:\/\/www.egss.si\/index.php\/ekonomski-tehnik\/","title":{"rendered":"Ekonomski tehnik"},"content":{"rendered":"<p><div class=\"fusion-fullwidth fullwidth-box fusion-builder-row-1 nonhundred-percent-fullwidth non-hundred-percent-height-scrolling\" style=\"--awb-border-radius-top-left:0px;--awb-border-radius-top-right:0px;--awb-border-radius-bottom-right:0px;--awb-border-radius-bottom-left:0px;--awb-padding-top:0px;--awb-padding-bottom:0px;--awb-background-color:#ea5e35;--awb-flex-wrap:wrap;\" ><div class=\"fusion-builder-row fusion-row\"><div class=\"fusion-layout-column fusion_builder_column fusion-builder-column-0 fusion_builder_column_1_1 1_1 fusion-one-full fusion-column-first fusion-column-last\" style=\"--awb-bg-size:cover;--awb-margin-bottom:0px;\"><div class=\"fusion-column-wrapper fusion-flex-column-wrapper-legacy\"><div class=\"fusion-image-element fusion-image-align-center in-legacy-container\" style=\"text-align:center;--awb-caption-title-font-family:var(--h2_typography-font-family);--awb-caption-title-font-weight:var(--h2_typography-font-weight);--awb-caption-title-font-style:var(--h2_typography-font-style);--awb-caption-title-size:var(--h2_typography-font-size);--awb-caption-title-transform:var(--h2_typography-text-transform);--awb-caption-title-line-height:var(--h2_typography-line-height);--awb-caption-title-letter-spacing:var(--h2_typography-letter-spacing);\"><div class=\"imageframe-align-center\"><span class=\" fusion-imageframe imageframe-none imageframe-1 hover-type-none\" style=\"border-radius:5px;\"><img decoding=\"async\" width=\"1441\" height=\"223\" title=\"header_ET\" src=\"http:\/\/www.egss.si\/wp-content\/uploads\/2019\/01\/header_ET.png\" alt class=\"img-responsive wp-image-15161\" srcset=\"https:\/\/www.egss.si\/wp-content\/uploads\/2019\/01\/header_ET-200x31.png 200w, https:\/\/www.egss.si\/wp-content\/uploads\/2019\/01\/header_ET-400x62.png 400w, https:\/\/www.egss.si\/wp-content\/uploads\/2019\/01\/header_ET-600x93.png 600w, https:\/\/www.egss.si\/wp-content\/uploads\/2019\/01\/header_ET-800x124.png 800w, https:\/\/www.egss.si\/wp-content\/uploads\/2019\/01\/header_ET-1200x186.png 1200w, https:\/\/www.egss.si\/wp-content\/uploads\/2019\/01\/header_ET.png 1441w\" sizes=\"(max-width: 1050px) 100vw, 1200px\" \/><\/span><\/div><\/div><div class=\"fusion-clearfix\"><\/div><\/div><\/div><\/div><\/div><div class=\"fusion-fullwidth fullwidth-box fusion-builder-row-2 nonhundred-percent-fullwidth non-hundred-percent-height-scrolling\" style=\"--awb-border-radius-top-left:0px;--awb-border-radius-top-right:0px;--awb-border-radius-bottom-right:0px;--awb-border-radius-bottom-left:0px;--awb-padding-top:20px;--awb-flex-wrap:wrap;\" ><div class=\"fusion-builder-row fusion-row\"><div class=\"fusion-layout-column fusion_builder_column fusion-builder-column-1 fusion_builder_column_2_3 2_3 fusion-two-third fusion-column-first\" style=\"--awb-bg-size:cover;width:66.666666666667%;width:calc(66.666666666667% - ( ( 4% ) * 0.66666666666667 ) );margin-right: 4%;\"><div class=\"fusion-column-wrapper fusion-flex-column-wrapper-legacy\"><div class=\"fusion-text fusion-text-1\"><h1 style=\"text-align: left;\">Ali te zanima podjetni\u0161ko sodelovanje?<\/h1>\n<p><strong>Bi rad delal v ban\u010dni\u0161tvu, zavarovalni\u0161tvu, ra\u010dunovodstvu ali komerciali, pa \u0161e nisi povsem odlo\u010den, \u010de bo\u0161 po kon\u010dani srednji \u0161oli nadaljeval s \u0161tudijem?<\/strong><br \/>\nProgram usposablja za \u0161tudij, za delo in za \u017eivljenje.<\/p>\n<p>U\u010di gospodarjenja z dobrinami, imetjem, denarnimi sredstvi in \u010dlove\u0161kimi viri (nalo\u017ebe, investicije, stro\u0161ki \u2026) ter posreduje znanje za odprtje lastnega podjetja.<\/p>\n<p>Razvija ve\u0161\u010dine za delo z informacijsko tehnologijo.<\/p>\n<p>Krepi ve\u0161\u010dine javnega nastopanja in uporabo znanja pri prakti\u010dnem usposabljanju v doma\u010dem in tujem zaposlitvenem okolju.<\/p>\n<p>Omogo\u010da takoj\u0161njo zaposlitev ali nadaljevanje izobra\u017eevanja na visokih in vi\u0161jih strokovnih \u0161tudijskih programih.<\/p>\n<p>Povezuje se z medijskimi vsebinami.<\/p>\n<\/div><div class=\"fusion-clearfix\"><\/div><\/div><\/div><div class=\"fusion-layout-column fusion_builder_column fusion-builder-column-2 fusion_builder_column_1_3 1_3 fusion-one-third fusion-column-last\" style=\"--awb-bg-size:cover;width:33.333333333333%;width:calc(33.333333333333% - ( ( 4% ) * 0.33333333333333 ) );\"><div class=\"fusion-column-wrapper fusion-flex-column-wrapper-legacy\"><div class=\"fusion-sep-clear\"><\/div><div class=\"fusion-separator fusion-full-width-sep\" style=\"margin-left: auto;margin-right: auto;margin-top:20px;margin-bottom:20px;width:100%;\"><\/div><div class=\"fusion-sep-clear\"><\/div><div class=\"fusion-image-element fusion-image-align-center in-legacy-container\" style=\"text-align:center;--awb-caption-title-font-family:var(--h2_typography-font-family);--awb-caption-title-font-weight:var(--h2_typography-font-weight);--awb-caption-title-font-style:var(--h2_typography-font-style);--awb-caption-title-size:var(--h2_typography-font-size);--awb-caption-title-transform:var(--h2_typography-text-transform);--awb-caption-title-line-height:var(--h2_typography-line-height);--awb-caption-title-letter-spacing:var(--h2_typography-letter-spacing);\"><div class=\"imageframe-align-center\"><span class=\" fusion-imageframe imageframe-none imageframe-2 hover-type-none\" style=\"border-radius:5px;\"><img decoding=\"async\" width=\"300\" height=\"300\" title=\"ekonomski_tehnik_V\" src=\"http:\/\/www.egss.si\/wp-content\/uploads\/2018\/07\/ekonomski_tehnik_V-300x300.png\" alt class=\"img-responsive wp-image-13837\" srcset=\"https:\/\/www.egss.si\/wp-content\/uploads\/2018\/07\/ekonomski_tehnik_V-200x200.png 200w, https:\/\/www.egss.si\/wp-content\/uploads\/2018\/07\/ekonomski_tehnik_V-400x400.png 400w, https:\/\/www.egss.si\/wp-content\/uploads\/2018\/07\/ekonomski_tehnik_V.png 500w\" sizes=\"(max-width: 1050px) 100vw, 400px\" \/><\/span><\/div><\/div><div class=\"fusion-clearfix\"><\/div><\/div><\/div><div class=\"fusion-layout-column fusion_builder_column fusion-builder-column-3 fusion_builder_column_1_3 1_3 fusion-one-third fusion-column-first\" style=\"--awb-bg-size:cover;width:33.333333333333%;width:calc(33.333333333333% - ( ( 4% ) * 0.33333333333333 ) );margin-right: 4%;\"><div class=\"fusion-column-wrapper fusion-flex-column-wrapper-legacy\"><div class=\"fusion-clearfix\"><\/div><\/div><\/div><div class=\"fusion-layout-column fusion_builder_column fusion-builder-column-4 fusion_builder_column_1_3 1_3 fusion-one-third fusion-column-last\" style=\"--awb-bg-size:cover;width:33.333333333333%;width:calc(33.333333333333% - ( ( 4% ) * 0.33333333333333 ) );\"><div class=\"fusion-column-wrapper fusion-flex-column-wrapper-legacy\"><div class=\"fusion-clearfix\"><\/div><\/div><\/div><\/div><\/div><div class=\"fusion-fullwidth fullwidth-box fusion-builder-row-3 nonhundred-percent-fullwidth non-hundred-percent-height-scrolling\" style=\"--awb-border-radius-top-left:0px;--awb-border-radius-top-right:0px;--awb-border-radius-bottom-right:0px;--awb-border-radius-bottom-left:0px;--awb-padding-top:10px;--awb-padding-bottom:10px;--awb-background-color:#cecacb;--awb-flex-wrap:wrap;\" ><div class=\"fusion-builder-row fusion-row\"><div class=\"fusion-layout-column fusion_builder_column fusion-builder-column-5 fusion_builder_column_1_1 1_1 fusion-one-full fusion-column-first fusion-column-last\" style=\"--awb-bg-size:cover;\"><div class=\"fusion-column-wrapper fusion-flex-column-wrapper-legacy\"><div class=\"fusion-text fusion-text-2\"><h1 style=\"text-align: center;\">Kako se program zaklju\u010di?<\/h1>\n<div style=\"text-align: center;\">Dijaki zaklju\u010dijo \u0161olanje s poklicno maturo, ki obsega \u0161tiri izpitne enote:<\/div>\n<div style=\"text-align: center;\"><\/div>\n<div style=\"text-align: center;\"><strong>sloven\u0161\u010dina<\/strong><\/div>\n<div style=\"text-align: center;\"><strong>strokovni predmet<\/strong><\/div>\n<div style=\"text-align: center;\"><strong>tuji jezik ali matematika<\/strong><\/div>\n<div style=\"text-align: center;\"><strong>izdelek z zagovorom<\/strong><\/div>\n<div><\/div>\n<div><\/div>\n<div>Dijaki, ki uspe\u0161no zaklju\u010dijo program ekonomski tehnik, se lahko vpi\u0161ejo v enoletni maturitetni te\u010daj in opravljajo splo\u0161no maturo. Ob poklicni maturi pa lahko opravljajo dodatni maturitetni predmet in si tako omogo\u010dijo vpis na nekatere fakultete.<\/div>\n<\/div><div class=\"fusion-clearfix\"><\/div><\/div><\/div><\/div><\/div><div class=\"fusion-fullwidth fullwidth-box fusion-builder-row-4 nonhundred-percent-fullwidth non-hundred-percent-height-scrolling\" style=\"--awb-border-radius-top-left:0px;--awb-border-radius-top-right:0px;--awb-border-radius-bottom-right:0px;--awb-border-radius-bottom-left:0px;--awb-flex-wrap:wrap;\" ><div class=\"fusion-builder-row fusion-row\"><div class=\"fusion-layout-column fusion_builder_column fusion-builder-column-6 fusion_builder_column_1_1 1_1 fusion-one-full fusion-column-first fusion-column-last\" style=\"--awb-bg-size:cover;\"><div class=\"fusion-column-wrapper fusion-flex-column-wrapper-legacy\"><div class=\"fusion-sep-clear\"><\/div><div class=\"fusion-separator fusion-full-width-sep\" style=\"margin-left: auto;margin-right: auto;margin-top:20px;margin-bottom:20px;width:100%;\"><\/div><div class=\"fusion-sep-clear\"><\/div><div class=\"fusion-text fusion-text-3\"><h1 style=\"text-align: center;\">SKUPNO \u0160TEVILO UR PROGRAMA EKONOMSKI TEHNIK<\/h1>\n<\/div><div class=\"fusion-image-element fusion-image-align-center in-legacy-container\" style=\"text-align:center;--awb-caption-title-font-family:var(--h2_typography-font-family);--awb-caption-title-font-weight:var(--h2_typography-font-weight);--awb-caption-title-font-style:var(--h2_typography-font-style);--awb-caption-title-size:var(--h2_typography-font-size);--awb-caption-title-transform:var(--h2_typography-text-transform);--awb-caption-title-line-height:var(--h2_typography-line-height);--awb-caption-title-letter-spacing:var(--h2_typography-letter-spacing);\"><div class=\"imageframe-align-center\"><span class=\" fusion-imageframe imageframe-none imageframe-3 hover-type-none\" style=\"border-radius:5px;\"><img decoding=\"async\" width=\"629\" height=\"850\" title=\"02 predmetnik ET\" src=\"http:\/\/www.egss.si\/wp-content\/uploads\/2018\/11\/02-predmetnik-ET.png\" alt class=\"img-responsive wp-image-14715\" srcset=\"https:\/\/www.egss.si\/wp-content\/uploads\/2018\/11\/02-predmetnik-ET-200x270.png 200w, https:\/\/www.egss.si\/wp-content\/uploads\/2018\/11\/02-predmetnik-ET-400x541.png 400w, https:\/\/www.egss.si\/wp-content\/uploads\/2018\/11\/02-predmetnik-ET-600x811.png 600w, https:\/\/www.egss.si\/wp-content\/uploads\/2018\/11\/02-predmetnik-ET.png 629w\" sizes=\"(max-width: 1050px) 100vw, 629px\" \/><\/span><\/div><\/div><div class=\"fusion-clearfix\"><\/div><\/div><\/div><\/div><\/div><div class=\"fusion-fullwidth fullwidth-box fusion-builder-row-5 nonhundred-percent-fullwidth non-hundred-percent-height-scrolling\" style=\"--awb-border-radius-top-left:0px;--awb-border-radius-top-right:0px;--awb-border-radius-bottom-right:0px;--awb-border-radius-bottom-left:0px;--awb-flex-wrap:wrap;\" ><div class=\"fusion-builder-row fusion-row\"><div class=\"fusion-layout-column fusion_builder_column fusion-builder-column-7 fusion_builder_column_1_3 1_3 fusion-one-third fusion-column-first\" style=\"--awb-bg-size:cover;width:33.333333333333%;width:calc(33.333333333333% - ( ( 4% ) * 0.33333333333333 ) );margin-right: 4%;\"><div class=\"fusion-column-wrapper fusion-flex-column-wrapper-legacy\"><div class=\"fusion-clearfix\"><\/div><\/div><\/div><\/div><\/div><\/p>\n","protected":false},"excerpt":{"rendered":"","protected":false},"author":3,"featured_media":0,"parent":0,"menu_order":0,"comment_status":"closed","ping_status":"closed","template":"100-width.php","meta":{"_monsterinsights_skip_tracking":false,"_monsterinsights_sitenote_active":false,"_monsterinsights_sitenote_note":"","_monsterinsights_sitenote_category":0,"two_page_speed":[],"footnotes":""},"class_list":["post-13394","page","type-page","status-publish","hentry"],"_links":{"self":[{"href":"https:\/\/www.egss.si\/index.php\/wp-json\/wp\/v2\/pages\/13394","targetHints":{"allow":["GET"]}}],"collection":[{"href":"https:\/\/www.egss.si\/index.php\/wp-json\/wp\/v2\/pages"}],"about":[{"href":"https:\/\/www.egss.si\/index.php\/wp-json\/wp\/v2\/types\/page"}],"author":[{"embeddable":true,"href":"https:\/\/www.egss.si\/index.php\/wp-json\/wp\/v2\/users\/3"}],"replies":[{"embeddable":true,"href":"https:\/\/www.egss.si\/index.php\/wp-json\/wp\/v2\/comments?post=13394"}],"version-history":[{"count":51,"href":"https:\/\/www.egss.si\/index.php\/wp-json\/wp\/v2\/pages\/13394\/revisions"}],"predecessor-version":[{"id":15404,"href":"https:\/\/www.egss.si\/index.php\/wp-json\/wp\/v2\/pages\/13394\/revisions\/15404"}],"wp:attachment":[{"href":"https:\/\/www.egss.si\/index.php\/wp-json\/wp\/v2\/media?parent=13394"}],"curies":[{"name":"wp","href":"https:\/\/api.w.org\/{rel}","templated":true}]}}