{"id":13327,"date":"2018-06-17T14:40:02","date_gmt":"2018-06-17T12:40:02","guid":{"rendered":"http:\/\/341.gvs.arnes.si\/wordpress\/?page_id=13327"},"modified":"2024-08-27T09:36:59","modified_gmt":"2024-08-27T07:36:59","slug":"svetovalna-sluzba","status":"publish","type":"page","link":"https:\/\/www.egss.si\/index.php\/svetovalna-sluzba\/","title":{"rendered":"Svetovalna slu\u017eba"},"content":{"rendered":"<p><div class=\"fusion-fullwidth fullwidth-box fusion-builder-row-1 nonhundred-percent-fullwidth non-hundred-percent-height-scrolling\" style=\"--awb-border-radius-top-left:0px;--awb-border-radius-top-right:0px;--awb-border-radius-bottom-right:0px;--awb-border-radius-bottom-left:0px;--awb-padding-top:0px;--awb-padding-bottom:0px;--awb-background-color:#ffffff;--awb-flex-wrap:wrap;\" ><div class=\"fusion-builder-row fusion-row\"><div class=\"fusion-layout-column fusion_builder_column fusion-builder-column-0 fusion_builder_column_1_1 1_1 fusion-one-full fusion-column-first fusion-column-last\" style=\"--awb-bg-size:cover;--awb-margin-bottom:0px;\"><div class=\"fusion-column-wrapper fusion-flex-column-wrapper-legacy\"><div class=\"fusion-image-element fusion-image-align-center in-legacy-container\" style=\"text-align:center;--awb-caption-title-font-family:var(--h2_typography-font-family);--awb-caption-title-font-weight:var(--h2_typography-font-weight);--awb-caption-title-font-style:var(--h2_typography-font-style);--awb-caption-title-size:var(--h2_typography-font-size);--awb-caption-title-transform:var(--h2_typography-text-transform);--awb-caption-title-line-height:var(--h2_typography-line-height);--awb-caption-title-letter-spacing:var(--h2_typography-letter-spacing);\"><div class=\"imageframe-align-center\"><span class=\" fusion-imageframe imageframe-none imageframe-1 hover-type-none\" style=\"border-radius:5px;\"><img decoding=\"async\" width=\"1441\" height=\"223\" title=\"header_SVETOVALNA\" src=\"http:\/\/www.egss.si\/wp-content\/uploads\/2019\/01\/header_SVETOVALNA.png\" alt class=\"img-responsive wp-image-15189\" srcset=\"https:\/\/www.egss.si\/wp-content\/uploads\/2019\/01\/header_SVETOVALNA-200x31.png 200w, https:\/\/www.egss.si\/wp-content\/uploads\/2019\/01\/header_SVETOVALNA-400x62.png 400w, https:\/\/www.egss.si\/wp-content\/uploads\/2019\/01\/header_SVETOVALNA-600x93.png 600w, https:\/\/www.egss.si\/wp-content\/uploads\/2019\/01\/header_SVETOVALNA-800x124.png 800w, https:\/\/www.egss.si\/wp-content\/uploads\/2019\/01\/header_SVETOVALNA-1200x186.png 1200w, https:\/\/www.egss.si\/wp-content\/uploads\/2019\/01\/header_SVETOVALNA.png 1441w\" sizes=\"(max-width: 1050px) 100vw, 1200px\" \/><\/span><\/div><\/div><div class=\"fusion-clearfix\"><\/div><\/div><\/div><\/div><\/div><div class=\"fusion-fullwidth fullwidth-box fusion-builder-row-2 nonhundred-percent-fullwidth non-hundred-percent-height-scrolling\" style=\"--awb-border-radius-top-left:0px;--awb-border-radius-top-right:0px;--awb-border-radius-bottom-right:0px;--awb-border-radius-bottom-left:0px;--awb-padding-top:40px;--awb-flex-wrap:wrap;\" ><div class=\"fusion-builder-row fusion-row\"><div class=\"fusion-layout-column fusion_builder_column fusion-builder-column-1 fusion_builder_column_2_3 2_3 fusion-two-third fusion-column-first\" style=\"--awb-bg-size:cover;width:66.666666666667%;width:calc(66.666666666667% - ( ( 4% ) * 0.66666666666667 ) );margin-right: 4%;\"><div class=\"fusion-column-wrapper fusion-flex-column-wrapper-legacy\"><div class=\"fusion-text fusion-text-1\"><p><strong>Irena PUNGER\u010cAR, univ. dipl. psih. &#8211; za 1. in 2. letnik<\/strong><br \/>\n<strong>Tel. \u0161tevilka: (04) 537 35 26<\/strong><br \/>\n<strong>Elektronska po\u0161ta: irena.pungercar@egss.si<\/strong><\/p>\n<p><strong>Francka Ropret, univ. dipl. psih. &#8211; za 3. in 4. letnik<\/strong><br \/>\n<strong>Tel. \u0161tevilka: (04) 537 35 18<\/strong><br \/>\n<strong>Elektronska po\u0161ta: francka.ropret@egss.si<\/strong><\/p>\n<p>Uradne ure:<\/p>\n<ul>\n<li>vsako dopoldne po predhodnem dogovoru,<\/li>\n<li>ob vsakih skupnih govorilnih urah v popoldanskem \u010dasu,<\/li>\n<li>na osebni razgovor po predhodnem dogovoru tudi v popoldanskem \u010dasu.<\/li>\n<\/ul>\n<p>Svetovalna slu\u017eba dijakom in star\u0161em nudi pomo\u010d v zvezi z naslednjimi podro\u010dji:<\/p>\n<ul>\n<li>laj\u0161anje te\u017eav na prehodu iz osnovne v srednjo \u0161olo,<\/li>\n<li>preusmeritev v drug program, ponavljanje, izpisi, prepisi,<\/li>\n<li>pomo\u010d pri izbolj\u0161evanju medsebojnih odnosov in vzdu\u0161ja v razredu,<\/li>\n<li>svetovanje v zvezi z izbiro poklica in nadaljnjim izobra\u017eevanjem,<\/li>\n<li>u\u010dna neuspe\u0161nost in neizpolnjevanje \u0161olskih obveznosti,<\/li>\n<li>vodenje pedago\u0161kih pogodb,<\/li>\n<li>pomo\u010d dijakom s prilagoditvami \u0161olskih obveznosti (\u0161portnikom, nadarjenim dijakom, tujcem, dijakom, ki se vzporedno izobra\u017eujejo, dijakom kulturnikom, dijakom s posebnimi potrebami,<\/li>\n<li>pomo\u010d dijakom z vedenjskimi in drugimi osebnostnimi te\u017eavami (potrtostjo, depresivnostjo, avtoagresivnim vedenjem, motnjami hranjenja ipd.).<\/li>\n<\/ul>\n<\/div><div class=\"fusion-sep-clear\"><\/div><div class=\"fusion-separator fusion-full-width-sep\" style=\"margin-left: auto;margin-right: auto;margin-top:10px;margin-bottom:10px;width:100%;\"><\/div><div class=\"fusion-sep-clear\"><\/div><div class=\"fusion-text fusion-text-2\"><p><a href=\"https:\/\/www.egss.si\/wp-content\/uploads\/2019\/02\/PRO\u0160NJA-ZA-PRE\u0160OLANJE-obrazec.pdf\" target=\"_blank\" rel=\"noopener\"><i class=\"fb-icon-element-1 fb-icon-element fontawesome-icon fa-file-alt far circle-yes fusion-text-flow\" style=\"--awb-circlebordersize:1px;--awb-font-size:28.16px;--awb-width:56.32px;--awb-height:56.32px;--awb-line-height:54.32px;--awb-margin-right:16px;\"><\/i>Pro\u0161nja za pre\u0161olanje (obrazec)<\/a><\/p>\n<p><a href=\"https:\/\/www.egss.si\/wp-content\/uploads\/2021\/02\/VODIC-PO-UCENJU-UCENJA-1.pptx\" target=\"_blank\" rel=\"noopener\"><i class=\"fb-icon-element-2 fb-icon-element fontawesome-icon fa-object-group far circle-yes fusion-text-flow\" style=\"--awb-circlebordersize:1px;--awb-font-size:28.16px;--awb-width:56.32px;--awb-height:56.32px;--awb-line-height:54.32px;--awb-margin-right:16px;\"><\/i>Vodi\u010d po u\u010denju u\u010denja<\/a><\/p>\n<\/div><div class=\"fusion-clearfix\"><\/div><\/div><\/div><div class=\"fusion-layout-column fusion_builder_column fusion-builder-column-2 fusion_builder_column_1_3 1_3 fusion-one-third fusion-column-last\" style=\"--awb-bg-size:cover;width:33.333333333333%;width:calc(33.333333333333% - ( ( 4% ) * 0.33333333333333 ) );\"><div class=\"fusion-column-wrapper fusion-flex-column-wrapper-legacy\"><div class=\"fusion-image-element fusion-image-align-center in-legacy-container\" style=\"text-align:center;--awb-caption-title-font-family:var(--h2_typography-font-family);--awb-caption-title-font-weight:var(--h2_typography-font-weight);--awb-caption-title-font-style:var(--h2_typography-font-style);--awb-caption-title-size:var(--h2_typography-font-size);--awb-caption-title-transform:var(--h2_typography-text-transform);--awb-caption-title-line-height:var(--h2_typography-line-height);--awb-caption-title-letter-spacing:var(--h2_typography-letter-spacing);\"><div class=\"imageframe-align-center\"><span class=\" fusion-imageframe imageframe-none imageframe-2 hover-type-none\" style=\"border-radius:5px;\"><img decoding=\"async\" width=\"293\" height=\"300\" title=\"01_svetovalna01\" src=\"http:\/\/www.egss.si\/wp-content\/uploads\/2018\/11\/01_svetovalna01-293x300.png\" alt class=\"img-responsive wp-image-14740\" srcset=\"https:\/\/www.egss.si\/wp-content\/uploads\/2018\/11\/01_svetovalna01-200x204.png 200w, https:\/\/www.egss.si\/wp-content\/uploads\/2018\/11\/01_svetovalna01-400x409.png 400w, https:\/\/www.egss.si\/wp-content\/uploads\/2018\/11\/01_svetovalna01.png 489w\" sizes=\"(max-width: 1050px) 100vw, 400px\" \/><\/span><\/div><\/div><div class=\"fusion-clearfix\"><\/div><\/div><\/div><\/div><\/div><\/p>\n","protected":false},"excerpt":{"rendered":"","protected":false},"author":3,"featured_media":0,"parent":0,"menu_order":0,"comment_status":"closed","ping_status":"closed","template":"100-width.php","meta":{"_monsterinsights_skip_tracking":false,"_monsterinsights_sitenote_active":false,"_monsterinsights_sitenote_note":"","_monsterinsights_sitenote_category":0,"two_page_speed":[],"footnotes":""},"class_list":["post-13327","page","type-page","status-publish","hentry"],"_links":{"self":[{"href":"https:\/\/www.egss.si\/index.php\/wp-json\/wp\/v2\/pages\/13327","targetHints":{"allow":["GET"]}}],"collection":[{"href":"https:\/\/www.egss.si\/index.php\/wp-json\/wp\/v2\/pages"}],"about":[{"href":"https:\/\/www.egss.si\/index.php\/wp-json\/wp\/v2\/types\/page"}],"author":[{"embeddable":true,"href":"https:\/\/www.egss.si\/index.php\/wp-json\/wp\/v2\/users\/3"}],"replies":[{"embeddable":true,"href":"https:\/\/www.egss.si\/index.php\/wp-json\/wp\/v2\/comments?post=13327"}],"version-history":[{"count":29,"href":"https:\/\/www.egss.si\/index.php\/wp-json\/wp\/v2\/pages\/13327\/revisions"}],"predecessor-version":[{"id":23221,"href":"https:\/\/www.egss.si\/index.php\/wp-json\/wp\/v2\/pages\/13327\/revisions\/23221"}],"wp:attachment":[{"href":"https:\/\/www.egss.si\/index.php\/wp-json\/wp\/v2\/media?parent=13327"}],"curies":[{"name":"wp","href":"https:\/\/api.w.org\/{rel}","templated":true}]}}